{"id":10,"date":"2023-12-12T19:48:11","date_gmt":"2023-12-12T19:48:11","guid":{"rendered":"http:\/\/www.rsateknoloji.com.tr\/?page_id=10"},"modified":"2023-12-12T19:48:11","modified_gmt":"2023-12-12T19:48:11","slug":"sepet","status":"publish","type":"page","link":"http:\/\/www.rsateknoloji.com.tr\/?page_id=10","title":{"rendered":"Sepet"},"content":{"rendered":"<div data-block-name=\"woocommerce\/cart\" class=\"wp-block-woocommerce-cart alignwide is-loading\"><div data-block-name=\"woocommerce\/filled-cart-block\" class=\"wp-block-woocommerce-filled-cart-block\"><div data-block-name=\"woocommerce\/cart-items-block\" class=\"wp-block-woocommerce-cart-items-block\"><div data-block-name=\"woocommerce\/cart-line-items-block\" class=\"wp-block-woocommerce-cart-line-items-block\"><\/div>\n\n<div data-block-name=\"woocommerce\/cart-cross-sells-block\" class=\"wp-block-woocommerce-cart-cross-sells-block\">\n<h2 class=\"wp-block-heading has-large-font-size\">\u0130lginizi \u00e7ekebilir\u2026<\/h2>\n\n\n<div data-block-name=\"woocommerce\/cart-cross-sells-products-block\" class=\"wp-block-woocommerce-cart-cross-sells-products-block\"><\/div><\/div><\/div>\n\n<div data-block-name=\"woocommerce\/cart-totals-block\" class=\"wp-block-woocommerce-cart-totals-block\"><div data-block-name=\"woocommerce\/cart-order-summary-block\" class=\"wp-block-woocommerce-cart-order-summary-block\"><div data-block-name=\"woocommerce\/cart-order-summary-heading-block\" class=\"wp-block-woocommerce-cart-order-summary-heading-block\"><\/div>\n\n<div data-block-name=\"woocommerce\/cart-order-summary-coupon-form-block\" class=\"wp-block-woocommerce-cart-order-summary-coupon-form-block\"><\/div>\n\n<div data-block-name=\"woocommerce\/cart-order-summary-subtotal-block\" class=\"wp-block-woocommerce-cart-order-summary-subtotal-block\"><\/div>\n\n<div data-block-name=\"woocommerce\/cart-order-summary-fee-block\" class=\"wp-block-woocommerce-cart-order-summary-fee-block\"><\/div>\n\n<div data-block-name=\"woocommerce\/cart-order-summary-discount-block\" class=\"wp-block-woocommerce-cart-order-summary-discount-block\"><\/div>\n\n<div data-block-name=\"woocommerce\/cart-order-summary-shipping-block\" class=\"wp-block-woocommerce-cart-order-summary-shipping-block\"><\/div>\n\n<div data-block-name=\"woocommerce\/cart-order-summary-taxes-block\" class=\"wp-block-woocommerce-cart-order-summary-taxes-block\"><\/div><\/div>\n\n<div data-block-name=\"woocommerce\/cart-express-payment-block\" class=\"wp-block-woocommerce-cart-express-payment-block\"><\/div>\n\n<div data-block-name=\"woocommerce\/proceed-to-checkout-block\" class=\"wp-block-woocommerce-proceed-to-checkout-block\"><\/div>\n\n<div data-block-name=\"woocommerce\/cart-accepted-payment-methods-block\" class=\"wp-block-woocommerce-cart-accepted-payment-methods-block\"><\/div><\/div><\/div>\n\n<div data-block-name=\"woocommerce\/empty-cart-block\" class=\"wp-block-woocommerce-empty-cart-block\">\n<h2 class=\"wp-block-heading has-text-align-center with-empty-cart-icon wc-block-cart__empty-cart__title\">Sepetiniz \u015fu anda bo\u015f!<\/h2>\n\n\n\n<hr class=\"wp-block-separator has-alpha-channel-opacity is-style-dots\"\/>\n\n\n\n<h2 class=\"wp-block-heading has-text-align-center\">Ma\u011fazada yeni<\/h2>\n\n\n<div data-block-name=\"woocommerce\/product-new\" data-columns=\"4\" data-rows=\"1\" class=\"wc-block-grid wp-block-product-new wc-block-product-new has-4-columns\"><ul class=\"wc-block-grid__products\"><li class=\"wc-block-grid__product\">\n\t\t\t\t<a href=\"http:\/\/www.rsateknoloji.com.tr\/?product=gameforce-raider-blue-switch-rainbow-mekanik-klavye\" class=\"wc-block-grid__product-link\">\n\t\t\t\t\t\n\t\t\t\t\t<div class=\"wc-block-grid__product-image\"><img loading=\"lazy\" decoding=\"async\" width=\"300\" height=\"300\" src=\"http:\/\/www.rsateknoloji.com.tr\/wp-content\/uploads\/2026\/04\/raider_kl_1-300x300.jpg\" class=\"attachment-woocommerce_thumbnail size-woocommerce_thumbnail\" alt=\"Gameforce Raider Blue Switch Rainbow Mekanik  Oyuncu Klavye\" srcset=\"http:\/\/www.rsateknoloji.com.tr\/wp-content\/uploads\/2026\/04\/raider_kl_1-300x300.jpg 300w, http:\/\/www.rsateknoloji.com.tr\/wp-content\/uploads\/2026\/04\/raider_kl_1-150x150.jpg 150w, http:\/\/www.rsateknoloji.com.tr\/wp-content\/uploads\/2026\/04\/raider_kl_1-768x768.jpg 768w, http:\/\/www.rsateknoloji.com.tr\/wp-content\/uploads\/2026\/04\/raider_kl_1-600x600.jpg 600w, http:\/\/www.rsateknoloji.com.tr\/wp-content\/uploads\/2026\/04\/raider_kl_1-100x100.jpg 100w, http:\/\/www.rsateknoloji.com.tr\/wp-content\/uploads\/2026\/04\/raider_kl_1.jpg 960w\" sizes=\"auto, (max-width: 300px) 100vw, 300px\" \/><\/div>\n\t\t\t\t\t<div class=\"wc-block-grid__product-title\">Gameforce Raider Blue Switch Rainbow Mekanik  Oyuncu Klavye<\/div>\n\t\t\t\t<\/a>\n\t\t\t\t<div class=\"wc-block-grid__product-price price\"><span class=\"woocommerce-Price-amount amount\"><span class=\"woocommerce-Price-currencySymbol\">&#8378;<\/span>1,299.90<\/span><\/div>\n\t\t\t\t\n\t\t\t\t<div class=\"wp-block-button wc-block-grid__product-add-to-cart\"><a href=\"?add-to-cart=665\" aria-label=\"Add &ldquo;Gameforce Raider Blue Switch Rainbow Mekanik  Oyuncu Klavye&rdquo; to your cart\" data-quantity=\"1\" data-product_id=\"665\" data-product_sku=\"\" data-price=\"1299.9\" rel=\"nofollow\" class=\"wp-block-button__link  add_to_cart_button ajax_add_to_cart\">Add to cart<\/a><\/div>\n\t\t\t<\/li><li class=\"wc-block-grid__product\">\n\t\t\t\t<a href=\"http:\/\/www.rsateknoloji.com.tr\/?product=gameforce-dragos-isi-gostergeli-4-bakir-borulu-3000rpm-220w-intel-amd-uyumlu-beyaz-kule-tipi-cpu-sogutucu\" class=\"wc-block-grid__product-link\">\n\t\t\t\t\t\n\t\t\t\t\t<div class=\"wc-block-grid__product-image\"><img loading=\"lazy\" decoding=\"async\" width=\"300\" height=\"300\" src=\"http:\/\/www.rsateknoloji.com.tr\/wp-content\/uploads\/2026\/04\/dragos_1-300x300.png\" class=\"attachment-woocommerce_thumbnail size-woocommerce_thumbnail\" alt=\"Gameforce Dragos Is\u0131 G\u00f6stergeli 4 Bak\u0131r Borulu 3000RPM 220W Intel &amp; AMD Uyumlu Beyaz Kule Tipi CPU So\u011futucu\" srcset=\"http:\/\/www.rsateknoloji.com.tr\/wp-content\/uploads\/2026\/04\/dragos_1-300x300.png 300w, http:\/\/www.rsateknoloji.com.tr\/wp-content\/uploads\/2026\/04\/dragos_1-150x150.png 150w, http:\/\/www.rsateknoloji.com.tr\/wp-content\/uploads\/2026\/04\/dragos_1-100x100.png 100w\" sizes=\"auto, (max-width: 300px) 100vw, 300px\" \/><\/div>\n\t\t\t\t\t<div class=\"wc-block-grid__product-title\">Gameforce Dragos Is\u0131 G\u00f6stergeli 4 Bak\u0131r Borulu 3000RPM 220W Intel &amp; AMD Uyumlu Beyaz Kule Tipi CPU So\u011futucu<\/div>\n\t\t\t\t<\/a>\n\t\t\t\t<div class=\"wc-block-grid__product-price price\"><span class=\"woocommerce-Price-amount amount\"><span class=\"woocommerce-Price-currencySymbol\">&#8378;<\/span>899.90<\/span><\/div>\n\t\t\t\t\n\t\t\t\t<div class=\"wp-block-button wc-block-grid__product-add-to-cart\"><a href=\"?add-to-cart=656\" aria-label=\"Add &ldquo;Gameforce Dragos Is\u0131 G\u00f6stergeli 4 Bak\u0131r Borulu 3000RPM 220W Intel &amp; AMD Uyumlu Beyaz Kule Tipi CPU So\u011futucu&rdquo; to your cart\" data-quantity=\"1\" data-product_id=\"656\" data-product_sku=\"\" data-price=\"899.9\" rel=\"nofollow\" class=\"wp-block-button__link  add_to_cart_button ajax_add_to_cart\">Add to cart<\/a><\/div>\n\t\t\t<\/li><li class=\"wc-block-grid__product\">\n\t\t\t\t<a href=\"http:\/\/www.rsateknoloji.com.tr\/?product=gameforce-raider-360mm-argb-beyaz-sivi-sogutucu-300w-tdp\" class=\"wc-block-grid__product-link\">\n\t\t\t\t\t\n\t\t\t\t\t<div class=\"wc-block-grid__product-image\"><img loading=\"lazy\" decoding=\"async\" width=\"300\" height=\"300\" src=\"http:\/\/www.rsateknoloji.com.tr\/wp-content\/uploads\/2026\/03\/360w-300x300.png\" class=\"attachment-woocommerce_thumbnail size-woocommerce_thumbnail\" alt=\"Gameforce Raider 360mm ARGB Beyaz S\u0131v\u0131 So\u011futucu 300w TDP\" srcset=\"http:\/\/www.rsateknoloji.com.tr\/wp-content\/uploads\/2026\/03\/360w-300x300.png 300w, http:\/\/www.rsateknoloji.com.tr\/wp-content\/uploads\/2026\/03\/360w-150x150.png 150w, http:\/\/www.rsateknoloji.com.tr\/wp-content\/uploads\/2026\/03\/360w-768x768.png 768w, http:\/\/www.rsateknoloji.com.tr\/wp-content\/uploads\/2026\/03\/360w-600x600.png 600w, http:\/\/www.rsateknoloji.com.tr\/wp-content\/uploads\/2026\/03\/360w-100x100.png 100w, http:\/\/www.rsateknoloji.com.tr\/wp-content\/uploads\/2026\/03\/360w.png 960w\" sizes=\"auto, (max-width: 300px) 100vw, 300px\" \/><\/div>\n\t\t\t\t\t<div class=\"wc-block-grid__product-title\">Gameforce Raider 360mm ARGB Beyaz S\u0131v\u0131 So\u011futucu 300w TDP<\/div>\n\t\t\t\t<\/a>\n\t\t\t\t<div class=\"wc-block-grid__product-price price\"><span class=\"woocommerce-Price-amount amount\"><span class=\"woocommerce-Price-currencySymbol\">&#8378;<\/span>3,049.90<\/span><\/div>\n\t\t\t\t\n\t\t\t\t<div class=\"wp-block-button wc-block-grid__product-add-to-cart\"><a href=\"?add-to-cart=642\" aria-label=\"Add &ldquo;Gameforce Raider 360mm ARGB Beyaz S\u0131v\u0131 So\u011futucu 300w TDP&rdquo; to your cart\" data-quantity=\"1\" data-product_id=\"642\" data-product_sku=\"\" data-price=\"3049.9\" rel=\"nofollow\" class=\"wp-block-button__link  add_to_cart_button ajax_add_to_cart\">Add to cart<\/a><\/div>\n\t\t\t<\/li><li class=\"wc-block-grid__product\">\n\t\t\t\t<a href=\"http:\/\/www.rsateknoloji.com.tr\/?product=gameforce-raider-360mm-argb-siyah-sivi-sogutucu-300w-tdp\" class=\"wc-block-grid__product-link\">\n\t\t\t\t\t\n\t\t\t\t\t<div class=\"wc-block-grid__product-image\"><img loading=\"lazy\" decoding=\"async\" width=\"300\" height=\"300\" src=\"http:\/\/www.rsateknoloji.com.tr\/wp-content\/uploads\/2026\/03\/360b-300x300.png\" class=\"attachment-woocommerce_thumbnail size-woocommerce_thumbnail\" alt=\"Gameforce Raider 360mm ARGB Siyah S\u0131v\u0131 So\u011futucu 300w TDP\" srcset=\"http:\/\/www.rsateknoloji.com.tr\/wp-content\/uploads\/2026\/03\/360b-300x300.png 300w, http:\/\/www.rsateknoloji.com.tr\/wp-content\/uploads\/2026\/03\/360b-150x150.png 150w, http:\/\/www.rsateknoloji.com.tr\/wp-content\/uploads\/2026\/03\/360b-768x768.png 768w, http:\/\/www.rsateknoloji.com.tr\/wp-content\/uploads\/2026\/03\/360b-600x600.png 600w, http:\/\/www.rsateknoloji.com.tr\/wp-content\/uploads\/2026\/03\/360b-100x100.png 100w, http:\/\/www.rsateknoloji.com.tr\/wp-content\/uploads\/2026\/03\/360b.png 960w\" sizes=\"auto, (max-width: 300px) 100vw, 300px\" \/><\/div>\n\t\t\t\t\t<div class=\"wc-block-grid__product-title\">Gameforce Raider 360mm ARGB Siyah S\u0131v\u0131 So\u011futucu 300w TDP<\/div>\n\t\t\t\t<\/a>\n\t\t\t\t<div class=\"wc-block-grid__product-price price\"><span class=\"woocommerce-Price-amount amount\"><span class=\"woocommerce-Price-currencySymbol\">&#8378;<\/span>2,999.90<\/span><\/div>\n\t\t\t\t\n\t\t\t\t<div class=\"wp-block-button wc-block-grid__product-add-to-cart\"><a href=\"?add-to-cart=639\" aria-label=\"Add &ldquo;Gameforce Raider 360mm ARGB Siyah S\u0131v\u0131 So\u011futucu 300w TDP&rdquo; to your cart\" data-quantity=\"1\" data-product_id=\"639\" data-product_sku=\"\" data-price=\"2999.9\" rel=\"nofollow\" class=\"wp-block-button__link  add_to_cart_button ajax_add_to_cart\">Add to cart<\/a><\/div>\n\t\t\t<\/li><\/ul><\/div><\/div><\/div>","protected":false},"excerpt":{"rendered":"","protected":false},"author":1,"featured_media":0,"parent":0,"menu_order":0,"comment_status":"closed","ping_status":"closed","template":"","meta":{"footnotes":""},"class_list":["post-10","page","type-page","status-publish","hentry"],"_links":{"self":[{"href":"http:\/\/www.rsateknoloji.com.tr\/index.php?rest_route=\/wp\/v2\/pages\/10","targetHints":{"allow":["GET"]}}],"collection":[{"href":"http:\/\/www.rsateknoloji.com.tr\/index.php?rest_route=\/wp\/v2\/pages"}],"about":[{"href":"http:\/\/www.rsateknoloji.com.tr\/index.php?rest_route=\/wp\/v2\/types\/page"}],"author":[{"embeddable":true,"href":"http:\/\/www.rsateknoloji.com.tr\/index.php?rest_route=\/wp\/v2\/users\/1"}],"replies":[{"embeddable":true,"href":"http:\/\/www.rsateknoloji.com.tr\/index.php?rest_route=%2Fwp%2Fv2%2Fcomments&post=10"}],"version-history":[{"count":0,"href":"http:\/\/www.rsateknoloji.com.tr\/index.php?rest_route=\/wp\/v2\/pages\/10\/revisions"}],"wp:attachment":[{"href":"http:\/\/www.rsateknoloji.com.tr\/index.php?rest_route=%2Fwp%2Fv2%2Fmedia&parent=10"}],"curies":[{"name":"wp","href":"https:\/\/api.w.org\/{rel}","templated":true}]}}