{"id":108,"date":"2023-12-12T22:10:04","date_gmt":"2023-12-12T22:10:04","guid":{"rendered":"http:\/\/www.rsateknoloji.com.tr\/?post_type=product&#038;p=108"},"modified":"2026-03-10T17:23:55","modified_gmt":"2026-03-10T17:23:55","slug":"gameforce-copper-2-intel-amd-cpu-sogutucu-islemci-fani","status":"publish","type":"product","link":"http:\/\/www.rsateknoloji.com.tr\/?product=gameforce-copper-2-intel-amd-cpu-sogutucu-islemci-fani","title":{"rendered":"Gameforce Copper 2 Intel\/Amd Cpu So\u011futucu \u0130\u015flemci Fan\u0131"},"content":{"rendered":"<ul class=\"a-unordered-list a-vertical a-spacing-mini\">\n<li class=\"a-spacing-mini\"><span class=\"a-list-item\"><img loading=\"lazy\" decoding=\"async\" class=\"alignnone size-medium wp-image-107\" src=\"http:\/\/www.rsateknoloji.com.tr\/wp-content\/uploads\/2023\/12\/cop2_1-276x300.png\" alt=\"\" width=\"276\" height=\"300\" srcset=\"http:\/\/www.rsateknoloji.com.tr\/wp-content\/uploads\/2023\/12\/cop2_1-276x300.png 276w, http:\/\/www.rsateknoloji.com.tr\/wp-content\/uploads\/2023\/12\/cop2_1.png 387w\" sizes=\"auto, (max-width: 276px) 100vw, 276px\" \/> <img loading=\"lazy\" decoding=\"async\" class=\"alignnone size-medium wp-image-103\" src=\"http:\/\/www.rsateknoloji.com.tr\/wp-content\/uploads\/2023\/12\/cop2_2-1-300x279.jpg\" alt=\"\" width=\"300\" height=\"279\" srcset=\"http:\/\/www.rsateknoloji.com.tr\/wp-content\/uploads\/2023\/12\/cop2_2-1-300x279.jpg 300w, http:\/\/www.rsateknoloji.com.tr\/wp-content\/uploads\/2023\/12\/cop2_2-1.jpg 600w\" sizes=\"auto, (max-width: 300px) 100vw, 300px\" \/> <img loading=\"lazy\" decoding=\"async\" class=\"alignnone size-medium wp-image-104\" src=\"http:\/\/www.rsateknoloji.com.tr\/wp-content\/uploads\/2023\/12\/cop2_3-1-300x248.jpg\" alt=\"\" width=\"300\" height=\"248\" srcset=\"http:\/\/www.rsateknoloji.com.tr\/wp-content\/uploads\/2023\/12\/cop2_3-1-300x248.jpg 300w, http:\/\/www.rsateknoloji.com.tr\/wp-content\/uploads\/2023\/12\/cop2_3-1.jpg 600w\" sizes=\"auto, (max-width: 300px) 100vw, 300px\" \/>Kaliteli 10 W \/ M &#8211; K Termal Macun PWM Fan GAMEFORCE COPPER 2 Intel \/ AMD Uyumlu CPU So\u011futucu CPU so\u011futucu ba\u015far\u0131l\u0131 so\u011futma teknolojisine sahip ve en zorlu i\u015flemlerde bile i\u015flemcinizin mevcut s\u0131cakl\u0131\u011f\u0131n\u0131 korur<\/span><\/li>\n<li class=\"a-spacing-mini\"><span class=\"a-list-item\">CPU g\u00fcvenli\u011fini en iyi seviyede tutar<\/span><\/li>\n<li class=\"a-spacing-mini\"><span class=\"a-list-item\">\u0130\u015flemciyi so\u011futan k\u0131s\u0131mda 2 saf bak\u0131r boru vard\u0131r<\/span><\/li>\n<li class=\"a-spacing-mini\"><span class=\"a-list-item\">Uyumlu Modeller: Intel : LGA775 \/ 115x Serisi \/ 1156 \/ 1151 \/ 1155 \/ 1150 \/ 1366 \/ 2011 \/ Core i5 \/ Core i3 Core 2 Quad \/ Core 2 Duo \/ Pentium \/ Celeron AMD : FM2+ \/ FM2 \/ FM1 \/ AM2 \/ AM3+ \/ AM3 \/ AM4+ \/ 940 \/ 939 \/ 754 \/ FX &#8211; Serisi \/ A &#8211; Serisi Phenom II X4 \/ X3 \/ Phenom X4 \/ X3 \/ Athlon II X2 \/ Athlon X2 \/ Athlon \/ Wempron Malzeme : Al\u00fcminyum ve 90mm 2 saf bak\u0131r \u0131s\u0131 borusu Fan Say\u0131s\u0131 : 2 x 90mm fan Kablo Uzunlu\u011fu : 210mm\u00a0 A\u011f\u0131rl\u0131k : 373g<\/span><\/li>\n<li>Amd braketi kutu i\u00e7inden \u00e7\u0131kmaz.<\/li>\n<\/ul>\n","protected":false},"excerpt":{"rendered":"<p>Kaliteli 10 W \/ M &#8211; K Termal Macun PWM Fan GAMEFORCE COPPER 2 Intel \/ AMD Uyumlu CPU So\u011futucu CPU so\u011futucu ba\u015far\u0131l\u0131 so\u011futma teknolojisine sahip ve en zorlu i\u015flemlerde bile i\u015flemcinizin mevcut s\u0131cakl\u0131\u011f\u0131n\u0131 korur CPU g\u00fcvenli\u011fini en iyi seviyede tutar \u0130\u015flemciyi so\u011futan k\u0131s\u0131mda 2 saf bak\u0131r boru vard\u0131r Uyumlu Modeller: Intel : LGA775 \/ [&hellip;]<\/p>\n","protected":false},"featured_media":110,"comment_status":"open","ping_status":"closed","template":"","meta":[],"product_cat":[20],"product_tag":[],"class_list":{"0":"post-108","1":"product","2":"type-product","3":"status-publish","4":"has-post-thumbnail","6":"product_cat-islemci-fani","8":"first","9":"instock","10":"shipping-taxable","11":"purchasable","12":"product-type-simple"},"_links":{"self":[{"href":"http:\/\/www.rsateknoloji.com.tr\/index.php?rest_route=\/wp\/v2\/product\/108","targetHints":{"allow":["GET"]}}],"collection":[{"href":"http:\/\/www.rsateknoloji.com.tr\/index.php?rest_route=\/wp\/v2\/product"}],"about":[{"href":"http:\/\/www.rsateknoloji.com.tr\/index.php?rest_route=\/wp\/v2\/types\/product"}],"replies":[{"embeddable":true,"href":"http:\/\/www.rsateknoloji.com.tr\/index.php?rest_route=%2Fwp%2Fv2%2Fcomments&post=108"}],"wp:featuredmedia":[{"embeddable":true,"href":"http:\/\/www.rsateknoloji.com.tr\/index.php?rest_route=\/wp\/v2\/media\/110"}],"wp:attachment":[{"href":"http:\/\/www.rsateknoloji.com.tr\/index.php?rest_route=%2Fwp%2Fv2%2Fmedia&parent=108"}],"wp:term":[{"taxonomy":"product_cat","embeddable":true,"href":"http:\/\/www.rsateknoloji.com.tr\/index.php?rest_route=%2Fwp%2Fv2%2Fproduct_cat&post=108"},{"taxonomy":"product_tag","embeddable":true,"href":"http:\/\/www.rsateknoloji.com.tr\/index.php?rest_route=%2Fwp%2Fv2%2Fproduct_tag&post=108"}],"curies":[{"name":"wp","href":"https:\/\/api.w.org\/{rel}","templated":true}]}}