{"id":125,"date":"2023-12-13T18:30:54","date_gmt":"2023-12-13T18:30:54","guid":{"rendered":"http:\/\/www.rsateknoloji.com.tr\/?post_type=product&#038;p=125"},"modified":"2026-03-10T17:23:35","modified_gmt":"2026-03-10T17:23:35","slug":"gameforce-copper-6-intel-amd-cpu-sogutucu-islemci-fani","status":"publish","type":"product","link":"http:\/\/www.rsateknoloji.com.tr\/?product=gameforce-copper-6-intel-amd-cpu-sogutucu-islemci-fani","title":{"rendered":"Gameforce Copper 6 Intel\/Amd Cpu So\u011futucu \u0130\u015flemci Fan\u0131"},"content":{"rendered":"<ul class=\"a-unordered-list a-vertical a-spacing-mini\">\n<li class=\"a-spacing-mini\"><span class=\"a-list-item\"><img loading=\"lazy\" decoding=\"async\" class=\"alignnone size-medium wp-image-130\" src=\"http:\/\/www.rsateknoloji.com.tr\/wp-content\/uploads\/2023\/12\/cop6_1-2-211x300.jpg\" alt=\"\" width=\"211\" height=\"300\" srcset=\"http:\/\/www.rsateknoloji.com.tr\/wp-content\/uploads\/2023\/12\/cop6_1-2-211x300.jpg 211w, http:\/\/www.rsateknoloji.com.tr\/wp-content\/uploads\/2023\/12\/cop6_1-2-600x854.jpg 600w, http:\/\/www.rsateknoloji.com.tr\/wp-content\/uploads\/2023\/12\/cop6_1-2.jpg 602w\" sizes=\"auto, (max-width: 211px) 100vw, 211px\" \/> <img loading=\"lazy\" decoding=\"async\" class=\"alignnone size-medium wp-image-129\" src=\"http:\/\/www.rsateknoloji.com.tr\/wp-content\/uploads\/2023\/12\/cop6_2-1-200x300.jpg\" alt=\"\" width=\"200\" height=\"300\" srcset=\"http:\/\/www.rsateknoloji.com.tr\/wp-content\/uploads\/2023\/12\/cop6_2-1-200x300.jpg 200w, http:\/\/www.rsateknoloji.com.tr\/wp-content\/uploads\/2023\/12\/cop6_2-1-683x1024.jpg 683w, http:\/\/www.rsateknoloji.com.tr\/wp-content\/uploads\/2023\/12\/cop6_2-1-768x1152.jpg 768w, http:\/\/www.rsateknoloji.com.tr\/wp-content\/uploads\/2023\/12\/cop6_2-1-1024x1536.jpg 1024w, http:\/\/www.rsateknoloji.com.tr\/wp-content\/uploads\/2023\/12\/cop6_2-1-600x900.jpg 600w, http:\/\/www.rsateknoloji.com.tr\/wp-content\/uploads\/2023\/12\/cop6_2-1.jpg 1200w\" sizes=\"auto, (max-width: 200px) 100vw, 200px\" \/>Kaliteli 10 W \/ M &#8211; K Termal Macun PWM Fan GAMEFORCE COPPER6 Intel \/ AMD Uyumlu CPU So\u011futucu CPU so\u011futucu ba\u015far\u0131l\u0131 so\u011futma teknolojisine sahip ve en zorlu i\u015flemlerde bile i\u015flemcinizin mevcut s\u0131cakl\u0131\u011f\u0131n\u0131 korur<\/span><\/li>\n<li class=\"a-spacing-mini\"><span class=\"a-list-item\">CPU g\u00fcvenli\u011fini en iyi seviyede tutar<\/span><\/li>\n<li class=\"a-spacing-mini\"><span class=\"a-list-item\">\u0130\u015flemciyi so\u011futan k\u0131s\u0131mda 6 saf bak\u0131r boru vard\u0131r<\/span><\/li>\n<li class=\"a-spacing-mini\"><span class=\"a-list-item\">Uyumlu Modeller: Intel : LGA775 \/ 115x Serisi \/ 1156 \/ 1151 \/ 1155 \/ 1150 \/ 1366 \/ 2011 \/ Core i5 \/ Core i3 Core 2 Quad \/ Core 2 Duo \/ Pentium \/ Celeron AMD : FM2 + \/ FM2 \/ FM1 \/ AM2 \/ AM3 + \/ AM3 \/ AM4 + \/ 940 \/ 939 \/ 754 \/ FX &#8211; Serisi \/ A &#8211; Serisi Phenom II X4 \/ X3 \/ Phenom X4 \/ X3 \/ Athlon II X2 \/ Athlon X2 \/ Athlon \/ Wempron Malzeme : Al\u00fcminyum ve 90mm 6 saf bak\u0131r \u0131s\u0131 borusu Fan Say\u0131s\u0131 : 3 x 90mm fan Kablo Uzunlu\u011fu : 210mm\u00a0 A\u011f\u0131rl\u0131k : 657g<\/span><\/li>\n<\/ul>\n","protected":false},"excerpt":{"rendered":"<p>Kaliteli 10 W \/ M &#8211; K Termal Macun PWM Fan GAMEFORCE COPPER6 Intel \/ AMD Uyumlu CPU So\u011futucu CPU so\u011futucu ba\u015far\u0131l\u0131 so\u011futma teknolojisine sahip ve en zorlu i\u015flemlerde bile i\u015flemcinizin mevcut s\u0131cakl\u0131\u011f\u0131n\u0131 korur CPU g\u00fcvenli\u011fini en iyi seviyede tutar \u0130\u015flemciyi so\u011futan k\u0131s\u0131mda 6 saf bak\u0131r boru vard\u0131r Uyumlu Modeller: Intel : LGA775 \/ 115x [&hellip;]<\/p>\n","protected":false},"featured_media":132,"comment_status":"open","ping_status":"closed","template":"","meta":[],"product_cat":[20],"product_tag":[],"class_list":{"0":"post-125","1":"product","2":"type-product","3":"status-publish","4":"has-post-thumbnail","6":"product_cat-islemci-fani","8":"first","9":"instock","10":"shipping-taxable","11":"purchasable","12":"product-type-simple"},"_links":{"self":[{"href":"http:\/\/www.rsateknoloji.com.tr\/index.php?rest_route=\/wp\/v2\/product\/125","targetHints":{"allow":["GET"]}}],"collection":[{"href":"http:\/\/www.rsateknoloji.com.tr\/index.php?rest_route=\/wp\/v2\/product"}],"about":[{"href":"http:\/\/www.rsateknoloji.com.tr\/index.php?rest_route=\/wp\/v2\/types\/product"}],"replies":[{"embeddable":true,"href":"http:\/\/www.rsateknoloji.com.tr\/index.php?rest_route=%2Fwp%2Fv2%2Fcomments&post=125"}],"wp:featuredmedia":[{"embeddable":true,"href":"http:\/\/www.rsateknoloji.com.tr\/index.php?rest_route=\/wp\/v2\/media\/132"}],"wp:attachment":[{"href":"http:\/\/www.rsateknoloji.com.tr\/index.php?rest_route=%2Fwp%2Fv2%2Fmedia&parent=125"}],"wp:term":[{"taxonomy":"product_cat","embeddable":true,"href":"http:\/\/www.rsateknoloji.com.tr\/index.php?rest_route=%2Fwp%2Fv2%2Fproduct_cat&post=125"},{"taxonomy":"product_tag","embeddable":true,"href":"http:\/\/www.rsateknoloji.com.tr\/index.php?rest_route=%2Fwp%2Fv2%2Fproduct_tag&post=125"}],"curies":[{"name":"wp","href":"https:\/\/api.w.org\/{rel}","templated":true}]}}