{"id":135,"date":"2023-12-13T18:53:27","date_gmt":"2023-12-13T18:53:27","guid":{"rendered":"http:\/\/www.rsateknoloji.com.tr\/?post_type=product&#038;p=135"},"modified":"2026-03-10T17:23:05","modified_gmt":"2026-03-10T17:23:05","slug":"gameforce-glass-4-x-120-mm-rainbow-fanli-oyuncu-kasasi","status":"publish","type":"product","link":"http:\/\/www.rsateknoloji.com.tr\/?product=gameforce-glass-4-x-120-mm-rainbow-fanli-oyuncu-kasasi","title":{"rendered":"Gameforce Glass 4 x 120 MM Rainbow Fanl\u0131 Oyuncu Kasas\u0131"},"content":{"rendered":"<h3 class=\"unf-sell-sub-title\">Gameforce Glass 4 x 120 MM Rainbow Fanl\u0131 Oyuncu Kasas\u0131<\/h3>\n<div class=\"unf-info-desc\">\n<div><img decoding=\"async\" src=\"https:\/\/n11scdn.akamaized.net\/a1\/org\/elektronik\/bilgisayar-kasasi\/gameforce-glass-4-x-120-mm-rainbow-fanli-oyuncu-kasasi__0995170611273201.png\" alt=\"\" border=\"0\" \/><\/div>\n<p>&nbsp;<\/p>\n<p>\u00b7Daha b\u00fcy\u00fck boyutlu kasalara g\u00f6re g\u00f6zle g\u00f6r\u00fcl\u00fcr kompakt orta boyut.<\/p>\n<p>\u00b7Temiz ve p\u00fcr\u00fczs\u00fcz bir manzara sa\u011flayan tamperli yan cam.<\/p>\n<p>\u00b7Siyah \u00fcst\u00fcne siyah estetik belirgin yeni tasar\u0131m.<\/p>\n<p>\u00b75 diske kadar esnek montaj alan\u0131.<\/p>\n<p>\u00b7Sa\u011flam metal s\u00fcr\u00fcc\u00fc demirleri ile d\u00fczg\u00fcn, sessiz ve g\u00fcvenli \u00e7al\u0131\u015fma.<\/p>\n<p>\u00b74\/6 adet 120mm montajl\u0131 Rainbow Fanlar ile minimal ses ve optimum hava ak\u0131\u015f\u0131.<\/p>\n<p>\u00b7A\u00e7\u0131k i\u00e7 tasar\u0131m ile \u00f6nden arkaya b\u00f6l\u00fcnmeyen hava ak\u0131\u015f\u0131.<\/p>\n<p>\u00b7\u00d6n, alt ve \u00fcstte temizlenmesi kolay hava filtreleri ile tam PSU \u00e7evrelemesi ve uygun \u00f6ne ula\u015f\u0131m.<\/p>\n<p>\u00b7Fazla kablolar\u0131n \u00f6ne \u00e7\u0131kmamas\u0131 ve hava ak\u0131\u015f\u0131n\u0131n bozulmamas\u0131 i\u00e7in tam PSU \u00e7evreleyen demir ile temiz i\u00e7 g\u00f6r\u00fcnt\u00fc.<\/p>\n<p>\u00b7Kablo ve rahat \u00e7al\u0131\u015fma alan\u0131 i\u00e7in anakart arkas\u0131nda 35mm\u2019ye kadar d\u00fczg\u00fcnce kesilmi\u015f bo\u015fluklar.<\/p>\n<p align=\"center\">GAMEFORCE GLASS \u00d6ZELL\u0130KLER<\/p>\n<table border=\"1\" cellspacing=\"0\" cellpadding=\"0\" align=\"left\">\n<tbody>\n<tr>\n<td valign=\"top\" width=\"198\">Model<\/td>\n<td valign=\"top\" width=\"499\">GLASS<\/td>\n<\/tr>\n<tr>\n<td valign=\"top\" width=\"198\">Power Supply Pozisyonu<\/td>\n<td valign=\"top\" width=\"499\">Altta<\/td>\n<\/tr>\n<tr>\n<td valign=\"top\" width=\"198\">So\u011futucu Fan<\/td>\n<td valign=\"top\" width=\"499\">4x120mm Rainbow Fan<\/td>\n<\/tr>\n<tr>\n<td valign=\"top\" width=\"198\">So\u011futucu Fan Pozisyonlar\u0131<\/td>\n<td valign=\"top\" width=\"499\">\u00d6n Panel \u2013 3x120mm<\/p>\n<p>Arka \u2013 1x120mm<\/p>\n<p>\u00dcst \u2013 2x120mm (Opsiyonlu)<\/td>\n<\/tr>\n<tr>\n<td valign=\"top\" width=\"198\">USB\/I.O<\/td>\n<td valign=\"top\" width=\"499\">3.0&#215;1+ 1.0&#215;2+HD.AUDIO<\/td>\n<\/tr>\n<tr>\n<td valign=\"top\" width=\"198\">HDD\/SSD<\/td>\n<td valign=\"top\" width=\"499\">HDDx1+SSDx1<\/td>\n<\/tr>\n<tr>\n<td valign=\"top\" width=\"198\">Anakart Deste\u011fi<\/td>\n<td valign=\"top\" width=\"499\">ATX, Micro ATX<\/td>\n<\/tr>\n<tr>\n<td valign=\"top\" width=\"198\">Demir Sac Kal\u0131nl\u0131\u011f\u0131<\/td>\n<td valign=\"top\" width=\"499\">0.45mm SPCC\/SGCC<\/td>\n<\/tr>\n<tr>\n<td valign=\"top\" width=\"198\">Boyut (Ayaklar Olmadan)<\/td>\n<td valign=\"top\" width=\"499\">335x190x435mm<\/td>\n<\/tr>\n<tr>\n<td valign=\"top\" width=\"198\">Kasa Boyutu<\/td>\n<td valign=\"top\" width=\"499\">378x190x447mm<\/td>\n<\/tr>\n<tr>\n<td valign=\"top\" width=\"198\">Kutu Boyutu<\/td>\n<td valign=\"top\" width=\"499\">500x245x445mm<\/td>\n<\/tr>\n<tr>\n<td valign=\"top\" width=\"198\">Net A\u011f\u0131rl\u0131k\/Toplam A\u011f\u0131rl\u0131k<\/td>\n<td valign=\"top\" width=\"499\">4kg\/4.7kg<\/td>\n<\/tr>\n<tr>\n<td valign=\"top\" width=\"198\">PCI Say\u0131s\u0131<\/td>\n<td valign=\"top\" width=\"499\">7<\/td>\n<\/tr>\n<tr>\n<td valign=\"top\" width=\"198\">Maksimum VGA Boyutu<\/td>\n<td valign=\"top\" width=\"499\">305mm<\/td>\n<\/tr>\n<tr>\n<td valign=\"top\" width=\"198\">Maksimum CPU Boyutu<\/td>\n<td valign=\"top\" width=\"499\">165mm<\/td>\n<\/tr>\n<\/tbody>\n<\/table>\n<\/div>\n","protected":false},"excerpt":{"rendered":"<p>Gameforce Glass 4 x 120 MM Rainbow Fanl\u0131 Oyuncu Kasas\u0131 &nbsp; \u00b7Daha b\u00fcy\u00fck boyutlu kasalara g\u00f6re g\u00f6zle g\u00f6r\u00fcl\u00fcr kompakt orta boyut. \u00b7Temiz ve p\u00fcr\u00fczs\u00fcz bir manzara sa\u011flayan tamperli yan cam. \u00b7Siyah \u00fcst\u00fcne siyah estetik belirgin yeni tasar\u0131m. \u00b75 diske kadar esnek montaj alan\u0131. \u00b7Sa\u011flam metal s\u00fcr\u00fcc\u00fc demirleri ile d\u00fczg\u00fcn, sessiz ve g\u00fcvenli \u00e7al\u0131\u015fma. \u00b74\/6 adet [&hellip;]<\/p>\n","protected":false},"featured_media":136,"comment_status":"open","ping_status":"closed","template":"","meta":[],"product_cat":[16,17],"product_tag":[],"class_list":{"0":"post-135","1":"product","2":"type-product","3":"status-publish","4":"has-post-thumbnail","6":"product_cat-bilgisayar-bilesenleri","7":"product_cat-kasalar","9":"first","10":"instock","11":"shipping-taxable","12":"purchasable","13":"product-type-simple"},"_links":{"self":[{"href":"http:\/\/www.rsateknoloji.com.tr\/index.php?rest_route=\/wp\/v2\/product\/135","targetHints":{"allow":["GET"]}}],"collection":[{"href":"http:\/\/www.rsateknoloji.com.tr\/index.php?rest_route=\/wp\/v2\/product"}],"about":[{"href":"http:\/\/www.rsateknoloji.com.tr\/index.php?rest_route=\/wp\/v2\/types\/product"}],"replies":[{"embeddable":true,"href":"http:\/\/www.rsateknoloji.com.tr\/index.php?rest_route=%2Fwp%2Fv2%2Fcomments&post=135"}],"wp:featuredmedia":[{"embeddable":true,"href":"http:\/\/www.rsateknoloji.com.tr\/index.php?rest_route=\/wp\/v2\/media\/136"}],"wp:attachment":[{"href":"http:\/\/www.rsateknoloji.com.tr\/index.php?rest_route=%2Fwp%2Fv2%2Fmedia&parent=135"}],"wp:term":[{"taxonomy":"product_cat","embeddable":true,"href":"http:\/\/www.rsateknoloji.com.tr\/index.php?rest_route=%2Fwp%2Fv2%2Fproduct_cat&post=135"},{"taxonomy":"product_tag","embeddable":true,"href":"http:\/\/www.rsateknoloji.com.tr\/index.php?rest_route=%2Fwp%2Fv2%2Fproduct_tag&post=135"}],"curies":[{"name":"wp","href":"https:\/\/api.w.org\/{rel}","templated":true}]}}