{"id":138,"date":"2023-12-13T19:31:01","date_gmt":"2023-12-13T19:31:01","guid":{"rendered":"http:\/\/www.rsateknoloji.com.tr\/?post_type=product&#038;p=138"},"modified":"2026-03-10T17:22:45","modified_gmt":"2026-03-10T17:22:45","slug":"gameforce-temper-4x120-mm-fan-rgb-kumandali-ve-kontrolculu-oyuncu-bilgisayar-kasasi","status":"publish","type":"product","link":"http:\/\/www.rsateknoloji.com.tr\/?product=gameforce-temper-4x120-mm-fan-rgb-kumandali-ve-kontrolculu-oyuncu-bilgisayar-kasasi","title":{"rendered":"Gameforce Temper 4&#215;120 MM Fan RGB Kumandal\u0131 ve Kontrolc\u00fcl\u00fc Oyuncu Bilgisayar Kasas\u0131"},"content":{"rendered":"<p>\u00d6n \/ Yan Panel : 4mm Temperli Cam<br \/>\n\u00dcst ve Alt Panelde Manyetik \u00c7\u0131kar\u0131labilir Filtre<\/p>\n<p>Anakart Deste\u011fi<br \/>\nATX, Micro-ATX, Mini-ITX<\/p>\n<p>\u00dcst Panel Portlar<br \/>\n1 x USB 3.0 Port, 2 x USB 2.0 Port, 1 x Audio Set<\/p>\n<p>Fanlar<br \/>\n\u00d6n : 3 x 120mm RGB \u00c7ift halka Fan<br \/>\nArka : 1 x 120mm RGB \u00c7ift halka Fan<br \/>\n\u00dcst Panel : 2 x 120mm (Opsiyonel)<\/p>\n<p>S\u00fcr\u00fcc\u00fc Yerleri<br \/>\nDahili 3.5&#8243; S\u00fcr\u00fcc\u00fc Yuvas\u0131 : 2<br \/>\nDahili 2.5\u201d HDD\/SSD S\u00fcr\u00fcc\u00fc Yeri : 3<\/p>\n<p>Boyutlar<br \/>\nKasa Boyut : 430 x 205 x 490 (mm)<br \/>\nKasa Kutu Boyut : 552 x 280 x 535 (mm)<\/p>\n<p>Maksimum Ekran Kart\u0131 Uzunlu\u011fu : 390 (mm)<br \/>\nMaksimum CPU So\u011futucu Y\u00fcksekli\u011fi : 160 (mm)<\/p>\n<p>Kutu \u0130\u00e7eri\u011fi<br \/>\nKasa<br \/>\nG\u00fc\u00e7 Kablosu<br \/>\nRF Uzaktan Kumanda (Fanlar \u0130\u00e7in)<br \/>\nFan Kontrol Hub<br \/>\nSistem Montaj\u0131 \u0130\u00e7in Gerekli Vidalar<\/p>\n<div>Kullan\u0131m K\u0131lavuzu ve Garanti Belgesi<\/div>\n<div><\/div>\n<div>\n<table>\n<tbody>\n<tr>\n<th scope=\"row\">Marka<\/th>\n<td>GameForce<\/td>\n<\/tr>\n<tr>\n<th scope=\"row\">\u00dcr\u00fcn \u0130smi<\/th>\n<td>Temper<\/td>\n<\/tr>\n<tr>\n<th scope=\"row\">Renk<\/th>\n<td>Siyah<\/td>\n<\/tr>\n<tr>\n<th scope=\"row\">Kasa Tipi<\/th>\n<td>Mid Tower<\/td>\n<\/tr>\n<tr>\n<th scope=\"row\">Anakart Deste\u011fi<\/th>\n<td>ATX, Micro ATX, Mini ITX<\/td>\n<\/tr>\n<tr>\n<th scope=\"row\">G\u00fc\u00e7 Kayna\u011f\u0131<\/th>\n<td>650W (80 Plus)<\/td>\n<\/tr>\n<tr>\n<th scope=\"row\">G\u00fc\u00e7 Kayna\u011f\u0131 Konumu<\/th>\n<td>Altta<\/td>\n<\/tr>\n<tr>\n<th scope=\"row\">Yan Panel<\/th>\n<td>\u00d6n \/ Yan Panel : 4mm Temperli Cam<\/td>\n<\/tr>\n<tr>\n<th scope=\"row\">\u00d6n Panel Portlar<\/th>\n<td>1 x USB 3.0 Port, 2 x USB 2.0 Port, HD Audio Set<\/td>\n<\/tr>\n<tr>\n<th scope=\"row\">Harici 5.25&#8243; S\u00fcr\u00fcc\u00fc Yuvas\u0131<\/th>\n<td>Yok<\/td>\n<\/tr>\n<tr>\n<th scope=\"row\">Harici 3.5&#8243; S\u00fcr\u00fcc\u00fc Yuvas\u0131<\/th>\n<td>Yok<\/td>\n<\/tr>\n<tr>\n<th scope=\"row\">Dahili 3.5&#8243; S\u00fcr\u00fcc\u00fc Yuvas\u0131<\/th>\n<td>2<\/td>\n<\/tr>\n<tr>\n<th scope=\"row\">Dahili 2.5\u201d HDD\/SSD S\u00fcr\u00fcc\u00fc Yeri<\/th>\n<td>3<\/td>\n<\/tr>\n<tr>\n<th scope=\"row\">Geni\u015fleme Yuvalar\u0131<\/th>\n<td>7<\/td>\n<\/tr>\n<tr>\n<th scope=\"row\">Fanlar<\/th>\n<td>\u00d6n : 3 x 120mm RGB \u00c7ift halka Fan<br \/>\nArka : 1 x 120mm RGB \u00c7ift halka Fan<br \/>\n\u00dcst Panel : 2 x 120mm (Opsiyonel)<\/td>\n<\/tr>\n<tr>\n<th scope=\"row\">Maks. Grafik Kart\u0131 Uzunluk<\/th>\n<td>390 (mm)<\/td>\n<\/tr>\n<tr>\n<th scope=\"row\">Maks. CPU So\u011futucu Y\u00fckseklik<\/th>\n<td>160 (mm)<\/td>\n<\/tr>\n<tr>\n<th scope=\"row\">Maks. PSU Uzunluk<\/th>\n<td>&#8211;<\/td>\n<\/tr>\n<tr>\n<th scope=\"row\">Yerle\u015fik Ayd\u0131nlatma Sistemi<\/th>\n<td>Dual-Ring RGB Fan + Uzaktan kumanda<\/td>\n<\/tr>\n<tr>\n<th scope=\"row\">Boyutlar<\/th>\n<td>Kasa Boyut : 405 x 205 x 490 (mm)<br \/>\nKasa Kutu Boyut : 550 x 280 x 490 (mm)<\/td>\n<\/tr>\n<tr>\n<th scope=\"row\">Garanti S\u00fcresi<\/th>\n<td>24 Ay<\/td>\n<\/tr>\n<\/tbody>\n<\/table>\n<\/div>\n","protected":false},"excerpt":{"rendered":"<p>\u00d6n \/ Yan Panel : 4mm Temperli Cam \u00dcst ve Alt Panelde Manyetik \u00c7\u0131kar\u0131labilir Filtre Anakart Deste\u011fi ATX, Micro-ATX, Mini-ITX \u00dcst Panel Portlar 1 x USB 3.0 Port, 2 x USB 2.0 Port, 1 x Audio Set Fanlar \u00d6n : 3 x 120mm RGB \u00c7ift halka Fan Arka : 1 x 120mm RGB \u00c7ift halka [&hellip;]<\/p>\n","protected":false},"featured_media":139,"comment_status":"open","ping_status":"closed","template":"","meta":[],"product_cat":[17],"product_tag":[],"class_list":{"0":"post-138","1":"product","2":"type-product","3":"status-publish","4":"has-post-thumbnail","6":"product_cat-kasalar","8":"first","9":"outofstock","10":"shipping-taxable","11":"purchasable","12":"product-type-simple"},"_links":{"self":[{"href":"http:\/\/www.rsateknoloji.com.tr\/index.php?rest_route=\/wp\/v2\/product\/138","targetHints":{"allow":["GET"]}}],"collection":[{"href":"http:\/\/www.rsateknoloji.com.tr\/index.php?rest_route=\/wp\/v2\/product"}],"about":[{"href":"http:\/\/www.rsateknoloji.com.tr\/index.php?rest_route=\/wp\/v2\/types\/product"}],"replies":[{"embeddable":true,"href":"http:\/\/www.rsateknoloji.com.tr\/index.php?rest_route=%2Fwp%2Fv2%2Fcomments&post=138"}],"wp:featuredmedia":[{"embeddable":true,"href":"http:\/\/www.rsateknoloji.com.tr\/index.php?rest_route=\/wp\/v2\/media\/139"}],"wp:attachment":[{"href":"http:\/\/www.rsateknoloji.com.tr\/index.php?rest_route=%2Fwp%2Fv2%2Fmedia&parent=138"}],"wp:term":[{"taxonomy":"product_cat","embeddable":true,"href":"http:\/\/www.rsateknoloji.com.tr\/index.php?rest_route=%2Fwp%2Fv2%2Fproduct_cat&post=138"},{"taxonomy":"product_tag","embeddable":true,"href":"http:\/\/www.rsateknoloji.com.tr\/index.php?rest_route=%2Fwp%2Fv2%2Fproduct_tag&post=138"}],"curies":[{"name":"wp","href":"https:\/\/api.w.org\/{rel}","templated":true}]}}