{"id":145,"date":"2023-12-13T19:34:02","date_gmt":"2023-12-13T19:34:02","guid":{"rendered":"http:\/\/www.rsateknoloji.com.tr\/?post_type=product&#038;p=145"},"modified":"2026-03-10T17:22:39","modified_gmt":"2026-03-10T17:22:39","slug":"gameforce-dualring-4x120mm-sese-duyarli-a-rgb-kasa-fani","status":"publish","type":"product","link":"http:\/\/www.rsateknoloji.com.tr\/?product=gameforce-dualring-4x120mm-sese-duyarli-a-rgb-kasa-fani","title":{"rendered":"Gameforce Dualr\u0131ng 4X120Mm Sese Duyarl\u0131 A Rgb Kasa Fan\u0131"},"content":{"rendered":"<h3 class=\"unf-sell-sub-title\">Gameforce Dualr\u0131ng 4X120Mm Sese Duyarl\u0131 A Rgb Kasa Fan\u0131<\/h3>\n<div class=\"unf-info-desc\">\n<p align=\"center\"><img decoding=\"async\" src=\"https:\/\/n11scdn.akamaized.net\/a1\/org\/elektronik\/sogutucu-ve-fan\/gameforcedualring-4x120mm-sese-duyarli-a-rgb-kasa-fani__0738806534103341.png\" alt=\"\" border=\"0\" \/><\/p>\n<p align=\"center\">B\u00fcy\u00fcleyici Renkler, M\u00fckemmel So\u011futma<\/p>\n<p align=\"center\">GAMEFORCE olarak uygun fiyatl\u0131 ve performans odakl\u0131 oyuncu ekipmanlar\u0131 ile sizlere hizmet vermeye devam etmekteyiz. B\u00fcy\u00fcleyici renkleri ve \u00e7ift tarafl\u0131 RGB ayd\u0131nlatmas\u0131yla g\u00f6rsel bir \u015f\u00f6len sunarken ayn\u0131 zamanda etkili bir \u015fekilde so\u011futma sa\u011flamaktad\u0131r.<\/p>\n<p>&nbsp;<\/p>\n<p>&nbsp;<\/p>\n<p align=\"center\">Sese Duyarl\u0131 ve Senkronize Fanlar<\/p>\n<p align=\"center\">Fanlar\u0131n\u0131z \u00e7ald\u0131\u011f\u0131n\u0131z m\u00fczik, oynad\u0131\u011f\u0131n\u0131z oyun ve izledi\u011finiz filmlerdeki sesler ile senkronize olarak farkl\u0131 modlarda renk de\u011fi\u015ftirip bulundu\u011funuz ortama ambiyans katmaktad\u0131r.<\/p>\n<p align=\"center\"><img decoding=\"async\" src=\"https:\/\/n11scdn.akamaized.net\/a1\/org\/elektronik\/sogutucu-ve-fan\/gameforcedualring-4x120mm-sese-duyarli-a-rgb-kasa-fani__1561821178352377.jpg\" alt=\"\" border=\"0\" \/><\/p>\n<p align=\"center\">Kontrolc\u00fc ve Uzaktan Kumanda<\/p>\n<p align=\"center\">RGB ayd\u0131nlatmal\u0131 kontrolc\u00fc ve uzaktan kumandas\u0131 ile fanlar\u0131n\u0131z\u0131n efektlerini de\u011fi\u015ftirebilir, d\u00f6n\u00fc\u015f h\u0131zlar\u0131n\u0131 kontrol edebilir yada tamamen kapatabilmenize olanak sa\u011flamaktad\u0131r<\/p>\n<p align=\"center\"><img decoding=\"async\" src=\"https:\/\/n11scdn.akamaized.net\/a1\/org\/elektronik\/sogutucu-ve-fan\/gameforcedualring-4x120mm-sese-duyarli-a-rgb-kasa-fani__1356145964546395.jpg\" alt=\"\" border=\"0\" \/><\/p>\n<p align=\"center\">Uyumluluk<\/p>\n<p align=\"center\">Fanlar\u0131m\u0131z yayg\u0131n olarak kullan\u0131lan global markalar\u0131n yaz\u0131l\u0131mlar\u0131n\u0131 desteklemektedir. ( Asus Auro Sync, Msi Mystic Light Sync, Gigabyte Rgb Fusion ) 120mm ba\u011flant\u0131 noktas\u0131 bulunan t\u00fcm kasalarda sorunsuz olarak kullanabilirsiniz.<\/p>\n<p>&nbsp;<\/p>\n<p>&nbsp;<\/p>\n<p>&nbsp;<\/p>\n<p>&nbsp;<\/p>\n<p>&nbsp;<\/p>\n<p>Teknik \u00d6zellikler<\/p>\n<p>Model : GF4110 &#8211; DUALRING<\/p>\n<p>Rulman Tipi : Hidrolik Rulman<\/p>\n<p>Devir H\u0131z\u0131 : 1200rpm\u00b1100<\/p>\n<p>G\u00fcr\u00fclt\u00fc Seviyesi : 20,50dB<\/p>\n<p>Fan Boyutu : 120mm<\/p>\n<p>\u00d6zellikleri : \u015eoklara dayan\u0131kl\u0131<\/p>\n<p>Kanat Say\u0131s\u0131 : 11<\/p>\n<p>Dahili Kablo : 5V anakart ba\u011flant\u0131 kablosu<\/p>\n<p>I\u015f\u0131kland\u0131rma : Her fanda 16 adet LED<\/p>\n<\/div>\n","protected":false},"excerpt":{"rendered":"<p>Gameforce Dualr\u0131ng 4X120Mm Sese Duyarl\u0131 A Rgb Kasa Fan\u0131 B\u00fcy\u00fcleyici Renkler, M\u00fckemmel So\u011futma GAMEFORCE olarak uygun fiyatl\u0131 ve performans odakl\u0131 oyuncu ekipmanlar\u0131 ile sizlere hizmet vermeye devam etmekteyiz. B\u00fcy\u00fcleyici renkleri ve \u00e7ift tarafl\u0131 RGB ayd\u0131nlatmas\u0131yla g\u00f6rsel bir \u015f\u00f6len sunarken ayn\u0131 zamanda etkili bir \u015fekilde so\u011futma sa\u011flamaktad\u0131r. &nbsp; &nbsp; Sese Duyarl\u0131 ve Senkronize Fanlar Fanlar\u0131n\u0131z \u00e7ald\u0131\u011f\u0131n\u0131z [&hellip;]<\/p>\n","protected":false},"featured_media":146,"comment_status":"open","ping_status":"closed","template":"","meta":[],"product_cat":[21],"product_tag":[],"class_list":{"0":"post-145","1":"product","2":"type-product","3":"status-publish","4":"has-post-thumbnail","6":"product_cat-kasa-fanlari","8":"first","9":"instock","10":"shipping-taxable","11":"purchasable","12":"product-type-simple"},"_links":{"self":[{"href":"http:\/\/www.rsateknoloji.com.tr\/index.php?rest_route=\/wp\/v2\/product\/145","targetHints":{"allow":["GET"]}}],"collection":[{"href":"http:\/\/www.rsateknoloji.com.tr\/index.php?rest_route=\/wp\/v2\/product"}],"about":[{"href":"http:\/\/www.rsateknoloji.com.tr\/index.php?rest_route=\/wp\/v2\/types\/product"}],"replies":[{"embeddable":true,"href":"http:\/\/www.rsateknoloji.com.tr\/index.php?rest_route=%2Fwp%2Fv2%2Fcomments&post=145"}],"wp:featuredmedia":[{"embeddable":true,"href":"http:\/\/www.rsateknoloji.com.tr\/index.php?rest_route=\/wp\/v2\/media\/146"}],"wp:attachment":[{"href":"http:\/\/www.rsateknoloji.com.tr\/index.php?rest_route=%2Fwp%2Fv2%2Fmedia&parent=145"}],"wp:term":[{"taxonomy":"product_cat","embeddable":true,"href":"http:\/\/www.rsateknoloji.com.tr\/index.php?rest_route=%2Fwp%2Fv2%2Fproduct_cat&post=145"},{"taxonomy":"product_tag","embeddable":true,"href":"http:\/\/www.rsateknoloji.com.tr\/index.php?rest_route=%2Fwp%2Fv2%2Fproduct_tag&post=145"}],"curies":[{"name":"wp","href":"https:\/\/api.w.org\/{rel}","templated":true}]}}