{"id":217,"date":"2024-02-11T08:56:01","date_gmt":"2024-02-11T08:56:01","guid":{"rendered":"http:\/\/www.rsateknoloji.com.tr\/?post_type=product&#038;p=217"},"modified":"2026-03-10T17:20:47","modified_gmt":"2026-03-10T17:20:47","slug":"gameforce-gf500-500w-80-bronz-sertifikali-guc-kaynagi","status":"publish","type":"product","link":"http:\/\/www.rsateknoloji.com.tr\/?product=gameforce-gf500-500w-80-bronz-sertifikali-guc-kaynagi","title":{"rendered":"GAMEFORCE GF500 500w 80+ Bronz Sertifikal\u0131 G\u00fc\u00e7 Kayna\u011f\u0131"},"content":{"rendered":"<div id=\"urun-aciklamasi\" class=\"product-desc\">\n<div class=\"product-desc-content\" data-tracker=\"seen:HTML_Content\">\n<div id=\"rich-content-wrapper\">\n<p>RSAg\u00fcvencesiyle kendi ithalat\u0131m\u0131z \u00fcr\u00fcnleri en uygun fiyatlarla sizlere ula\u015ft\u0131rmak i\u00e7in \u00e7abal\u0131yoruz. \u00dcr\u00fcnler s\u0131f\u0131r kutulu ve 24 ay garantilidir. Sipari\u015fleriniz ayn\u0131 g\u00fcn stoklar\u0131m\u0131zdan \u00fccretsiz kargolanmaktad\u0131r. \u00dcr\u00fcnlerimizin garanti ve teknik destek servisinde h\u0131zl\u0131 ve kolay \u00e7\u00f6z\u00fcmler sunmay\u0131 ama\u00e7l\u0131yoruz.<\/p>\n<p><img decoding=\"async\" class=\" loaded\" src=\"https:\/\/cdn.dsmcdn.com\/ty580\/product\/media\/html-images\/20221026\/3\/131263779\/d8901667-7321-4389-81c8-d724e330e2aa.png\" data-src=\"{cdn_url}\/ty580\/product\/media\/html-images\/20221026\/3\/131263779\/d8901667-7321-4389-81c8-d724e330e2aa.png\" \/>\u00a0<img decoding=\"async\" class=\" loaded\" src=\"https:\/\/cdn.dsmcdn.com\/ty579\/product\/media\/html-images\/20221026\/3\/131263779\/b45f2c7c-d355-4f60-8490-87e145485ea1.png\" data-src=\"{cdn_url}\/ty579\/product\/media\/html-images\/20221026\/3\/131263779\/b45f2c7c-d355-4f60-8490-87e145485ea1.png\" \/><\/p>\n<p>&nbsp;<\/p>\n<p><strong>GAMEFORCE GF SERIES GF500 500W POWER G\u00dc\u00c7 KAYNA\u011eI<\/strong><\/p>\n<p>Gamepower GF500 G\u00fc\u00e7 Kayna\u011f\u0131, oyuncular i\u00e7in en iyi performans\u0131 vermesi i\u00e7in tasarland\u0131. Aktif Ak\u0131m Korumas\u0131 ve 80+ Bronze sertifikal\u0131 \u00f6zellikleri ile \u00f6n plana \u00e7\u0131k\u0131yor.<\/p>\n<p>&nbsp;<\/p>\n<p><img decoding=\"async\" class=\" loaded\" src=\"https:\/\/cdn.dsmcdn.com\/ty580\/product\/media\/html-images\/20221026\/3\/131263779\/e99a435e-8059-4ff2-bf22-7170950122d4.jpg\" data-src=\"{cdn_url}\/ty580\/product\/media\/html-images\/20221026\/3\/131263779\/e99a435e-8059-4ff2-bf22-7170950122d4.jpg\" \/><\/p>\n<p>&nbsp;<\/p>\n<p>Aktif Ak\u0131m Koruma ile maksimum %85 verimlilik ve %99 g\u00fc\u00e7 fakt\u00f6r\u00fc sunar.<\/p>\n<p>ATX 12V V2.3 Intel ve AMD chipsetleri i\u00e7in s\u00fcrekli ve g\u00fcvenilir g\u00fc\u00e7 sa\u011flar.<\/p>\n<p>120mm h\u0131z kontroll\u00fc fanlar ultra sessiz \u00e7al\u0131\u015fma ortam\u0131na imk\u00e2n verir.<\/p>\n<p>NVIDIA ve ATI\/AMD RADEON i\u00e7in PCI-E uygunlu\u011fu mevcuttur.<\/p>\n<p>Daha uzun DC kablolar\u0131 sayesinde PSU haznesi alt k\u0131s\u0131mda olan kasalar i\u00e7in uygundur.<\/p>\n<p>End\u00fcstriyel seviyede korumalar i\u00e7erir. A\u015f\u0131r\u0131 y\u00fcklenme veya \u0131s\u0131nma, y\u00fcksek voltaj, d\u00fc\u015f\u00fck voltaj, k\u0131sa devre korumas\u0131 gibi.<\/p>\n<p>&nbsp;<\/p>\n<p><img decoding=\"async\" class=\" loaded\" src=\"https:\/\/cdn.dsmcdn.com\/ty580\/product\/media\/html-images\/20221026\/3\/131263779\/96bcd645-93aa-445b-b102-244be2d1d226.png\" data-src=\"{cdn_url}\/ty580\/product\/media\/html-images\/20221026\/3\/131263779\/96bcd645-93aa-445b-b102-244be2d1d226.png\" \/><\/p>\n<\/div>\n<\/div>\n<\/div>\n<div class=\"report-container\">\n<div class=\"report-content\"><\/div>\n<\/div>\n","protected":false},"excerpt":{"rendered":"<p>RSAg\u00fcvencesiyle kendi ithalat\u0131m\u0131z \u00fcr\u00fcnleri en uygun fiyatlarla sizlere ula\u015ft\u0131rmak i\u00e7in \u00e7abal\u0131yoruz. \u00dcr\u00fcnler s\u0131f\u0131r kutulu ve 24 ay garantilidir. Sipari\u015fleriniz ayn\u0131 g\u00fcn stoklar\u0131m\u0131zdan \u00fccretsiz kargolanmaktad\u0131r. \u00dcr\u00fcnlerimizin garanti ve teknik destek servisinde h\u0131zl\u0131 ve kolay \u00e7\u00f6z\u00fcmler sunmay\u0131 ama\u00e7l\u0131yoruz. \u00a0 &nbsp; GAMEFORCE GF SERIES GF500 500W POWER G\u00dc\u00c7 KAYNA\u011eI Gamepower GF500 G\u00fc\u00e7 Kayna\u011f\u0131, oyuncular i\u00e7in en iyi performans\u0131 [&hellip;]<\/p>\n","protected":false},"featured_media":218,"comment_status":"open","ping_status":"closed","template":"","meta":[],"product_cat":[43],"product_tag":[],"class_list":{"0":"post-217","1":"product","2":"type-product","3":"status-publish","4":"has-post-thumbnail","6":"product_cat-power-supply","8":"first","9":"instock","10":"shipping-taxable","11":"purchasable","12":"product-type-simple"},"_links":{"self":[{"href":"http:\/\/www.rsateknoloji.com.tr\/index.php?rest_route=\/wp\/v2\/product\/217","targetHints":{"allow":["GET"]}}],"collection":[{"href":"http:\/\/www.rsateknoloji.com.tr\/index.php?rest_route=\/wp\/v2\/product"}],"about":[{"href":"http:\/\/www.rsateknoloji.com.tr\/index.php?rest_route=\/wp\/v2\/types\/product"}],"replies":[{"embeddable":true,"href":"http:\/\/www.rsateknoloji.com.tr\/index.php?rest_route=%2Fwp%2Fv2%2Fcomments&post=217"}],"wp:featuredmedia":[{"embeddable":true,"href":"http:\/\/www.rsateknoloji.com.tr\/index.php?rest_route=\/wp\/v2\/media\/218"}],"wp:attachment":[{"href":"http:\/\/www.rsateknoloji.com.tr\/index.php?rest_route=%2Fwp%2Fv2%2Fmedia&parent=217"}],"wp:term":[{"taxonomy":"product_cat","embeddable":true,"href":"http:\/\/www.rsateknoloji.com.tr\/index.php?rest_route=%2Fwp%2Fv2%2Fproduct_cat&post=217"},{"taxonomy":"product_tag","embeddable":true,"href":"http:\/\/www.rsateknoloji.com.tr\/index.php?rest_route=%2Fwp%2Fv2%2Fproduct_tag&post=217"}],"curies":[{"name":"wp","href":"https:\/\/api.w.org\/{rel}","templated":true}]}}