{"id":230,"date":"2024-02-29T18:26:30","date_gmt":"2024-02-29T18:26:30","guid":{"rendered":"http:\/\/www.rsateknoloji.com.tr\/?post_type=product&#038;p=230"},"modified":"2026-03-10T17:20:55","modified_gmt":"2026-03-10T17:20:55","slug":"gameforce-hunter-4-x-120-mm-rainbow-fanli-oyuncu-kasasi","status":"publish","type":"product","link":"http:\/\/www.rsateknoloji.com.tr\/?product=gameforce-hunter-4-x-120-mm-rainbow-fanli-oyuncu-kasasi","title":{"rendered":"Gameforce Hunter 4 x 120 MM Rainbow Fanl\u0131 Oyuncu Kasas\u0131"},"content":{"rendered":"<h3 class=\"unf-sell-sub-title\">Gameforce Hunter 4 x 120 MM Rainbow Fanl\u0131 Oyuncu Kasas\u0131<\/h3>\n<p>\u00d6n Panel : Mesh Panel<\/p>\n<p>Yan Panel : Temperli Cam<\/p>\n<p>\u00dcst ve Alt Panelde \u00c7\u0131kar\u0131labilir Toz Filtre<\/p>\n<p>\u00dcst Panel Portlar<br \/>\n1 x USB 3.0 Port, 2 x USB 2.0 Port, HD Audio Ses<\/p>\n<p>Anakart Deste\u011fi<br \/>\nATX, Micro-ATX, Mini ITX<\/p>\n<p>S\u00fcr\u00fcc\u00fc Yerleri<br \/>\n1 x 3.5\u201d HDD S\u00fcr\u00fcc\u00fc Yeri (Dahili)<br \/>\n2 x 2.5\u201d HDD\/SSD S\u00fcr\u00fcc\u00fc Yeri (Dahili)<\/p>\n<p>Fanlar<br \/>\nYan Panel : 3 x 120mm Rainbow Fan<br \/>\nArka Panel : 1 x 120mm Rainbow Fan<br \/>\n\u00dcst Panel : 2 x 120mm Rainbow Fan (Opsiyonel)<\/p>\n<p>Alt Panel : 2 x 120mm Rainbow Fan (Opsiyonel)<\/p>\n<p>Boyutlar<br \/>\nKasa Boyut :\u00a0 385 x 195 x 445 (mm)<br \/>\nKasa Kutu Boyut : 490 x 240 x 460 (mm)<\/p>\n<p>Maksimum Ekran Kart\u0131 Uzunlu\u011fu : 330 (mm)<br \/>\nMaksimum CPU So\u011futucu Y\u00fcksekli\u011fi : 155 (mm)<\/p>\n<p>A\u011f\u0131rl\u0131k: 5,700 Gram<\/p>\n<p>&nbsp;<\/p>\n<p>&nbsp;<\/p>\n<p>Kutu \u0130\u00e7eri\u011fi<\/p>\n<p>4 Adet Rainbow Fan<br \/>\nSistem Montaj\u0131 \u0130\u00e7in Gerekli Vidalar<\/p>\n<div>Kullan\u0131m K\u0131lavuzu ve Garanti Belgesi<\/div>\n","protected":false},"excerpt":{"rendered":"<p>Gameforce Hunter 4 x 120 MM Rainbow Fanl\u0131 Oyuncu Kasas\u0131 \u00d6n Panel : Mesh Panel Yan Panel : Temperli Cam \u00dcst ve Alt Panelde \u00c7\u0131kar\u0131labilir Toz Filtre \u00dcst Panel Portlar 1 x USB 3.0 Port, 2 x USB 2.0 Port, HD Audio Ses Anakart Deste\u011fi ATX, Micro-ATX, Mini ITX S\u00fcr\u00fcc\u00fc Yerleri 1 x 3.5\u201d HDD [&hellip;]<\/p>\n","protected":false},"featured_media":231,"comment_status":"open","ping_status":"closed","template":"","meta":[],"product_cat":[17],"product_tag":[],"class_list":{"0":"post-230","1":"product","2":"type-product","3":"status-publish","4":"has-post-thumbnail","6":"product_cat-kasalar","8":"first","9":"outofstock","10":"shipping-taxable","11":"purchasable","12":"product-type-simple"},"_links":{"self":[{"href":"http:\/\/www.rsateknoloji.com.tr\/index.php?rest_route=\/wp\/v2\/product\/230","targetHints":{"allow":["GET"]}}],"collection":[{"href":"http:\/\/www.rsateknoloji.com.tr\/index.php?rest_route=\/wp\/v2\/product"}],"about":[{"href":"http:\/\/www.rsateknoloji.com.tr\/index.php?rest_route=\/wp\/v2\/types\/product"}],"replies":[{"embeddable":true,"href":"http:\/\/www.rsateknoloji.com.tr\/index.php?rest_route=%2Fwp%2Fv2%2Fcomments&post=230"}],"wp:featuredmedia":[{"embeddable":true,"href":"http:\/\/www.rsateknoloji.com.tr\/index.php?rest_route=\/wp\/v2\/media\/231"}],"wp:attachment":[{"href":"http:\/\/www.rsateknoloji.com.tr\/index.php?rest_route=%2Fwp%2Fv2%2Fmedia&parent=230"}],"wp:term":[{"taxonomy":"product_cat","embeddable":true,"href":"http:\/\/www.rsateknoloji.com.tr\/index.php?rest_route=%2Fwp%2Fv2%2Fproduct_cat&post=230"},{"taxonomy":"product_tag","embeddable":true,"href":"http:\/\/www.rsateknoloji.com.tr\/index.php?rest_route=%2Fwp%2Fv2%2Fproduct_tag&post=230"}],"curies":[{"name":"wp","href":"https:\/\/api.w.org\/{rel}","templated":true}]}}