{"id":238,"date":"2024-03-22T04:48:59","date_gmt":"2024-03-22T04:48:59","guid":{"rendered":"http:\/\/www.rsateknoloji.com.tr\/?post_type=product&#038;p=238"},"modified":"2026-03-10T17:20:21","modified_gmt":"2026-03-10T17:20:21","slug":"gameforce-gf550-550w-80-bronze-guc-kaynagi","status":"publish","type":"product","link":"http:\/\/www.rsateknoloji.com.tr\/?product=gameforce-gf550-550w-80-bronze-guc-kaynagi","title":{"rendered":"Gameforce GF550 550W 80+ Bronze G\u00fc\u00e7 Kayna\u011f\u0131"},"content":{"rendered":"<div class=\"item\">\n<p><strong>RSA\u00a0<\/strong>g\u00fcvencesiyle kendi ithalat\u0131m\u0131z \u00fcr\u00fcnleri en uygun fiyatlarla sizlere ula\u015ft\u0131rmak i\u00e7in \u00e7abal\u0131yoruz. \u00dcr\u00fcnler s\u0131f\u0131r kutulu ve 24 ay garantilidir. Sipari\u015fleriniz ayn\u0131 g\u00fcn stoklar\u0131m\u0131zdan \u00fccretsiz kargolanmaktad\u0131r. \u00dcr\u00fcnlerimizin garanti ve teknik destek servisinde h\u0131zl\u0131 ve kolay \u00e7\u00f6z\u00fcmler sunmay\u0131 ama\u00e7l\u0131yoruz.<\/p>\n<\/div>\n<p>&nbsp;<\/p>\n<div class=\"item\">\n<figure><img decoding=\"async\" src=\"https:\/\/n11scdn3.akamaized.net\/a1\/org\/14\/57\/21\/42\/IMG-6117627929716784924.png\" alt=\"\" \/><\/figure>\n<\/div>\n<p>&nbsp;<\/p>\n<div class=\"item\">\n<h3 class=\"sub-title\">\nGAMEFORCE GF SERIES GF550 550W POWER G\u00dc\u00c7 KAYNA\u011eI<\/h3>\n<p>&nbsp;<\/p>\n<p>Gamepower GF550 G\u00fc\u00e7 Kayna\u011f\u0131, oyuncular i\u00e7in en iyi performans\u0131 vermesi i\u00e7in tasarland\u0131. Aktif Ak\u0131m Korumas\u0131 ve 80+ Bronze sertifikal\u0131 \u00f6zellikleri ile \u00f6n plana \u00e7\u0131k\u0131yor.<\/p>\n<figure><img decoding=\"async\" src=\"https:\/\/n11scdn3.akamaized.net\/a1\/org\/12\/73\/50\/15\/IMG-5417357093865226892.jpg\" \/><\/figure>\n<p>Aktif Ak\u0131m Koruma ile maksimum %85 verimlilik ve %99 g\u00fc\u00e7 fakt\u00f6r\u00fc sunar.<br \/>\nATX 12V V2.3 Intel ve AMD chipsetleri i\u00e7in s\u00fcrekli ve g\u00fcvenilir g\u00fc\u00e7 sa\u011flar.<br \/>\n140mm h\u0131z kontroll\u00fc fanlar ultra sessiz \u00e7al\u0131\u015fma ortam\u0131na imk\u00e2n verir.<br \/>\nNVIDIA ve ATI\/AMD RADEON i\u00e7in PCI-E uygunlu\u011fu mevcuttur.<br \/>\nDaha uzun DC kablolar\u0131 sayesinde PSU haznesi alt k\u0131s\u0131mda olan kasalar i\u00e7in uygundur.<br \/>\nEnd\u00fcstriyel seviyede korumalar i\u00e7erir. A\u015f\u0131r\u0131 y\u00fcklenme veya \u0131s\u0131nma, y\u00fcksek voltaj, d\u00fc\u015f\u00fck voltaj, k\u0131sa devre korumas\u0131 gibi.<\/p>\n<\/div>\n<p>&nbsp;<\/p>\n<div class=\"item\">\n<figure><img decoding=\"async\" src=\"https:\/\/n11scdn3.akamaized.net\/a1\/org\/02\/47\/80\/89\/IMG-4129463450402679345.png\" alt=\"\" \/><\/figure>\n<\/div>\n","protected":false},"excerpt":{"rendered":"<p>RSA\u00a0g\u00fcvencesiyle kendi ithalat\u0131m\u0131z \u00fcr\u00fcnleri en uygun fiyatlarla sizlere ula\u015ft\u0131rmak i\u00e7in \u00e7abal\u0131yoruz. \u00dcr\u00fcnler s\u0131f\u0131r kutulu ve 24 ay garantilidir. Sipari\u015fleriniz ayn\u0131 g\u00fcn stoklar\u0131m\u0131zdan \u00fccretsiz kargolanmaktad\u0131r. \u00dcr\u00fcnlerimizin garanti ve teknik destek servisinde h\u0131zl\u0131 ve kolay \u00e7\u00f6z\u00fcmler sunmay\u0131 ama\u00e7l\u0131yoruz. &nbsp; &nbsp; GAMEFORCE GF SERIES GF550 550W POWER G\u00dc\u00c7 KAYNA\u011eI &nbsp; Gamepower GF550 G\u00fc\u00e7 Kayna\u011f\u0131, oyuncular i\u00e7in en iyi [&hellip;]<\/p>\n","protected":false},"featured_media":239,"comment_status":"open","ping_status":"closed","template":"","meta":[],"product_cat":[43],"product_tag":[],"class_list":{"0":"post-238","1":"product","2":"type-product","3":"status-publish","4":"has-post-thumbnail","6":"product_cat-power-supply","8":"first","9":"instock","10":"shipping-taxable","11":"purchasable","12":"product-type-simple"},"_links":{"self":[{"href":"http:\/\/www.rsateknoloji.com.tr\/index.php?rest_route=\/wp\/v2\/product\/238","targetHints":{"allow":["GET"]}}],"collection":[{"href":"http:\/\/www.rsateknoloji.com.tr\/index.php?rest_route=\/wp\/v2\/product"}],"about":[{"href":"http:\/\/www.rsateknoloji.com.tr\/index.php?rest_route=\/wp\/v2\/types\/product"}],"replies":[{"embeddable":true,"href":"http:\/\/www.rsateknoloji.com.tr\/index.php?rest_route=%2Fwp%2Fv2%2Fcomments&post=238"}],"wp:featuredmedia":[{"embeddable":true,"href":"http:\/\/www.rsateknoloji.com.tr\/index.php?rest_route=\/wp\/v2\/media\/239"}],"wp:attachment":[{"href":"http:\/\/www.rsateknoloji.com.tr\/index.php?rest_route=%2Fwp%2Fv2%2Fmedia&parent=238"}],"wp:term":[{"taxonomy":"product_cat","embeddable":true,"href":"http:\/\/www.rsateknoloji.com.tr\/index.php?rest_route=%2Fwp%2Fv2%2Fproduct_cat&post=238"},{"taxonomy":"product_tag","embeddable":true,"href":"http:\/\/www.rsateknoloji.com.tr\/index.php?rest_route=%2Fwp%2Fv2%2Fproduct_tag&post=238"}],"curies":[{"name":"wp","href":"https:\/\/api.w.org\/{rel}","templated":true}]}}