{"id":250,"date":"2024-03-23T02:23:52","date_gmt":"2024-03-23T02:23:52","guid":{"rendered":"http:\/\/www.rsateknoloji.com.tr\/?post_type=product&#038;p=250"},"modified":"2026-03-10T17:12:01","modified_gmt":"2026-03-10T17:12:01","slug":"gameforce-midlight-3x120mm-sese-duyarli-a-rgb-kasa-fani","status":"publish","type":"product","link":"http:\/\/www.rsateknoloji.com.tr\/?product=gameforce-midlight-3x120mm-sese-duyarli-a-rgb-kasa-fani","title":{"rendered":"Gameforce Midlight 3X120Mm Sese Duyarl\u0131 A-Rgb Kasa Fan\u0131"},"content":{"rendered":"<p align=\"center\">B\u00fcy\u00fcleyici Renkler, M\u00fckemmel So\u011futma<\/p>\n<p align=\"center\">GAMEFORCE olarak uygun fiyatl\u0131 ve performans odakl\u0131 oyuncu ekipmanlar\u0131 ile sizlere hizmet vermeye devam etmekteyiz. B\u00fcy\u00fcleyici renkleri ve merkezden yanan RGB ayd\u0131nlatmas\u0131yla g\u00f6rsel bir \u015f\u00f6len sunarken ayn\u0131 zamanda etkili bir \u015fekilde so\u011futma sa\u011flamaktad\u0131r.<\/p>\n<p>&nbsp;<\/p>\n<p>&nbsp;<\/p>\n<p align=\"center\">Sese Duyarl\u0131 ve Senkronize Fanlar<\/p>\n<p align=\"center\">Fanlar\u0131n\u0131z \u00e7ald\u0131\u011f\u0131n\u0131z m\u00fczik, oynad\u0131\u011f\u0131n\u0131z oyun ve izledi\u011finiz filmlerdeki sesler ile senkronize olarak farkl\u0131 modlarda renk de\u011fi\u015ftirip bulundu\u011funuz ortama ambiyans katmaktad\u0131r.<\/p>\n<p align=\"center\"><img decoding=\"async\" src=\"https:\/\/n11scdn.akamaized.net\/a1\/org\/elektronik\/sogutucu-ve-fan\/gameforce-midlight-4x120mm-sese-duyarli-a-rgb-kasa-fani__1334629139340890.jpg\" alt=\"\" border=\"0\" \/><\/p>\n<p align=\"center\">Kontrolc\u00fc ve Uzaktan Kumanda<\/p>\n<p align=\"center\">RGB ayd\u0131nlatmal\u0131 kontrolc\u00fc ve uzaktan kumandas\u0131 ile fanlar\u0131n\u0131z\u0131n efektlerini de\u011fi\u015ftirebilir, d\u00f6n\u00fc\u015f h\u0131zlar\u0131n\u0131 kontrol edebilir yada tamamen kapatabilmenize olanak sa\u011flamaktad\u0131r<\/p>\n<p align=\"center\">\u00a0\u00a0<img decoding=\"async\" src=\"https:\/\/n11scdn.akamaized.net\/a1\/org\/elektronik\/sogutucu-ve-fan\/gameforce-midlight-4x120mm-sese-duyarli-a-rgb-kasa-fani__0982233830335633.jpg\" alt=\"\" border=\"0\" \/><\/p>\n<p align=\"center\">Uyumluluk<\/p>\n<p align=\"center\">Fanlar\u0131m\u0131z yayg\u0131n olarak kullan\u0131lan global markalar\u0131n yaz\u0131l\u0131mlar\u0131n\u0131 desteklemektedir. ( Asus Auro Sync, Msi Mystic Light Sync, Gigabyte Rgb Fusion ) 120mm ba\u011flant\u0131 noktas\u0131 bulunan t\u00fcm kasalarda sorunsuz olarak kullanabilirsiniz.<\/p>\n<p>&nbsp;<\/p>\n<p>Teknik \u00d6zellikler<\/p>\n<p>Model : GF5120 \u2013 MIDLIGHT<\/p>\n<p>Rulman Tipi : Hidrolik Rulman<\/p>\n<p>Devir H\u0131z\u0131 : 1200rpm<\/p>\n<p>G\u00fcr\u00fclt\u00fc Seviyesi : 23,70dB<\/p>\n<p>Fan Boyutu : 120mm<\/p>\n<p>Fan Ba\u011flant\u0131s\u0131 : 6 pin<\/p>\n<p>\u00d6zellikleri : \u015eoklara dayan\u0131kl\u0131<\/p>\n<p>Kanat Say\u0131s\u0131 : 7<\/p>\n<p>Dahili Kablo : 5V anakart ba\u011flant\u0131 kablosu<\/p>\n<p>I\u015f\u0131kland\u0131rma : Her fanda 12 adet LED<\/p>\n","protected":false},"excerpt":{"rendered":"<p>B\u00fcy\u00fcleyici Renkler, M\u00fckemmel So\u011futma GAMEFORCE olarak uygun fiyatl\u0131 ve performans odakl\u0131 oyuncu ekipmanlar\u0131 ile sizlere hizmet vermeye devam etmekteyiz. B\u00fcy\u00fcleyici renkleri ve merkezden yanan RGB ayd\u0131nlatmas\u0131yla g\u00f6rsel bir \u015f\u00f6len sunarken ayn\u0131 zamanda etkili bir \u015fekilde so\u011futma sa\u011flamaktad\u0131r. &nbsp; &nbsp; Sese Duyarl\u0131 ve Senkronize Fanlar Fanlar\u0131n\u0131z \u00e7ald\u0131\u011f\u0131n\u0131z m\u00fczik, oynad\u0131\u011f\u0131n\u0131z oyun ve izledi\u011finiz filmlerdeki sesler ile senkronize [&hellip;]<\/p>\n","protected":false},"featured_media":251,"comment_status":"open","ping_status":"closed","template":"","meta":[],"product_cat":[19],"product_tag":[],"class_list":{"0":"post-250","1":"product","2":"type-product","3":"status-publish","4":"has-post-thumbnail","6":"product_cat-fanlar-ve-sogutucular","8":"first","9":"outofstock","10":"shipping-taxable","11":"purchasable","12":"product-type-simple"},"_links":{"self":[{"href":"http:\/\/www.rsateknoloji.com.tr\/index.php?rest_route=\/wp\/v2\/product\/250","targetHints":{"allow":["GET"]}}],"collection":[{"href":"http:\/\/www.rsateknoloji.com.tr\/index.php?rest_route=\/wp\/v2\/product"}],"about":[{"href":"http:\/\/www.rsateknoloji.com.tr\/index.php?rest_route=\/wp\/v2\/types\/product"}],"replies":[{"embeddable":true,"href":"http:\/\/www.rsateknoloji.com.tr\/index.php?rest_route=%2Fwp%2Fv2%2Fcomments&post=250"}],"wp:featuredmedia":[{"embeddable":true,"href":"http:\/\/www.rsateknoloji.com.tr\/index.php?rest_route=\/wp\/v2\/media\/251"}],"wp:attachment":[{"href":"http:\/\/www.rsateknoloji.com.tr\/index.php?rest_route=%2Fwp%2Fv2%2Fmedia&parent=250"}],"wp:term":[{"taxonomy":"product_cat","embeddable":true,"href":"http:\/\/www.rsateknoloji.com.tr\/index.php?rest_route=%2Fwp%2Fv2%2Fproduct_cat&post=250"},{"taxonomy":"product_tag","embeddable":true,"href":"http:\/\/www.rsateknoloji.com.tr\/index.php?rest_route=%2Fwp%2Fv2%2Fproduct_tag&post=250"}],"curies":[{"name":"wp","href":"https:\/\/api.w.org\/{rel}","templated":true}]}}