{"id":274,"date":"2024-04-02T21:32:53","date_gmt":"2024-04-02T21:32:53","guid":{"rendered":"http:\/\/www.rsateknoloji.com.tr\/?post_type=product&#038;p=274"},"modified":"2026-03-10T17:11:33","modified_gmt":"2026-03-10T17:11:33","slug":"gameforce-copper-intel-amd-uyumlu-cpu-sogutucu","status":"publish","type":"product","link":"http:\/\/www.rsateknoloji.com.tr\/?product=gameforce-copper-intel-amd-uyumlu-cpu-sogutucu","title":{"rendered":"GAMEFORCE COPPER Intel\/AMD Uyumlu CPU So\u011futucu"},"content":{"rendered":"<p>GAMEFORCE COPPER Intel\/AMD Uyumlu CPU So\u011futucu<\/p>\n<p>CPU so\u011futucu ba\u015far\u0131l\u0131 so\u011futma teknolojisine sahip ve en zorlu i\u015flemlerde bile i\u015flemcinizin mevcut s\u0131cakl\u0131\u011f\u0131n\u0131 korur. CPU g\u00fcvenli\u011fini en iyi seviyede tutar. \u0130\u015flemciyi so\u011futan k\u0131s\u0131mda 2 saf bak\u0131r boru vard\u0131r.<\/p>\n<p>&nbsp;<\/p>\n<p>Uyumlu Modeller:<br \/>\nIntel : LGA775\/115x Serisi\/1156\/1151\/1155\/1150\/1366\/2011\/Core i5\/Core i3 Core 2 Quad\/Core 2 Duo\/Pentium\/Celeron<br \/>\nAMD : FM2+\/FM2\/FM1\/AM2\/AM3+\/AM3\/AM4+\/940\/939\/754\/FX-Serisi\/A-Serisi Phenom II X4\/X3\/Phenom X4\/X3\/Athlon II X2\/Athlon X2\/Athlon\/Wempron<\/p>\n<p>&nbsp;<\/p>\n<p>Malzeme : Al\u00fcminyum ve 2 saf bak\u0131r \u0131s\u0131 borusu<br \/>\nFan Say\u0131s\u0131 : 1 x 120mm fan<br \/>\nKablo Uzunlu\u011fu : 210mm<br \/>\nRenk : 4 Renk<br \/>\nA\u011f\u0131rl\u0131k : 295g<\/p>\n<p>&nbsp;<\/p>\n<p>Kutu \u0130\u00e7eri\u011fi<br \/>\nSo\u011futucu<br \/>\n4 Adet Plastik Pin<br \/>\nTermal Macun<br \/>\nLGA775\/115x Braket<br \/>\nKullan\u0131m K\u0131lavuzu<\/p>\n<div><\/div>\n<div>TEKN\u0130K \u00d6ZELL\u0130KLER<\/div>\n<div><\/div>\n<div>\n<table>\n<tbody>\n<tr>\n<th scope=\"row\">A\u00e7\u0131klama<\/th>\n<td>CPU So\u011futucu<\/td>\n<\/tr>\n<tr>\n<th scope=\"row\">Renk<\/th>\n<td>Siyah \/ G\u00fcm\u00fc\u015f<\/td>\n<\/tr>\n<tr>\n<th scope=\"row\">Led<\/th>\n<td>4 Led<\/td>\n<\/tr>\n<tr>\n<th scope=\"row\">Malzeme<\/th>\n<td>Al\u00fcminyum<\/td>\n<\/tr>\n<tr>\n<th scope=\"row\">\u00dcr\u00fcn Boyutu<\/th>\n<td>124 x 142 x 65 (mm)<\/td>\n<\/tr>\n<tr>\n<th scope=\"row\">Fan Boyutu<\/th>\n<td>120 x 120 x 25 (mm)<\/td>\n<\/tr>\n<tr>\n<th scope=\"row\">Fan H\u0131z\u0131<\/th>\n<td>1800RPM \u00b110%<\/td>\n<\/tr>\n<tr>\n<th scope=\"row\">Giri\u015f Voltaj\u0131<\/th>\n<td>12V DC<\/td>\n<\/tr>\n<tr>\n<th scope=\"row\">Fan Hava Ak\u0131\u015f\u0131<\/th>\n<td>38 CFM<\/td>\n<\/tr>\n<tr>\n<th scope=\"row\">G\u00fcr\u00fclt\u00fc Seviyesi<\/th>\n<td>18 dB<\/td>\n<\/tr>\n<tr>\n<th scope=\"row\">Rulman Tipi<\/th>\n<td>Ak\u0131\u015fkan<\/td>\n<\/tr>\n<tr>\n<th scope=\"row\">G\u00fc\u00e7 Konnekt\u00f6r<\/th>\n<td>4 Pin<\/td>\n<\/tr>\n<tr>\n<th scope=\"row\">Uyumlu Modeller<\/th>\n<td>Intel : LGA775\/115x Serisi\/1156\/1151\/1155\/1150\/1366\/2011\/Core i5\/Core i3 Core 2 Quad\/Core 2 Duo\/Pentium\/Celeron<br \/>\nAMD : FM2+\/FM2\/FM1\/AM2\/AM3+\/AM3\/AM4+\/940\/939\/754\/FX-Serisi\/A-Serisi Phenom II X4\/X3\/Phenom X4\/X3\/Athlon II X2\/Athlon X2\/Athlon\/Wempron<\/td>\n<\/tr>\n<tr>\n<th scope=\"row\">Garanti S\u00fcresi<\/th>\n<td>24 Ay<\/td>\n<\/tr>\n<\/tbody>\n<\/table>\n<\/div>\n","protected":false},"excerpt":{"rendered":"<p>GAMEFORCE COPPER Intel\/AMD Uyumlu CPU So\u011futucu CPU so\u011futucu ba\u015far\u0131l\u0131 so\u011futma teknolojisine sahip ve en zorlu i\u015flemlerde bile i\u015flemcinizin mevcut s\u0131cakl\u0131\u011f\u0131n\u0131 korur. CPU g\u00fcvenli\u011fini en iyi seviyede tutar. \u0130\u015flemciyi so\u011futan k\u0131s\u0131mda 2 saf bak\u0131r boru vard\u0131r. &nbsp; Uyumlu Modeller: Intel : LGA775\/115x Serisi\/1156\/1151\/1155\/1150\/1366\/2011\/Core i5\/Core i3 Core 2 Quad\/Core 2 Duo\/Pentium\/Celeron AMD : FM2+\/FM2\/FM1\/AM2\/AM3+\/AM3\/AM4+\/940\/939\/754\/FX-Serisi\/A-Serisi Phenom II X4\/X3\/Phenom [&hellip;]<\/p>\n","protected":false},"featured_media":275,"comment_status":"open","ping_status":"closed","template":"","meta":[],"product_cat":[20],"product_tag":[],"class_list":{"0":"post-274","1":"product","2":"type-product","3":"status-publish","4":"has-post-thumbnail","6":"product_cat-islemci-fani","8":"first","9":"outofstock","10":"shipping-taxable","11":"purchasable","12":"product-type-simple"},"_links":{"self":[{"href":"http:\/\/www.rsateknoloji.com.tr\/index.php?rest_route=\/wp\/v2\/product\/274","targetHints":{"allow":["GET"]}}],"collection":[{"href":"http:\/\/www.rsateknoloji.com.tr\/index.php?rest_route=\/wp\/v2\/product"}],"about":[{"href":"http:\/\/www.rsateknoloji.com.tr\/index.php?rest_route=\/wp\/v2\/types\/product"}],"replies":[{"embeddable":true,"href":"http:\/\/www.rsateknoloji.com.tr\/index.php?rest_route=%2Fwp%2Fv2%2Fcomments&post=274"}],"wp:featuredmedia":[{"embeddable":true,"href":"http:\/\/www.rsateknoloji.com.tr\/index.php?rest_route=\/wp\/v2\/media\/275"}],"wp:attachment":[{"href":"http:\/\/www.rsateknoloji.com.tr\/index.php?rest_route=%2Fwp%2Fv2%2Fmedia&parent=274"}],"wp:term":[{"taxonomy":"product_cat","embeddable":true,"href":"http:\/\/www.rsateknoloji.com.tr\/index.php?rest_route=%2Fwp%2Fv2%2Fproduct_cat&post=274"},{"taxonomy":"product_tag","embeddable":true,"href":"http:\/\/www.rsateknoloji.com.tr\/index.php?rest_route=%2Fwp%2Fv2%2Fproduct_tag&post=274"}],"curies":[{"name":"wp","href":"https:\/\/api.w.org\/{rel}","templated":true}]}}