{"id":327,"date":"2024-10-31T20:31:12","date_gmt":"2024-10-31T20:31:12","guid":{"rendered":"http:\/\/www.rsateknoloji.com.tr\/?post_type=product&#038;p=327"},"modified":"2026-03-10T17:18:42","modified_gmt":"2026-03-10T17:18:42","slug":"gameforce-gf850-850w-80-bronze-guc-kaynagi","status":"publish","type":"product","link":"http:\/\/www.rsateknoloji.com.tr\/?product=gameforce-gf850-850w-80-bronze-guc-kaynagi","title":{"rendered":"Gameforce GF850 850W 80+ Bronze G\u00fc\u00e7 Kayna\u011f\u0131"},"content":{"rendered":"<h3 class=\"sub-title\">\nGAMEFORCE\u00a0 GF SERIES GF850 850W POWER G\u00dc\u00c7 KAYNA\u011eI<\/h3>\n<p>&nbsp;<\/p>\n<p>Gamepower GF850 G\u00fc\u00e7 Kayna\u011f\u0131, oyuncular i\u00e7in en iyi performans\u0131 vermesi i\u00e7in tasarland\u0131. Aktif Ak\u0131m Korumas\u0131 ve 80+ Bronze sertifikal\u0131 \u00f6zellikleri ile \u00f6n plana \u00e7\u0131k\u0131yor<\/p>\n<div id=\"wrapper\" class=\"wrapper unificationWrap\">\n<div id=\"unf-p-id\" class=\"content  \">\n<div class=\"container productContainer\">\n<div class=\"unf-bottom-detail\">\n<div class=\"container\">\n<div class=\"unf-section\" data-id=\"unf-info\">\n<div id=\"unf-info\" class=\"unf-info\">\n<div class=\"unf-info-context\">\n<div class=\"unf-info-desc\">\n<section class=\"uni-content\">\n<div class=\"item center\">\n<div class=\"item center\">\n<p>Aktif Ak\u0131m Koruma ile maksimum %80 verimlilik ve %99 g\u00fc\u00e7 fakt\u00f6r\u00fc sunar.<br \/>\nATX 12V V2.3 Intel ve AMD chipsetleri i\u00e7in s\u00fcrekli ve g\u00fcvenilir g\u00fc\u00e7 sa\u011flar.<br \/>\n140mm h\u0131z kontroll\u00fc fanlar ultra sessiz \u00e7al\u0131\u015fma ortam\u0131na imk\u00e2n verir.<br \/>\nNVIDIA ve ATI\/AMD RADEON i\u00e7in PCI-E uygunlu\u011fu mevcuttur.<br \/>\nDaha uzun DC kablolar\u0131 sayesinde PSU haznesi alt k\u0131s\u0131mda olan kasalar i\u00e7in uygundur.<br \/>\nEnd\u00fcstriyel seviyede korumalar i\u00e7erir. A\u015f\u0131r\u0131 y\u00fcklenme veya \u0131s\u0131nma, y\u00fcksek voltaj, d\u00fc\u015f\u00fck voltaj, k\u0131sa devre korumas\u0131 gibi.<\/p>\n<div class=\"item center\">\n<figure><img decoding=\"async\" src=\"https:\/\/n11scdn3.akamaized.net\/a1\/org\/05\/09\/57\/40\/IMG-3834694033175192501.jpg\" alt=\"\" \/><\/figure>\n<\/div>\n<\/div>\n<\/div>\n<\/section>\n<\/div>\n<\/div>\n<\/div>\n<div id=\"unf-prop\" class=\"unf-prop\">\n<h3 class=\"unf-prop-title\">\u00dcr\u00fcn \u00d6zellikleri<\/h3>\n<div class=\"unf-prop-context\">\n<ul class=\"unf-prop-list\">\n<li class=\"unf-prop-list-item\">\n<p class=\"unf-prop-list-title\">Verimlilik Sertifika<\/p>\n<p class=\"unf-prop-list-prop\">80+ Bronze<\/p>\n<\/li>\n<li class=\"unf-prop-list-item\">\n<p class=\"unf-prop-list-title\">G\u00fc\u00e7 (Watt)<\/p>\n<p class=\"unf-prop-list-prop\">850<\/p>\n<\/li>\n<li class=\"unf-prop-list-item\">\n<p class=\"unf-prop-list-title\">Power Tipi<\/p>\n<p class=\"unf-prop-list-prop\">ATX<\/p>\n<\/li>\n<li class=\"unf-prop-list-item\">\n<p class=\"unf-prop-list-title\">Kablo T\u00fcr\u00fc<\/p>\n<p class=\"unf-prop-list-prop\">Siyah Flat<\/p>\n<\/li>\n<li class=\"unf-prop-list-item\">\n<p class=\"unf-prop-list-title\">Marka<\/p>\n<p class=\"unf-prop-list-prop\"><a class=\"colorR50\" href=\"https:\/\/www.n11.com\/markalar\/Gameforce\">Gameforce<\/a><\/p>\n<\/li>\n<\/ul>\n<\/div>\n<\/div>\n<\/div>\n<div id=\"unf-review\" class=\"unf-review unf-section\" data-id=\"unf-review\">\n<div class=\"unf-review-header\"><\/div>\n<\/div>\n<\/div>\n<\/div>\n<\/div>\n<\/div>\n<\/div>\n<p>&nbsp;<\/p>\n","protected":false},"excerpt":{"rendered":"<p>GAMEFORCE\u00a0 GF SERIES GF850 850W POWER G\u00dc\u00c7 KAYNA\u011eI &nbsp; Gamepower GF850 G\u00fc\u00e7 Kayna\u011f\u0131, oyuncular i\u00e7in en iyi performans\u0131 vermesi i\u00e7in tasarland\u0131. Aktif Ak\u0131m Korumas\u0131 ve 80+ Bronze sertifikal\u0131 \u00f6zellikleri ile \u00f6n plana \u00e7\u0131k\u0131yor Aktif Ak\u0131m Koruma ile maksimum %80 verimlilik ve %99 g\u00fc\u00e7 fakt\u00f6r\u00fc sunar. ATX 12V V2.3 Intel ve AMD chipsetleri i\u00e7in s\u00fcrekli ve [&hellip;]<\/p>\n","protected":false},"featured_media":328,"comment_status":"open","ping_status":"closed","template":"","meta":[],"product_cat":[43],"product_tag":[],"class_list":{"0":"post-327","1":"product","2":"type-product","3":"status-publish","4":"has-post-thumbnail","6":"product_cat-power-supply","8":"first","9":"instock","10":"shipping-taxable","11":"purchasable","12":"product-type-simple"},"_links":{"self":[{"href":"http:\/\/www.rsateknoloji.com.tr\/index.php?rest_route=\/wp\/v2\/product\/327","targetHints":{"allow":["GET"]}}],"collection":[{"href":"http:\/\/www.rsateknoloji.com.tr\/index.php?rest_route=\/wp\/v2\/product"}],"about":[{"href":"http:\/\/www.rsateknoloji.com.tr\/index.php?rest_route=\/wp\/v2\/types\/product"}],"replies":[{"embeddable":true,"href":"http:\/\/www.rsateknoloji.com.tr\/index.php?rest_route=%2Fwp%2Fv2%2Fcomments&post=327"}],"wp:featuredmedia":[{"embeddable":true,"href":"http:\/\/www.rsateknoloji.com.tr\/index.php?rest_route=\/wp\/v2\/media\/328"}],"wp:attachment":[{"href":"http:\/\/www.rsateknoloji.com.tr\/index.php?rest_route=%2Fwp%2Fv2%2Fmedia&parent=327"}],"wp:term":[{"taxonomy":"product_cat","embeddable":true,"href":"http:\/\/www.rsateknoloji.com.tr\/index.php?rest_route=%2Fwp%2Fv2%2Fproduct_cat&post=327"},{"taxonomy":"product_tag","embeddable":true,"href":"http:\/\/www.rsateknoloji.com.tr\/index.php?rest_route=%2Fwp%2Fv2%2Fproduct_tag&post=327"}],"curies":[{"name":"wp","href":"https:\/\/api.w.org\/{rel}","templated":true}]}}