{"id":331,"date":"2024-11-01T04:52:20","date_gmt":"2024-11-01T04:52:20","guid":{"rendered":"http:\/\/www.rsateknoloji.com.tr\/?post_type=product&#038;p=331"},"modified":"2026-03-10T17:09:36","modified_gmt":"2026-03-10T17:09:36","slug":"gameforce-beyaz-7r-pro-seri-4luset-rainbow-isikli-sessiz-120mm","status":"publish","type":"product","link":"http:\/\/www.rsateknoloji.com.tr\/?product=gameforce-beyaz-7r-pro-seri-4luset-rainbow-isikli-sessiz-120mm","title":{"rendered":"Gameforce Beyaz 7R Pro Seri 4&#8217;L\u00fcset Rainbow I\u015f\u0131kl\u0131 Sessiz 120mm Kasa Fan\u0131"},"content":{"rendered":"<p>GAMEFORCE BEYAZ RA\u0130NBOW Y\u00fcksek Performans Serisi Kasa Fan\u0131<\/p>\n<p>Sessiz ve ergonomik yap\u0131s\u0131 ile \u0131s\u0131nmay\u0131 engeller ve bilgisayar\u0131n\u0131z\u0131n daha verimli \u00e7al\u0131\u015fmas\u0131n\u0131 sa\u011flar.<\/p>\n<p>Boyutlar : 120x120x25 mm\u00a0\u00a012cm &#8211; 120mm<\/p>\n<p>H\u0131z : 1000 ~ 1200 (+\/- 10%)<br \/>\nHava ak\u0131\u015f\u0131 : 45CFM<br \/>\nHava bas\u0131nc\u0131 : 1.273mm\/H20<br \/>\nG\u00fcr\u00fclt\u00fc : 16.5 dBA<br \/>\n\u00c7al\u0131\u015fma Voltaj\u0131 : 12V DC<br \/>\nNominal Ak\u0131m : 0.3A<br \/>\nKablo uzunlu\u011fu : 40cm<br \/>\nKonnekt\u00f6r :\u00a0 4 Pin Moleks\u00a0\u00a0&#8211; Power supply a G\u00fc\u00e7 &#8211; Kayna\u011f\u0131na ba\u011flanmaktad\u0131r.<br \/>\n\u00c7al\u0131\u015fma \u00d6mr\u00fc : 30.000 Saat<\/p>\n","protected":false},"excerpt":{"rendered":"<p>GAMEFORCE BEYAZ RA\u0130NBOW Y\u00fcksek Performans Serisi Kasa Fan\u0131 Sessiz ve ergonomik yap\u0131s\u0131 ile \u0131s\u0131nmay\u0131 engeller ve bilgisayar\u0131n\u0131z\u0131n daha verimli \u00e7al\u0131\u015fmas\u0131n\u0131 sa\u011flar. Boyutlar : 120x120x25 mm\u00a0\u00a012cm &#8211; 120mm H\u0131z : 1000 ~ 1200 (+\/- 10%) Hava ak\u0131\u015f\u0131 : 45CFM Hava bas\u0131nc\u0131 : 1.273mm\/H20 G\u00fcr\u00fclt\u00fc : 16.5 dBA \u00c7al\u0131\u015fma Voltaj\u0131 : 12V DC Nominal Ak\u0131m : 0.3A [&hellip;]<\/p>\n","protected":false},"featured_media":332,"comment_status":"open","ping_status":"closed","template":"","meta":[],"product_cat":[21],"product_tag":[],"class_list":{"0":"post-331","1":"product","2":"type-product","3":"status-publish","4":"has-post-thumbnail","6":"product_cat-kasa-fanlari","8":"first","9":"instock","10":"shipping-taxable","11":"purchasable","12":"product-type-simple"},"_links":{"self":[{"href":"http:\/\/www.rsateknoloji.com.tr\/index.php?rest_route=\/wp\/v2\/product\/331","targetHints":{"allow":["GET"]}}],"collection":[{"href":"http:\/\/www.rsateknoloji.com.tr\/index.php?rest_route=\/wp\/v2\/product"}],"about":[{"href":"http:\/\/www.rsateknoloji.com.tr\/index.php?rest_route=\/wp\/v2\/types\/product"}],"replies":[{"embeddable":true,"href":"http:\/\/www.rsateknoloji.com.tr\/index.php?rest_route=%2Fwp%2Fv2%2Fcomments&post=331"}],"wp:featuredmedia":[{"embeddable":true,"href":"http:\/\/www.rsateknoloji.com.tr\/index.php?rest_route=\/wp\/v2\/media\/332"}],"wp:attachment":[{"href":"http:\/\/www.rsateknoloji.com.tr\/index.php?rest_route=%2Fwp%2Fv2%2Fmedia&parent=331"}],"wp:term":[{"taxonomy":"product_cat","embeddable":true,"href":"http:\/\/www.rsateknoloji.com.tr\/index.php?rest_route=%2Fwp%2Fv2%2Fproduct_cat&post=331"},{"taxonomy":"product_tag","embeddable":true,"href":"http:\/\/www.rsateknoloji.com.tr\/index.php?rest_route=%2Fwp%2Fv2%2Fproduct_tag&post=331"}],"curies":[{"name":"wp","href":"https:\/\/api.w.org\/{rel}","templated":true}]}}