{"id":334,"date":"2024-11-01T09:41:13","date_gmt":"2024-11-01T09:41:13","guid":{"rendered":"http:\/\/www.rsateknoloji.com.tr\/?post_type=product&#038;p=334"},"modified":"2026-03-10T17:09:22","modified_gmt":"2026-03-10T17:09:22","slug":"rdata-office-mini-matx-bilgisayar-kasasi","status":"publish","type":"product","link":"http:\/\/www.rsateknoloji.com.tr\/?product=rdata-office-mini-matx-bilgisayar-kasasi","title":{"rendered":"RDATA Office Mini Matx Bilgisayar Kasas\u0131"},"content":{"rendered":"<p><strong>RDATA Office Mini Matx Bilgisayar Kasas\u0131<\/strong><\/p>\n<p>&nbsp;<\/p>\n<p><strong>AAnakart Deste\u011fi<br \/>\nMicro ATX<\/p>\n<p>\u00d6n Panel Portlar<br \/>\n2 x USB , 1 x Mikrofon Giri\u015fi , 1 x Ses Giri\u015fi \/ Power &amp; Reset Buton<\/p>\n<p>S\u00fcr\u00fcc\u00fc Yerleri<br \/>\n2 x 3.5\u201d HDD S\u00fcr\u00fcc\u00fc Yeri (Dahili)<br \/>\n3 x 2.5\u201d SSD S\u00fcr\u00fcc\u00fc Yeri (Dahili)<\/p>\n<p>Fanlar<br \/>\n1 x 80mm Fan<\/p>\n<p>Boyutlar<br \/>\nKasa Boyut (\u00d6n Panel Dahil) : 295 x 350 x 165 (mm)<br \/>\nKasa Kutu Boyut : 390 x 336 x 196 (mm)<\/p>\n<p>Maksimum Ekran Kart\u0131 Uzunlu\u011fu : 255 (mm)<br \/>\nMaksimum CPU So\u011futucu Y\u00fcksekli\u011fi : 140 (mm)<\/p>\n<p>Kutu \u0130\u00e7eri\u011fi<br \/>\nKasa<br \/>\nG\u00fc\u00e7 Kablosu<br \/>\nSistem Montaj\u0131 \u0130\u00e7in Gerekli Vidalar<\/strong><\/p>\n","protected":false},"excerpt":{"rendered":"<p>RDATA Office Mini Matx Bilgisayar Kasas\u0131 &nbsp; AAnakart Deste\u011fi Micro ATX \u00d6n Panel Portlar 2 x USB , 1 x Mikrofon Giri\u015fi , 1 x Ses Giri\u015fi \/ Power &amp; Reset Buton S\u00fcr\u00fcc\u00fc Yerleri 2 x 3.5\u201d HDD S\u00fcr\u00fcc\u00fc Yeri (Dahili) 3 x 2.5\u201d SSD S\u00fcr\u00fcc\u00fc Yeri (Dahili) Fanlar 1 x 80mm Fan Boyutlar Kasa [&hellip;]<\/p>\n","protected":false},"featured_media":587,"comment_status":"open","ping_status":"closed","template":"","meta":[],"product_cat":[16,17],"product_tag":[],"class_list":{"0":"post-334","1":"product","2":"type-product","3":"status-publish","4":"has-post-thumbnail","6":"product_cat-bilgisayar-bilesenleri","7":"product_cat-kasalar","9":"first","10":"instock","11":"shipping-taxable","12":"purchasable","13":"product-type-simple"},"_links":{"self":[{"href":"http:\/\/www.rsateknoloji.com.tr\/index.php?rest_route=\/wp\/v2\/product\/334","targetHints":{"allow":["GET"]}}],"collection":[{"href":"http:\/\/www.rsateknoloji.com.tr\/index.php?rest_route=\/wp\/v2\/product"}],"about":[{"href":"http:\/\/www.rsateknoloji.com.tr\/index.php?rest_route=\/wp\/v2\/types\/product"}],"replies":[{"embeddable":true,"href":"http:\/\/www.rsateknoloji.com.tr\/index.php?rest_route=%2Fwp%2Fv2%2Fcomments&post=334"}],"wp:featuredmedia":[{"embeddable":true,"href":"http:\/\/www.rsateknoloji.com.tr\/index.php?rest_route=\/wp\/v2\/media\/587"}],"wp:attachment":[{"href":"http:\/\/www.rsateknoloji.com.tr\/index.php?rest_route=%2Fwp%2Fv2%2Fmedia&parent=334"}],"wp:term":[{"taxonomy":"product_cat","embeddable":true,"href":"http:\/\/www.rsateknoloji.com.tr\/index.php?rest_route=%2Fwp%2Fv2%2Fproduct_cat&post=334"},{"taxonomy":"product_tag","embeddable":true,"href":"http:\/\/www.rsateknoloji.com.tr\/index.php?rest_route=%2Fwp%2Fv2%2Fproduct_tag&post=334"}],"curies":[{"name":"wp","href":"https:\/\/api.w.org\/{rel}","templated":true}]}}