{"id":340,"date":"2024-11-01T17:47:32","date_gmt":"2024-11-01T17:47:32","guid":{"rendered":"http:\/\/www.rsateknoloji.com.tr\/?post_type=product&#038;p=340"},"modified":"2026-03-10T17:08:47","modified_gmt":"2026-03-10T17:08:47","slug":"gameforce-rainy-beyaz-4x120mm-rainbow-fan-oyuncu-bilgisayar-kasasi","status":"publish","type":"product","link":"http:\/\/www.rsateknoloji.com.tr\/?product=gameforce-rainy-beyaz-4x120mm-rainbow-fan-oyuncu-bilgisayar-kasasi","title":{"rendered":"Gameforce Rainy Beyaz 4x120mm Rainbow Fan E-ATX Oyuncu Bilgisayar Kasas\u0131"},"content":{"rendered":"<p>Gameforce Rainy Beyaz 4x120mm Rainbow Fan E-ATX Oyuncu Bilgisayar Kasas\u0131<\/p>\n<p>Yan Panel : 4mm Temperli Cam \/ \u00d6n Panel : Plastik Izgara (Toz Filtresi var.)<br \/>\n\u00dcst Panelde Manyetik \u00c7\u0131kar\u0131labilir Toz Filtre<br \/>\nAlt Panelde \u00c7\u0131kar\u0131labilir Toz Filtre<\/p>\n<p>&nbsp;<\/p>\n<p><strong>\u00dcst Panel Portlar<\/strong><br \/>\n1 x USB 3.0, 2 x USB 2.0 , 1 x Mikrofon Giri\u015fi , 1 x HD Audio, Power \/ Reset<\/p>\n<p>&nbsp;<\/p>\n<p><strong>Anakart Deste\u011fi<\/strong><br \/>\nE-ATX, ATX, Micro-ATX, Mini ITX<\/p>\n<p>&nbsp;<\/p>\n<p><strong>S\u00fcr\u00fcc\u00fc Yerleri<\/strong><br \/>\n3 x 2.5\u201d HDD\/SSD S\u00fcr\u00fcc\u00fc Yeri (Dahili)<br \/>\n1 x 3.5\u201d HDD S\u00fcr\u00fcc\u00fc Yeri (Dahili)<\/p>\n<p>&nbsp;<\/p>\n<p><strong>Fanlar<\/strong><br \/>\n\u00d6n Panel : 3 x 120mm Rainbow Fan<br \/>\nArka Panel : 1 x 120mm Rainbow Fan<br \/>\n\u00dcst Panel : 2 x 120mm Fan (Opsiyonel)<\/p>\n<p>Alt Panel : 2 x 120mm Fan (Opsiyonel)<\/p>\n<p><strong>A\u011f\u0131rl\u0131k<\/strong><\/p>\n<p>5200 Gram<\/p>\n<p><strong>Boyutlar<\/strong><br \/>\nKasa Boyut (\u00d6n Panel Dahil) : 410 x 200 x 450 (mm)<br \/>\nKasa Kutu Boyut : 490 x 255 x 460 (mm)<\/p>\n<p>&nbsp;<\/p>\n<p>Maksimum Ekran Kart\u0131 Uzunlu\u011fu : 350 (mm)<br \/>\nMaksimum CPU So\u011futucu Y\u00fcksekli\u011fi : 160 (mm)<\/p>\n<p>&nbsp;<\/p>\n<p><strong>Kutu \u0130\u00e7eri\u011fi<\/strong><br \/>\nKasa<br \/>\nSistem Montaj\u0131 \u0130\u00e7in Gerekli Vidalar<br \/>\nGaranti Belgesi<\/p>\n<p>&nbsp;<\/p>\n<table id=\"product-attribute-specs-table\" class=\"data table additional-attributes\">\n<tbody>\n<tr>\n<th class=\"col label\" scope=\"row\">Marka<\/th>\n<td class=\"col data\" data-th=\"Marka\">GAMEFORCE<\/td>\n<\/tr>\n<tr>\n<th class=\"col label\" scope=\"row\">\u00dcr\u00fcn Kodu<\/th>\n<td class=\"col data\" data-th=\"\u00dcr\u00fcn Kodu\">RAINY<\/td>\n<\/tr>\n<tr>\n<th class=\"col label\" scope=\"row\">Renk<\/th>\n<td class=\"col data\" data-th=\"Renk\">Beyaz<\/td>\n<\/tr>\n<tr>\n<th class=\"col label\" scope=\"row\">Kasa Tipi<\/th>\n<td class=\"col data\" data-th=\"Kasa Tipi\">Mid Tower<\/td>\n<\/tr>\n<tr>\n<th class=\"col label\" scope=\"row\">Anakart Deste\u011fi<\/th>\n<td class=\"col data\" data-th=\"Anakart Deste\u011fi\">E-ATX, ATX, Micro ATX, Mini ITX<\/td>\n<\/tr>\n<tr>\n<th class=\"col label\" scope=\"row\">G\u00fc\u00e7 Kayna\u011f\u0131<\/th>\n<td class=\"col data\" data-th=\"G\u00fc\u00e7 Kayna\u011f\u0131\">Yok<\/td>\n<\/tr>\n<tr>\n<th class=\"col label\" scope=\"row\">G\u00fc\u00e7 Kayna\u011f\u0131 Konumu<\/th>\n<td class=\"col data\" data-th=\"G\u00fc\u00e7 Kayna\u011f\u0131 Konumu\">Altta<\/td>\n<\/tr>\n<tr>\n<th class=\"col label\" scope=\"row\">Yan Panel<\/th>\n<td class=\"col data\" data-th=\"Yan Panel\">Sol Panel : 4mm Temperli Cam \/ \u00d6n Panel : Plastik Izgara (Toz Filtresi var)<\/td>\n<\/tr>\n<tr>\n<th class=\"col label\" scope=\"row\">\u00d6n Panel Portlar<\/th>\n<td class=\"col data\" data-th=\"\u00d6n Panel Portlar\">1 x USB 3.0, 2 x USB 2.0 , 1 x Mikrofon Giri\u015fi , 1 x HD Audio, Power \/ Reset<\/td>\n<\/tr>\n<tr>\n<th class=\"col label\" scope=\"row\">Harici 5.25&#8243; S\u00fcr\u00fcc\u00fc Yuvas\u0131<\/th>\n<td class=\"col data\" data-th=\"Harici 5.25&quot; S\u00fcr\u00fcc\u00fc Yuvas\u0131\">Yok<\/td>\n<\/tr>\n<tr>\n<th class=\"col label\" scope=\"row\">Harici 3.5&#8243; S\u00fcr\u00fcc\u00fc Yuvas\u0131<\/th>\n<td class=\"col data\" data-th=\"Harici 3.5&quot; S\u00fcr\u00fcc\u00fc Yuvas\u0131\">Yok<\/td>\n<\/tr>\n<tr>\n<th class=\"col label\" scope=\"row\">Dahili 3.5&#8243; S\u00fcr\u00fcc\u00fc Yuvas\u0131<\/th>\n<td class=\"col data\" data-th=\"Dahili 3.5&quot; S\u00fcr\u00fcc\u00fc Yuvas\u0131\">1<\/td>\n<\/tr>\n<tr>\n<th class=\"col label\" scope=\"row\">Dahili 2.5\u201d HDD\/SSD S\u00fcr\u00fcc\u00fc Yeri<\/th>\n<td class=\"col data\" data-th=\"Dahili 2.5\u201d HDD\/SSD S\u00fcr\u00fcc\u00fc Yeri\">3<\/td>\n<\/tr>\n<tr>\n<th class=\"col label\" scope=\"row\">Geni\u015fleme Yuvalar\u0131<\/th>\n<td class=\"col data\" data-th=\"Geni\u015fleme Yuvalar\u0131\">7<\/td>\n<\/tr>\n<tr>\n<th class=\"col label\" scope=\"row\">Fanlar<\/th>\n<td class=\"col data\" data-th=\"Fanlar\">\u00d6n Panel : 3 x 120mm Rainbow Fan<br \/>\nArka Panel : 1 x 120mm Rainbow Fan<br \/>\n\u00dcst Panel : 2 x 120mm Fan (Opsiyonel)Alt Panel : 2 x 120mm Fan (Opsiyonel)<\/td>\n<\/tr>\n<tr>\n<th class=\"col label\" scope=\"row\">Maks. Grafik Kart\u0131 Uzunluk<\/th>\n<td class=\"col data\" data-th=\"Maks. Grafik Kart\u0131 Uzunluk\">350 (mm)<\/td>\n<\/tr>\n<tr>\n<th class=\"col label\" scope=\"row\">Maks. CPU So\u011futucu Y\u00fckseklik<\/th>\n<td class=\"col data\" data-th=\"Maks. CPU So\u011futucu Y\u00fckseklik\">160 (mm)<\/td>\n<\/tr>\n<tr>\n<th class=\"col label\" scope=\"row\">Maks. PSU Uzunluk<\/th>\n<td class=\"col data\" data-th=\"Maks. PSU Uzunluk\">160 (mm)<\/td>\n<\/tr>\n<tr>\n<th class=\"col label\" scope=\"row\">Yerle\u015fik Ayd\u0131nlatma Sistemi<\/th>\n<td class=\"col data\" data-th=\"Yerle\u015fik Ayd\u0131nlatma Sistemi\">4 x 120mm Rainbow Fan<\/td>\n<\/tr>\n<tr>\n<th class=\"col label\" scope=\"row\">Boyutlar<\/th>\n<td class=\"col data\" data-th=\"Boyutlar\">Kasa Boyut : 410 x 200 x 450 (mm)<br \/>\nKasa Kutu Boyut : 490 x 255 x 460 (mm)<\/td>\n<\/tr>\n<tr>\n<th class=\"col label\" scope=\"row\">Garanti S\u00fcresi<\/th>\n<td class=\"col data\" data-th=\"Garanti S\u00fcresi\">24 Ay<\/td>\n<\/tr>\n<\/tbody>\n<\/table>\n","protected":false},"excerpt":{"rendered":"<p>Gameforce Rainy Beyaz 4x120mm Rainbow Fan E-ATX Oyuncu Bilgisayar Kasas\u0131 Yan Panel : 4mm Temperli Cam \/ \u00d6n Panel : Plastik Izgara (Toz Filtresi var.) \u00dcst Panelde Manyetik \u00c7\u0131kar\u0131labilir Toz Filtre Alt Panelde \u00c7\u0131kar\u0131labilir Toz Filtre &nbsp; \u00dcst Panel Portlar 1 x USB 3.0, 2 x USB 2.0 , 1 x Mikrofon Giri\u015fi , 1 [&hellip;]<\/p>\n","protected":false},"featured_media":350,"comment_status":"open","ping_status":"closed","template":"","meta":[],"product_cat":[17],"product_tag":[],"class_list":{"0":"post-340","1":"product","2":"type-product","3":"status-publish","4":"has-post-thumbnail","6":"product_cat-kasalar","8":"first","9":"instock","10":"shipping-taxable","11":"purchasable","12":"product-type-simple"},"_links":{"self":[{"href":"http:\/\/www.rsateknoloji.com.tr\/index.php?rest_route=\/wp\/v2\/product\/340","targetHints":{"allow":["GET"]}}],"collection":[{"href":"http:\/\/www.rsateknoloji.com.tr\/index.php?rest_route=\/wp\/v2\/product"}],"about":[{"href":"http:\/\/www.rsateknoloji.com.tr\/index.php?rest_route=\/wp\/v2\/types\/product"}],"replies":[{"embeddable":true,"href":"http:\/\/www.rsateknoloji.com.tr\/index.php?rest_route=%2Fwp%2Fv2%2Fcomments&post=340"}],"wp:featuredmedia":[{"embeddable":true,"href":"http:\/\/www.rsateknoloji.com.tr\/index.php?rest_route=\/wp\/v2\/media\/350"}],"wp:attachment":[{"href":"http:\/\/www.rsateknoloji.com.tr\/index.php?rest_route=%2Fwp%2Fv2%2Fmedia&parent=340"}],"wp:term":[{"taxonomy":"product_cat","embeddable":true,"href":"http:\/\/www.rsateknoloji.com.tr\/index.php?rest_route=%2Fwp%2Fv2%2Fproduct_cat&post=340"},{"taxonomy":"product_tag","embeddable":true,"href":"http:\/\/www.rsateknoloji.com.tr\/index.php?rest_route=%2Fwp%2Fv2%2Fproduct_tag&post=340"}],"curies":[{"name":"wp","href":"https:\/\/api.w.org\/{rel}","templated":true}]}}