{"id":355,"date":"2024-11-02T09:41:28","date_gmt":"2024-11-02T09:41:28","guid":{"rendered":"http:\/\/www.rsateknoloji.com.tr\/?post_type=product&#038;p=355"},"modified":"2026-03-10T17:08:08","modified_gmt":"2026-03-10T17:08:08","slug":"gameforce-wmesh-beyaz-4x120mm-rainbow-fan-atx-oyuncu-bilgisayar-kasasi","status":"publish","type":"product","link":"http:\/\/www.rsateknoloji.com.tr\/?product=gameforce-wmesh-beyaz-4x120mm-rainbow-fan-atx-oyuncu-bilgisayar-kasasi","title":{"rendered":"Gameforce Wmesh Beyaz 4x120mm Rainbow Fan ATX Oyuncu Bilgisayar Kasas\u0131"},"content":{"rendered":"<p><strong>Gameforce Wmesh Beyaz 4x120mm Rainbow Fan ATX Oyuncu Bilgisayar Kasas\u0131<\/strong><\/p>\n<p>Yan Panel : 4mm Temperli Cam \/ \u00d6n Panel : Metal Izgara<br \/>\n\u00dcst Panelde Manyetik \u00c7\u0131kar\u0131labilir Toz Filtre<\/p>\n<p><strong>\u00dcst Panel Portlar<\/strong><br \/>\n1 x USB 3.0, 2 x USB 2.0 , 1 x Mikrofon Giri\u015fi , 1 x HD Audio, Power \/ Reset<\/p>\n<p><strong>Anakart Deste\u011fi<\/strong><br \/>\nATX, Micro-ATX, Mini ITX<\/p>\n<p><strong>S\u00fcr\u00fcc\u00fc Yerleri<\/strong><br \/>\n2 x 2.5\u201d HDD\/SSD S\u00fcr\u00fcc\u00fc Yeri (Dahili)<br \/>\n2 x 3.5\u201d HDD S\u00fcr\u00fcc\u00fc Yeri (Dahili)<\/p>\n<p><strong>Fanlar<\/strong><br \/>\n\u00d6n Panel : 3 x 120mm Rainbow Fan<br \/>\nArka Panel : 1 x 120mm Rainbow Fan<br \/>\n\u00dcst Panel : 2 x 120mm Fan (Opsiyonel)<\/p>\n<p><strong>A\u011f\u0131rl\u0131k<\/strong><\/p>\n<p>4 Kg.<\/p>\n<p><strong>Boyutlar<\/strong><br \/>\nKasa Boyut (\u00d6n Panel Dahil) : 380 x 180 x 415 (mm)<br \/>\nKasa Kutu Boyut : 455 x 230 x 430 (mm)<\/p>\n<p>Maksimum Ekran Kart\u0131 Uzunlu\u011fu : 320 (mm)<br \/>\nMaksimum CPU So\u011futucu Y\u00fcksekli\u011fi : 150 (mm)<\/p>\n<p><strong>Kutu \u0130\u00e7eri\u011fi<\/strong><br \/>\nKasa<br \/>\nSistem Montaj\u0131 \u0130\u00e7in Gerekli Vidalar<br \/>\nGaranti Belgesi<\/p>\n<p>&nbsp;<\/p>\n<table id=\"product-attribute-specs-table\" class=\"data table additional-attributes\">\n<tbody>\n<tr>\n<th class=\"col label\" scope=\"row\">Marka<\/th>\n<td class=\"col data\" data-th=\"Marka\">GAMEFORCE<\/td>\n<\/tr>\n<tr>\n<th class=\"col label\" scope=\"row\">\u00dcr\u00fcn Kodu<\/th>\n<td class=\"col data\" data-th=\"\u00dcr\u00fcn Kodu\">WMESH<\/td>\n<\/tr>\n<tr>\n<th class=\"col label\" scope=\"row\">Renk<\/th>\n<td class=\"col data\" data-th=\"Renk\">Beyaz<\/td>\n<\/tr>\n<tr>\n<th class=\"col label\" scope=\"row\">Kasa Tipi<\/th>\n<td class=\"col data\" data-th=\"Kasa Tipi\">Mid Tower<\/td>\n<\/tr>\n<tr>\n<th class=\"col label\" scope=\"row\">Anakart Deste\u011fi<\/th>\n<td class=\"col data\" data-th=\"Anakart Deste\u011fi\">ATX, Micro ATX, Mini ITX<\/td>\n<\/tr>\n<tr>\n<th class=\"col label\" scope=\"row\">G\u00fc\u00e7 Kayna\u011f\u0131<\/th>\n<td class=\"col data\" data-th=\"G\u00fc\u00e7 Kayna\u011f\u0131\">Yok<\/td>\n<\/tr>\n<tr>\n<th class=\"col label\" scope=\"row\">G\u00fc\u00e7 Kayna\u011f\u0131 Konumu<\/th>\n<td class=\"col data\" data-th=\"G\u00fc\u00e7 Kayna\u011f\u0131 Konumu\">Altta<\/td>\n<\/tr>\n<tr>\n<th class=\"col label\" scope=\"row\">Yan Panel<\/th>\n<td class=\"col data\" data-th=\"Yan Panel\">Sol Panel : 4mm Temperli Cam \/ \u00d6n Panel : Metal Izgara<\/td>\n<\/tr>\n<tr>\n<th class=\"col label\" scope=\"row\">\u00d6n Panel Portlar<\/th>\n<td class=\"col data\" data-th=\"\u00d6n Panel Portlar\">1 x USB 3.0, 2 x USB 2.0 , 1 x Mikrofon Giri\u015fi , 1 x HD Audio, Power \/ Reset<\/td>\n<\/tr>\n<tr>\n<th class=\"col label\" scope=\"row\">Harici 5.25\u2033 S\u00fcr\u00fcc\u00fc Yuvas\u0131<\/th>\n<td class=\"col data\" data-th=\"Harici 5.25&quot; S\u00fcr\u00fcc\u00fc Yuvas\u0131\">Yok<\/td>\n<\/tr>\n<tr>\n<th class=\"col label\" scope=\"row\">Harici 3.5\u2033 S\u00fcr\u00fcc\u00fc Yuvas\u0131<\/th>\n<td class=\"col data\" data-th=\"Harici 3.5&quot; S\u00fcr\u00fcc\u00fc Yuvas\u0131\">Yok<\/td>\n<\/tr>\n<tr>\n<th class=\"col label\" scope=\"row\">Dahili 3.5\u2033 S\u00fcr\u00fcc\u00fc Yuvas\u0131<\/th>\n<td class=\"col data\" data-th=\"Dahili 3.5&quot; S\u00fcr\u00fcc\u00fc Yuvas\u0131\">2<\/td>\n<\/tr>\n<tr>\n<th class=\"col label\" scope=\"row\">Dahili 2.5\u201d HDD\/SSD S\u00fcr\u00fcc\u00fc Yeri<\/th>\n<td class=\"col data\" data-th=\"Dahili 2.5\u201d HDD\/SSD S\u00fcr\u00fcc\u00fc Yeri\">2<\/td>\n<\/tr>\n<tr>\n<th class=\"col label\" scope=\"row\">Geni\u015fleme Yuvalar\u0131<\/th>\n<td class=\"col data\" data-th=\"Geni\u015fleme Yuvalar\u0131\">7<\/td>\n<\/tr>\n<tr>\n<th class=\"col label\" scope=\"row\">Fanlar<\/th>\n<td class=\"col data\" data-th=\"Fanlar\">\u00d6n Panel : 3 x 120mm Rainbow Fan<br \/>\nArka Panel : 1 x 120mm Rainbow Fan<br \/>\n\u00dcst Panel : 2 x 120mm Fan (Opsiyonel)Alt Panel : 2 x 120mm Fan (Opsiyonel)<\/td>\n<\/tr>\n<tr>\n<th class=\"col label\" scope=\"row\">Maks. Grafik Kart\u0131 Uzunluk<\/th>\n<td class=\"col data\" data-th=\"Maks. Grafik Kart\u0131 Uzunluk\">320 (mm)<\/td>\n<\/tr>\n<tr>\n<th class=\"col label\" scope=\"row\">Maks. CPU So\u011futucu Y\u00fckseklik<\/th>\n<td class=\"col data\" data-th=\"Maks. CPU So\u011futucu Y\u00fckseklik\">150 (mm)<\/td>\n<\/tr>\n<tr>\n<th class=\"col label\" scope=\"row\">Maks. PSU Uzunluk<\/th>\n<td class=\"col data\" data-th=\"Maks. PSU Uzunluk\">160 (mm)<\/td>\n<\/tr>\n<tr>\n<th class=\"col label\" scope=\"row\">A\u011f\u0131rl\u0131k<\/th>\n<td class=\"col data\" data-th=\"Yerle\u015fik Ayd\u0131nlatma Sistemi\">4\u00a0 Kg.<\/td>\n<\/tr>\n<tr>\n<th class=\"col label\" scope=\"row\">Boyutlar<\/th>\n<td class=\"col data\" data-th=\"Boyutlar\">Kasa Boyut : 380 x 180 x 415 (mm)<br \/>\nKasa Kutu Boyut : 455 x 230 x 430 (mm)<\/td>\n<\/tr>\n<tr>\n<th class=\"col label\" scope=\"row\">Garanti S\u00fcresi<\/th>\n<td class=\"col data\" data-th=\"Garanti S\u00fcresi\">24 Ay<\/td>\n<\/tr>\n<\/tbody>\n<\/table>\n","protected":false},"excerpt":{"rendered":"<p>Gameforce Wmesh Beyaz 4x120mm Rainbow Fan ATX Oyuncu Bilgisayar Kasas\u0131 Yan Panel : 4mm Temperli Cam \/ \u00d6n Panel : Metal Izgara \u00dcst Panelde Manyetik \u00c7\u0131kar\u0131labilir Toz Filtre \u00dcst Panel Portlar 1 x USB 3.0, 2 x USB 2.0 , 1 x Mikrofon Giri\u015fi , 1 x HD Audio, Power \/ Reset Anakart Deste\u011fi ATX, [&hellip;]<\/p>\n","protected":false},"featured_media":360,"comment_status":"open","ping_status":"closed","template":"","meta":[],"product_cat":[17],"product_tag":[],"class_list":{"0":"post-355","1":"product","2":"type-product","3":"status-publish","4":"has-post-thumbnail","6":"product_cat-kasalar","8":"first","9":"instock","10":"shipping-taxable","11":"purchasable","12":"product-type-simple"},"_links":{"self":[{"href":"http:\/\/www.rsateknoloji.com.tr\/index.php?rest_route=\/wp\/v2\/product\/355","targetHints":{"allow":["GET"]}}],"collection":[{"href":"http:\/\/www.rsateknoloji.com.tr\/index.php?rest_route=\/wp\/v2\/product"}],"about":[{"href":"http:\/\/www.rsateknoloji.com.tr\/index.php?rest_route=\/wp\/v2\/types\/product"}],"replies":[{"embeddable":true,"href":"http:\/\/www.rsateknoloji.com.tr\/index.php?rest_route=%2Fwp%2Fv2%2Fcomments&post=355"}],"wp:featuredmedia":[{"embeddable":true,"href":"http:\/\/www.rsateknoloji.com.tr\/index.php?rest_route=\/wp\/v2\/media\/360"}],"wp:attachment":[{"href":"http:\/\/www.rsateknoloji.com.tr\/index.php?rest_route=%2Fwp%2Fv2%2Fmedia&parent=355"}],"wp:term":[{"taxonomy":"product_cat","embeddable":true,"href":"http:\/\/www.rsateknoloji.com.tr\/index.php?rest_route=%2Fwp%2Fv2%2Fproduct_cat&post=355"},{"taxonomy":"product_tag","embeddable":true,"href":"http:\/\/www.rsateknoloji.com.tr\/index.php?rest_route=%2Fwp%2Fv2%2Fproduct_tag&post=355"}],"curies":[{"name":"wp","href":"https:\/\/api.w.org\/{rel}","templated":true}]}}