{"id":412,"date":"2025-02-26T21:42:09","date_gmt":"2025-02-26T21:42:09","guid":{"rendered":"http:\/\/www.rsateknoloji.com.tr\/?post_type=product&#038;p=412"},"modified":"2026-03-10T17:07:05","modified_gmt":"2026-03-10T17:07:05","slug":"gameforce-bigmesh-4x120mm-rgb-fanli-oyuncu-bilgisayar-kasasi","status":"publish","type":"product","link":"http:\/\/www.rsateknoloji.com.tr\/?product=gameforce-bigmesh-4x120mm-rgb-fanli-oyuncu-bilgisayar-kasasi","title":{"rendered":"GAMEFORCE Bigmesh 4x120mm Rgb Fanl\u0131 Oyuncu Bilgisayar Kasas\u0131"},"content":{"rendered":"<p>&nbsp;<\/p>\n<table width=\"0\">\n<tbody>\n<tr>\n<td>Marka<\/td>\n<td>GAMEFORCE<\/td>\n<\/tr>\n<tr>\n<td>\u00dcr\u00fcn Kodu<\/td>\n<td>BIGMESH<\/td>\n<\/tr>\n<tr>\n<td>Renk<\/td>\n<td>Siyah<\/td>\n<\/tr>\n<tr>\n<td>Kasa Tipi<\/td>\n<td>Mid Tower<\/td>\n<\/tr>\n<tr>\n<td>Anakart Deste\u011fi<\/td>\n<td>E-ATX, ATX, Micro ATX, Mini ITX<\/td>\n<\/tr>\n<tr>\n<td>G\u00fc\u00e7 Kayna\u011f\u0131<\/td>\n<td>YOK<\/td>\n<\/tr>\n<tr>\n<td>G\u00fc\u00e7 Kayna\u011f\u0131 Konumu<\/td>\n<td>Altta<\/td>\n<\/tr>\n<tr>\n<td>Yan Panel<\/td>\n<td>\u015eeffaf<\/td>\n<\/tr>\n<tr>\n<td>Dahili 3.5&#8243; S\u00fcr\u00fcc\u00fc Yuvas\u0131<\/td>\n<td>2<\/td>\n<\/tr>\n<tr>\n<td>Dahili 2.5\u201d HDD\/SSD S\u00fcr\u00fcc\u00fc Yeri<\/td>\n<td>2<\/td>\n<\/tr>\n<tr>\n<td>Geni\u015fleme Yuvalar\u0131<\/td>\n<td>7<\/td>\n<\/tr>\n<tr>\n<td>Fanlar<\/td>\n<td>\u00d6n: 3 x 120mm Rgb fan<\/p>\n<p>Arka : 1 x 120mm Rgb fan<\/p>\n<p>&nbsp;<\/td>\n<\/tr>\n<tr>\n<td>S\u0131v\u0131 So\u011futma Deste\u011fi<\/td>\n<td>360mm \/ 280mm \/ 240mm \/ 140mm \/ 120mm<\/td>\n<\/tr>\n<tr>\n<td>Maks. Grafik Kart\u0131 Uzunluk<\/td>\n<td>410 (mm)<\/td>\n<\/tr>\n<tr>\n<td>Maks. PSU Uzunluk<\/td>\n<td>200 (mm)<\/td>\n<\/tr>\n<tr>\n<td>Yerle\u015fik Ayd\u0131nlatma Sistemi<\/td>\n<td>120mm RGB Fan<\/td>\n<\/tr>\n<tr>\n<td>Boyutlar<\/td>\n<td>Kasa Boyut : 455 x 210 x 485 (mm)<\/p>\n<p>Kasa Kutu Boyut : 532 x 262 x 515 (mm)<\/td>\n<\/tr>\n<tr>\n<td>A\u011f\u0131rl\u0131k<\/td>\n<td>N.W: 5.9 Kg &#8211; G.W: 6.9 Kg<\/td>\n<\/tr>\n<tr>\n<td>Garanti S\u00fcresi<\/td>\n<td>24 Ay<\/td>\n<\/tr>\n<\/tbody>\n<\/table>\n<p>&nbsp;<\/p>\n","protected":false},"excerpt":{"rendered":"<p>&nbsp; Marka GAMEFORCE \u00dcr\u00fcn Kodu BIGMESH Renk Siyah Kasa Tipi Mid Tower Anakart Deste\u011fi E-ATX, ATX, Micro ATX, Mini ITX G\u00fc\u00e7 Kayna\u011f\u0131 YOK G\u00fc\u00e7 Kayna\u011f\u0131 Konumu Altta Yan Panel \u015eeffaf Dahili 3.5&#8243; S\u00fcr\u00fcc\u00fc Yuvas\u0131 2 Dahili 2.5\u201d HDD\/SSD S\u00fcr\u00fcc\u00fc Yeri 2 Geni\u015fleme Yuvalar\u0131 7 Fanlar \u00d6n: 3 x 120mm Rgb fan Arka : 1 x [&hellip;]<\/p>\n","protected":false},"featured_media":413,"comment_status":"open","ping_status":"closed","template":"","meta":[],"product_cat":[17],"product_tag":[],"class_list":{"0":"post-412","1":"product","2":"type-product","3":"status-publish","4":"has-post-thumbnail","6":"product_cat-kasalar","8":"first","9":"instock","10":"shipping-taxable","11":"purchasable","12":"product-type-simple"},"_links":{"self":[{"href":"http:\/\/www.rsateknoloji.com.tr\/index.php?rest_route=\/wp\/v2\/product\/412","targetHints":{"allow":["GET"]}}],"collection":[{"href":"http:\/\/www.rsateknoloji.com.tr\/index.php?rest_route=\/wp\/v2\/product"}],"about":[{"href":"http:\/\/www.rsateknoloji.com.tr\/index.php?rest_route=\/wp\/v2\/types\/product"}],"replies":[{"embeddable":true,"href":"http:\/\/www.rsateknoloji.com.tr\/index.php?rest_route=%2Fwp%2Fv2%2Fcomments&post=412"}],"wp:featuredmedia":[{"embeddable":true,"href":"http:\/\/www.rsateknoloji.com.tr\/index.php?rest_route=\/wp\/v2\/media\/413"}],"wp:attachment":[{"href":"http:\/\/www.rsateknoloji.com.tr\/index.php?rest_route=%2Fwp%2Fv2%2Fmedia&parent=412"}],"wp:term":[{"taxonomy":"product_cat","embeddable":true,"href":"http:\/\/www.rsateknoloji.com.tr\/index.php?rest_route=%2Fwp%2Fv2%2Fproduct_cat&post=412"},{"taxonomy":"product_tag","embeddable":true,"href":"http:\/\/www.rsateknoloji.com.tr\/index.php?rest_route=%2Fwp%2Fv2%2Fproduct_tag&post=412"}],"curies":[{"name":"wp","href":"https:\/\/api.w.org\/{rel}","templated":true}]}}