{"id":462,"date":"2025-05-21T19:20:38","date_gmt":"2025-05-21T19:20:38","guid":{"rendered":"http:\/\/www.rsateknoloji.com.tr\/?post_type=product&#038;p=462"},"modified":"2026-03-10T17:05:39","modified_gmt":"2026-03-10T17:05:39","slug":"gameforce-raven-programlanabilir-8-000dpi-rgb-oyuncu-mouse","status":"publish","type":"product","link":"http:\/\/www.rsateknoloji.com.tr\/?product=gameforce-raven-programlanabilir-8-000dpi-rgb-oyuncu-mouse","title":{"rendered":"Gameforce Raven Programlanabilir 8.000DPI RGB Oyuncu Mouse"},"content":{"rendered":"<p><b><span class=\"size\">Gameforce Raven Programlanabilir 8.000DPI Oyuncu Mouse<\/span><\/b><\/p>\n<div><\/div>\n<p><span class=\"size\">Raven Mouse\u00a0\u00a0konforlu bir tasar\u0131m ve kontrol i\u00e7in kau\u00e7uk yan tutamaklarla \u00fcst\u00fcn konfor, dayan\u0131kl\u0131l\u0131k ve performans\u0131 bir araya getirir.<\/span><\/p>\n<div><\/div>\n<p><b><span class=\"size\">7 programlanabilir butona sahiptir.<\/span><\/b><\/p>\n<div><\/div>\n<p><span class=\"size\">Sunplus 199 geli\u015fmi\u015f Optik Sens\u00f6r\u00fc ile ger\u00e7ek\u00a0<b>8.000DPI.<\/b><\/span><\/p>\n<div><\/div>\n<p><span class=\"size\">\u00dcr\u00fcnle birlikte gelen yaz\u0131l\u0131m, temel i\u015flevlerini geni\u015fleterek size \u00fcr\u00fcn\u00fcn\u00fcz\u00fcn geli\u015fmi\u015f i\u015flevlerini, ayarlar\u0131n\u0131 ve \u00e7al\u0131\u015fmas\u0131n\u0131 de\u011fi\u015ftirmenizi sa\u011flar.<\/span><\/p>\n<div><\/div>\n<p><span class=\"size\">DPI butonu ile 4 de\u011fi\u015ftirilebilir renk<\/span><\/p>\n<div><\/div>\n<div><b><span class=\"size\">Teknik \u00d6zellikler<\/span><\/b><\/div>\n<div><span class=\"size\">Model : Raven<\/span><\/div>\n<div><span class=\"size\">Stil : Oyun mouse<\/span><\/div>\n<div><span class=\"size\">Sens\u00f6r tipi : Optik sens\u00f6r teknolojisi<\/span><\/div>\n<div><span class=\"size\">Yonga seti : Sunplus 199<\/span><\/div>\n<div><span class=\"size\">\u00c7\u00f6z\u00fcn\u00fcrl\u00fck (DPI) : 800 ~ 8.000 DPI<\/span><\/div>\n<div><span class=\"size\">LED : De\u011fi\u015ftirilebilir 4 Renk<\/span><\/div>\n<div><span class=\"size\">Maksimum h\u0131zlanma : 20G<\/span><\/div>\n<div><span class=\"size\">Yoklama H\u0131z\u0131 (Hz) : 125Hz<\/span><\/div>\n<div><span class=\"size\">FPS kare h\u0131z\u0131 : 4000 FPS<\/span><\/div>\n<div><span class=\"size\">Yaz\u0131l\u0131m ve makro : Var<\/span><\/div>\n<div><span class=\"size\">Makro buton say\u0131s\u0131 : 7 Buton<\/span><\/div>\n<div><\/div>\n<div><b><span class=\"size\">Fiziksel \u00d6zellikler<\/span><\/b><\/div>\n<div><span class=\"size\">Boyutlar : 128 x 68 x 27 (mm)<\/span><\/div>\n<div><span class=\"size\">A\u011f\u0131rl\u0131k : 130g<\/span><\/div>\n<div><span class=\"size\">Kablo Uzunlu\u011fu : 1.8m (\u00d6rg\u00fcl\u00fc kablo)<\/span><\/div>\n<div><\/div>\n<div><b><span class=\"size\">Sistem Gereksinimleri<\/span><\/b><\/div>\n<div><span class=\"size\">Windows\u00ae 7 \/ 8 \/ 10 ve Mac OSX<\/span><\/div>\n<div><span class=\"size\">USB giri\u015fi<\/span><\/div>\n<div><\/div>\n<div><b><span class=\"size\">Kutu \u0130\u00e7eri\u011fi<\/span><\/b><\/div>\n<div><span class=\"size\">Mouse<\/span><\/div>\n<div><span class=\"size\">Kullan\u0131m k\u0131lavuzu ve garanti belgesi<\/span><\/div>\n<div><\/div>\n<div><a href=\"http:\/\/www.rsateknoloji.com.tr\/wp-content\/uploads\/2025\/05\/Gameforce_raven_Gaming_Mouse_Setup-20250528pm5.7z\">Mouse program\u0131n\u0131 Buradan indirebilirsiniz.<\/a><\/div>\n<p>&nbsp;<\/p>\n<p>&nbsp;<\/p>\n<div><\/div>\n","protected":false},"excerpt":{"rendered":"<p>Gameforce Raven Programlanabilir 8.000DPI Oyuncu Mouse Raven Mouse\u00a0\u00a0konforlu bir tasar\u0131m ve kontrol i\u00e7in kau\u00e7uk yan tutamaklarla \u00fcst\u00fcn konfor, dayan\u0131kl\u0131l\u0131k ve performans\u0131 bir araya getirir. 7 programlanabilir butona sahiptir. Sunplus 199 geli\u015fmi\u015f Optik Sens\u00f6r\u00fc ile ger\u00e7ek\u00a08.000DPI. \u00dcr\u00fcnle birlikte gelen yaz\u0131l\u0131m, temel i\u015flevlerini geni\u015fleterek size \u00fcr\u00fcn\u00fcn\u00fcz\u00fcn geli\u015fmi\u015f i\u015flevlerini, ayarlar\u0131n\u0131 ve \u00e7al\u0131\u015fmas\u0131n\u0131 de\u011fi\u015ftirmenizi sa\u011flar. DPI butonu ile 4 [&hellip;]<\/p>\n","protected":false},"featured_media":464,"comment_status":"open","ping_status":"closed","template":"","meta":[],"product_cat":[16,45],"product_tag":[],"class_list":{"0":"post-462","1":"product","2":"type-product","3":"status-publish","4":"has-post-thumbnail","6":"product_cat-bilgisayar-bilesenleri","7":"product_cat-oyuncu-mouse-cevre-urunleri","9":"first","10":"instock","11":"downloadable","12":"shipping-taxable","13":"purchasable","14":"product-type-simple"},"_links":{"self":[{"href":"http:\/\/www.rsateknoloji.com.tr\/index.php?rest_route=\/wp\/v2\/product\/462","targetHints":{"allow":["GET"]}}],"collection":[{"href":"http:\/\/www.rsateknoloji.com.tr\/index.php?rest_route=\/wp\/v2\/product"}],"about":[{"href":"http:\/\/www.rsateknoloji.com.tr\/index.php?rest_route=\/wp\/v2\/types\/product"}],"replies":[{"embeddable":true,"href":"http:\/\/www.rsateknoloji.com.tr\/index.php?rest_route=%2Fwp%2Fv2%2Fcomments&post=462"}],"wp:featuredmedia":[{"embeddable":true,"href":"http:\/\/www.rsateknoloji.com.tr\/index.php?rest_route=\/wp\/v2\/media\/464"}],"wp:attachment":[{"href":"http:\/\/www.rsateknoloji.com.tr\/index.php?rest_route=%2Fwp%2Fv2%2Fmedia&parent=462"}],"wp:term":[{"taxonomy":"product_cat","embeddable":true,"href":"http:\/\/www.rsateknoloji.com.tr\/index.php?rest_route=%2Fwp%2Fv2%2Fproduct_cat&post=462"},{"taxonomy":"product_tag","embeddable":true,"href":"http:\/\/www.rsateknoloji.com.tr\/index.php?rest_route=%2Fwp%2Fv2%2Fproduct_tag&post=462"}],"curies":[{"name":"wp","href":"https:\/\/api.w.org\/{rel}","templated":true}]}}