{"id":484,"date":"2025-05-29T04:52:38","date_gmt":"2025-05-29T04:52:38","guid":{"rendered":"http:\/\/www.rsateknoloji.com.tr\/?post_type=product&#038;p=484"},"modified":"2026-03-10T17:05:18","modified_gmt":"2026-03-10T17:05:18","slug":"gameforce-eagle-programlanabilir-8-000dpi-rgb-oyuncu-mouse","status":"publish","type":"product","link":"http:\/\/www.rsateknoloji.com.tr\/?product=gameforce-eagle-programlanabilir-8-000dpi-rgb-oyuncu-mouse","title":{"rendered":"Gameforce Eagle Programlanabilir 8.000DPI RGB Oyuncu Mouse"},"content":{"rendered":"<p><strong>Gameforce Eagle Programlanabilir 8.000DPI RGB Oyuncu Mouse (GX24)<\/strong><\/p>\n<p>&nbsp;<\/p>\n<p><strong>Eagle<\/strong>\u00a0konforlu bir tasar\u0131m ve kontrol i\u00e7in kau\u00e7uk yan tutamaklarla \u00fcst\u00fcn konfor, dayan\u0131kl\u0131l\u0131k ve performans\u0131 bir araya getirir.<\/p>\n<p>&nbsp;<\/p>\n<p><strong>6 programlanabilir butona sahiptir.<\/strong><\/p>\n<p>&nbsp;<\/p>\n<p>Sunplus 199 geli\u015fmi\u015f Optik Sens\u00f6r\u00fc ile ger\u00e7ek\u00a0<strong>8.000DPI.<\/strong><\/p>\n<p>&nbsp;<\/p>\n<p>\u00dcr\u00fcnle birlikte gelen yaz\u0131l\u0131m, temel i\u015flevlerini geni\u015fleterek size \u00fcr\u00fcn\u00fcn\u00fcz\u00fcn geli\u015fmi\u015f i\u015flevlerini, ayarlar\u0131n\u0131 ve \u00e7al\u0131\u015fmas\u0131n\u0131 de\u011fi\u015ftirmenizi sa\u011flar.<\/p>\n<p>&nbsp;<\/p>\n<p><strong>Teknik \u00d6zellikler<\/strong><br \/>\nModel : Eagle<br \/>\nStil : Oyun mouse<br \/>\nSens\u00f6r tipi : Optik sens\u00f6r teknolojisi<br \/>\nYonga seti : SPCP199C<br \/>\n\u00c7\u00f6z\u00fcn\u00fcrl\u00fck (DPI) : 800 ~ 8.000 DPI<br \/>\nLED : RGB<br \/>\nMaksimum h\u0131zlanma : 12G<br \/>\nYoklama H\u0131z\u0131 (Hz) : 125Hz<br \/>\nFPS kare h\u0131z\u0131 : 4000 FPS<br \/>\nYaz\u0131l\u0131m ve makro : Var<br \/>\nMakro buton say\u0131s\u0131 : 6 Buton<\/p>\n<p>&nbsp;<\/p>\n<p><strong>Fiziksel \u00d6zellikler<\/strong><br \/>\nBoyutlar : 126 x 68 x 40 (mm)<br \/>\nA\u011f\u0131rl\u0131k : 140g<br \/>\nKablo Uzunlu\u011fu : 1.8m (\u00d6rg\u00fcl\u00fc kablo)<\/p>\n<p>&nbsp;<\/p>\n<p><strong>Sistem Gereksinimleri<\/strong><br \/>\nWindows\u00ae 7 \/ 8 \/ 10 ve Mac OSX<br \/>\nUSB giri\u015fi<\/p>\n<p>&nbsp;<\/p>\n<p><strong>Kutu \u0130\u00e7eri\u011fi<\/strong><br \/>\nMouse<br \/>\nKullan\u0131m k\u0131lavuzu ve garanti belgesi<\/p>\n<p>&nbsp;<\/p>\n<p><a href=\"http:\/\/www.rsateknoloji.com.tr\/wp-content\/uploads\/2025\/05\/Gameforce_GX24_Gaming_Mouse_Setup-20250527.7z\"><strong>Mouse Program\u0131 buradan indirebilirsiniz<\/strong><\/a><\/p>\n","protected":false},"excerpt":{"rendered":"<p>Gameforce Eagle Programlanabilir 8.000DPI RGB Oyuncu Mouse (GX24) &nbsp; Eagle\u00a0konforlu bir tasar\u0131m ve kontrol i\u00e7in kau\u00e7uk yan tutamaklarla \u00fcst\u00fcn konfor, dayan\u0131kl\u0131l\u0131k ve performans\u0131 bir araya getirir. &nbsp; 6 programlanabilir butona sahiptir. &nbsp; Sunplus 199 geli\u015fmi\u015f Optik Sens\u00f6r\u00fc ile ger\u00e7ek\u00a08.000DPI. &nbsp; \u00dcr\u00fcnle birlikte gelen yaz\u0131l\u0131m, temel i\u015flevlerini geni\u015fleterek size \u00fcr\u00fcn\u00fcn\u00fcz\u00fcn geli\u015fmi\u015f i\u015flevlerini, ayarlar\u0131n\u0131 ve \u00e7al\u0131\u015fmas\u0131n\u0131 de\u011fi\u015ftirmenizi [&hellip;]<\/p>\n","protected":false},"featured_media":485,"comment_status":"open","ping_status":"closed","template":"","meta":[],"product_cat":[45],"product_tag":[],"class_list":{"0":"post-484","1":"product","2":"type-product","3":"status-publish","4":"has-post-thumbnail","6":"product_cat-oyuncu-mouse-cevre-urunleri","8":"first","9":"instock","10":"downloadable","11":"shipping-taxable","12":"purchasable","13":"product-type-simple"},"_links":{"self":[{"href":"http:\/\/www.rsateknoloji.com.tr\/index.php?rest_route=\/wp\/v2\/product\/484","targetHints":{"allow":["GET"]}}],"collection":[{"href":"http:\/\/www.rsateknoloji.com.tr\/index.php?rest_route=\/wp\/v2\/product"}],"about":[{"href":"http:\/\/www.rsateknoloji.com.tr\/index.php?rest_route=\/wp\/v2\/types\/product"}],"replies":[{"embeddable":true,"href":"http:\/\/www.rsateknoloji.com.tr\/index.php?rest_route=%2Fwp%2Fv2%2Fcomments&post=484"}],"wp:featuredmedia":[{"embeddable":true,"href":"http:\/\/www.rsateknoloji.com.tr\/index.php?rest_route=\/wp\/v2\/media\/485"}],"wp:attachment":[{"href":"http:\/\/www.rsateknoloji.com.tr\/index.php?rest_route=%2Fwp%2Fv2%2Fmedia&parent=484"}],"wp:term":[{"taxonomy":"product_cat","embeddable":true,"href":"http:\/\/www.rsateknoloji.com.tr\/index.php?rest_route=%2Fwp%2Fv2%2Fproduct_cat&post=484"},{"taxonomy":"product_tag","embeddable":true,"href":"http:\/\/www.rsateknoloji.com.tr\/index.php?rest_route=%2Fwp%2Fv2%2Fproduct_tag&post=484"}],"curies":[{"name":"wp","href":"https:\/\/api.w.org\/{rel}","templated":true}]}}