{"id":509,"date":"2025-06-21T20:31:03","date_gmt":"2025-06-21T20:31:03","guid":{"rendered":"http:\/\/www.rsateknoloji.com.tr\/?post_type=product&#038;p=509"},"modified":"2026-03-10T17:04:49","modified_gmt":"2026-03-10T17:04:49","slug":"gameforce-raider-kirmizi-gaming-oyuncu-kulaklik","status":"publish","type":"product","link":"http:\/\/www.rsateknoloji.com.tr\/?product=gameforce-raider-kirmizi-gaming-oyuncu-kulaklik","title":{"rendered":"GAMEFORCE RAIDER K\u0131rm\u0131z\u0131 Gaming Oyuncu Kulakl\u0131k"},"content":{"rendered":"<p>GAMEFORCE RAIDER Gaming Oyuncu Kulakl\u0131k<\/p>\n<p>40mm\u2019lik s\u00fcr\u00fcc\u00fcler ile oyunlar i\u00e7in y\u00fcksek kaliteli stereo ses<br \/>\nYumu\u015fak deri kulakl\u0131k yast\u0131klar\u0131<br \/>\nAyarlanabilen ve d\u00f6nd\u00fcr\u00fclebilen g\u00fcr\u00fclt\u00fc engelleme \u00f6zellikli mikrofon<br \/>\nAyd\u0131nlatmal\u0131 Tasar\u0131m<\/p>\n<p><strong>Beraberinde gelen ekstra kablo ile hem diz\u00fcst\u00fc(tek giri\u015f) hem masa\u00fcst\u00fc(\u00e7ift giri\u015f) bilgisayarlarda kullan\u0131m imkan\u0131<\/strong><\/p>\n<p>Alt\u0131n Kaplama\u00a0USB + 3.5mm Jak<\/p>\n<p>&nbsp;<\/p>\n<table id=\"product-attribute-specs-table\" class=\"data table additional-attributes\">\n<tbody>\n<tr>\n<th class=\"col label\" scope=\"row\">Marka<\/th>\n<td class=\"col data\" data-th=\"Marka\">GAMEFORCE<\/td>\n<\/tr>\n<tr>\n<th class=\"col label\" scope=\"row\">\u00dcr\u00fcn Kodu<\/th>\n<td class=\"col data\" data-th=\"\u00dcr\u00fcn Kodu\">RAIDER<\/td>\n<\/tr>\n<tr>\n<th class=\"col label\" scope=\"row\">Renk<\/th>\n<td class=\"col data\" data-th=\"Renk\">Siyah \/ K\u0131rm\u0131z\u0131<\/td>\n<\/tr>\n<tr>\n<th class=\"col label\" scope=\"row\">Tipi<\/th>\n<td class=\"col data\" data-th=\"Tipi\">Mikrofonlu Kulakl\u0131k<\/td>\n<\/tr>\n<tr>\n<th class=\"col label\" scope=\"row\">Kullan\u0131m Tipi<\/th>\n<td class=\"col data\" data-th=\"Kullan\u0131m Tipi\">Kulak\u00fcst\u00fc<\/td>\n<\/tr>\n<tr>\n<th class=\"col label\" scope=\"row\">S\u00fcr\u00fcc\u00fc<\/th>\n<td class=\"col data\" data-th=\"S\u00fcr\u00fcc\u00fc\">40 mm<\/td>\n<\/tr>\n<tr>\n<th class=\"col label\" scope=\"row\">Hassasiyet<\/th>\n<td class=\"col data\" data-th=\"Hassasiyet\">105 dB \u00b1 3dB<\/td>\n<\/tr>\n<tr>\n<th class=\"col label\" scope=\"row\">Kulakl\u0131k Frekans Yan\u0131t\u0131<\/th>\n<td class=\"col data\" data-th=\"Kulakl\u0131k Frekans Yan\u0131t\u0131\">20 Hz ~ 20 kHz<\/td>\n<\/tr>\n<tr>\n<th class=\"col label\" scope=\"row\">Empendans<\/th>\n<td class=\"col data\" data-th=\"Empendans\">32\u03a9<\/td>\n<\/tr>\n<tr>\n<th class=\"col label\" scope=\"row\">Mikrofon<\/th>\n<td class=\"col data\" data-th=\"Mikrofon\">Var<\/td>\n<\/tr>\n<tr>\n<th class=\"col label\" scope=\"row\">Titre\u015fim<\/th>\n<td class=\"col data\" data-th=\"Titre\u015fim\">Yok<\/td>\n<\/tr>\n<tr>\n<th class=\"col label\" scope=\"row\">Kablo Uzunlu\u011fu<\/th>\n<td class=\"col data\" data-th=\"Kablo Uzunlu\u011fu\">2.2m<\/td>\n<\/tr>\n<tr>\n<th class=\"col label\" scope=\"row\">Ba\u011flant\u0131<\/th>\n<td class=\"col data\" data-th=\"Ba\u011flant\u0131\">USB + 3.5mm Jak<\/td>\n<\/tr>\n<tr>\n<th class=\"col label\" scope=\"row\"><\/th>\n<td class=\"col data\" data-th=\"EAN Kod\"><\/td>\n<\/tr>\n<tr>\n<th class=\"col label\" scope=\"row\">Garanti S\u00fcresi<\/th>\n<td class=\"col data\" data-th=\"Garanti S\u00fcresi\">24 Ay<\/td>\n<\/tr>\n<\/tbody>\n<\/table>\n","protected":false},"excerpt":{"rendered":"<p>GAMEFORCE RAIDER Gaming Oyuncu Kulakl\u0131k 40mm\u2019lik s\u00fcr\u00fcc\u00fcler ile oyunlar i\u00e7in y\u00fcksek kaliteli stereo ses Yumu\u015fak deri kulakl\u0131k yast\u0131klar\u0131 Ayarlanabilen ve d\u00f6nd\u00fcr\u00fclebilen g\u00fcr\u00fclt\u00fc engelleme \u00f6zellikli mikrofon Ayd\u0131nlatmal\u0131 Tasar\u0131m Beraberinde gelen ekstra kablo ile hem diz\u00fcst\u00fc(tek giri\u015f) hem masa\u00fcst\u00fc(\u00e7ift giri\u015f) bilgisayarlarda kullan\u0131m imkan\u0131 Alt\u0131n Kaplama\u00a0USB + 3.5mm Jak &nbsp; Marka GAMEFORCE \u00dcr\u00fcn Kodu RAIDER Renk Siyah \/ [&hellip;]<\/p>\n","protected":false},"featured_media":510,"comment_status":"open","ping_status":"closed","template":"","meta":[],"product_cat":[46],"product_tag":[],"class_list":{"0":"post-509","1":"product","2":"type-product","3":"status-publish","4":"has-post-thumbnail","6":"product_cat-oyuncu-kulaklik","8":"first","9":"instock","10":"shipping-taxable","11":"purchasable","12":"product-type-simple"},"_links":{"self":[{"href":"http:\/\/www.rsateknoloji.com.tr\/index.php?rest_route=\/wp\/v2\/product\/509","targetHints":{"allow":["GET"]}}],"collection":[{"href":"http:\/\/www.rsateknoloji.com.tr\/index.php?rest_route=\/wp\/v2\/product"}],"about":[{"href":"http:\/\/www.rsateknoloji.com.tr\/index.php?rest_route=\/wp\/v2\/types\/product"}],"replies":[{"embeddable":true,"href":"http:\/\/www.rsateknoloji.com.tr\/index.php?rest_route=%2Fwp%2Fv2%2Fcomments&post=509"}],"wp:featuredmedia":[{"embeddable":true,"href":"http:\/\/www.rsateknoloji.com.tr\/index.php?rest_route=\/wp\/v2\/media\/510"}],"wp:attachment":[{"href":"http:\/\/www.rsateknoloji.com.tr\/index.php?rest_route=%2Fwp%2Fv2%2Fmedia&parent=509"}],"wp:term":[{"taxonomy":"product_cat","embeddable":true,"href":"http:\/\/www.rsateknoloji.com.tr\/index.php?rest_route=%2Fwp%2Fv2%2Fproduct_cat&post=509"},{"taxonomy":"product_tag","embeddable":true,"href":"http:\/\/www.rsateknoloji.com.tr\/index.php?rest_route=%2Fwp%2Fv2%2Fproduct_tag&post=509"}],"curies":[{"name":"wp","href":"https:\/\/api.w.org\/{rel}","templated":true}]}}