{"id":514,"date":"2025-06-22T09:04:38","date_gmt":"2025-06-22T09:04:38","guid":{"rendered":"http:\/\/www.rsateknoloji.com.tr\/?post_type=product&#038;p=514"},"modified":"2026-03-10T17:04:16","modified_gmt":"2026-03-10T17:04:16","slug":"gameforce-eagle-gaming-oyuncu-kulaklik","status":"publish","type":"product","link":"http:\/\/www.rsateknoloji.com.tr\/?product=gameforce-eagle-gaming-oyuncu-kulaklik","title":{"rendered":"GAMEFORCE EAGLE 7.1 Sanal Surround GAMING Oyuncu Kulakl\u0131k (RGB)"},"content":{"rendered":"<p>GAMEFORCE EAGLE7.1 Sanal Surround GAMING Oyuncu Kulakl\u0131k (RGB)<\/p>\n<p>Geli\u015ftirilmi\u015f 50mm y\u00fcksek kaliteli s\u00fcr\u00fcc\u00fc<br \/>\nSolunum efekti ile farkl\u0131 renklerde RGB Led<br \/>\nCilt dostu deri malzeme ile \u00fcretilen ve uzun s\u00fcre kullan\u0131ma uygun s\u00fcper yumu\u015fak kulak yast\u0131klar\u0131<br \/>\nY\u00fcksek kaliteli ve dayan\u0131kl\u0131 kablo<br \/>\nDahili y\u00fcksek kaliteli mikrofon net ses ve elinizi kullanmadan konu\u015fma sa\u011flar<br \/>\nDerin ve geli\u015fmi\u015f bas ile etkileyici dinleme keyfi. Net ses<br \/>\nKendinden ayarl\u0131 kafa band\u0131 tasar\u0131m\u0131<br \/>\nUzun s\u00fcre kullan\u0131m i\u00e7in uygun hafiflik<br \/>\nRPS \/ FPS oyunlar\u0131 i\u00e7in uygunluk<br \/>\nUzun \u00f6m\u00fcr i\u00e7in ekstra kal\u0131n kablo<br \/>\nUSB ba\u011flant\u0131<\/p>\n<p><strong>Teknik \u00d6zellikler<\/strong><br \/>\nHoparl\u00f6r \u00c7ap\u0131: 50mm<br \/>\nGiri\u015f Empedans : 16\u2126 +\/-1<br \/>\n\u00c7eki\u015f G\u00fcc\u00fc : 25mW<\/p>\n<p>\u00c7al\u0131\u015fma Frekans\u0131 : 20Hz ~ 20KHz<br \/>\nHoparl\u00f6r Hassasiyet : 108dB \u00b12dB<\/p>\n<p>Mikrofon Hassasiyet : -38dB (0dB*1V\/Pa MRP Pozisyonunda)<br \/>\nMikrofon Empedans : RL = 2.2K\u2126<br \/>\nMikrofon \u00c7al\u0131\u015fma Frekans\u0131 : 100Hz ~ 10KHz<\/p>\n<p>Kablo Uzunlu\u011fu : 2.2m<br \/>\nBa\u011flant\u0131 : USB<br \/>\nBoyutlar : 180 x 100 x 220 mm<\/p>\n<p><strong>Kutu \u0130\u00e7eri\u011fi<\/strong><br \/>\nKulakl\u0131k<br \/>\nKullan\u0131m K\u0131lavuzu ve Garanti Belgesi<\/p>\n<table id=\"product-attribute-specs-table\" class=\"data table additional-attributes\">\n<tbody>\n<tr>\n<th class=\"col label\" scope=\"row\">Marka<\/th>\n<td class=\"col data\" data-th=\"Marka\">GAMEFORCE<\/td>\n<\/tr>\n<tr>\n<th class=\"col label\" scope=\"row\">\u00dcr\u00fcn Kodu<\/th>\n<td class=\"col data\" data-th=\"\u00dcr\u00fcn Kodu\">EAGLE<\/td>\n<\/tr>\n<tr>\n<th class=\"col label\" scope=\"row\">Renk<\/th>\n<td class=\"col data\" data-th=\"Renk\">Siyah<\/td>\n<\/tr>\n<tr>\n<th class=\"col label\" scope=\"row\">Tipi<\/th>\n<td class=\"col data\" data-th=\"Tipi\">Mikrofonlu Kulakl\u0131k<\/td>\n<\/tr>\n<tr>\n<th class=\"col label\" scope=\"row\">Kullan\u0131m Tipi<\/th>\n<td class=\"col data\" data-th=\"Kullan\u0131m Tipi\">Kulak\u00fcst\u00fc<\/td>\n<\/tr>\n<tr>\n<th class=\"col label\" scope=\"row\">S\u00fcr\u00fcc\u00fc<\/th>\n<td class=\"col data\" data-th=\"S\u00fcr\u00fcc\u00fc\">50 mm<\/td>\n<\/tr>\n<tr>\n<th class=\"col label\" scope=\"row\">Hassasiyet<\/th>\n<td class=\"col data\" data-th=\"Hassasiyet\">108 dB \u00b1 2dB<\/td>\n<\/tr>\n<tr>\n<th class=\"col label\" scope=\"row\">Kulakl\u0131k Frekans Yan\u0131t\u0131<\/th>\n<td class=\"col data\" data-th=\"Kulakl\u0131k Frekans Yan\u0131t\u0131\">20 Hz ~ 20 KHz<\/td>\n<\/tr>\n<tr>\n<th class=\"col label\" scope=\"row\">Empendans<\/th>\n<td class=\"col data\" data-th=\"Empendans\">16\u03a9<\/td>\n<\/tr>\n<tr>\n<th class=\"col label\" scope=\"row\">Mikrofon<\/th>\n<td class=\"col data\" data-th=\"Mikrofon\">Var<\/td>\n<\/tr>\n<tr>\n<th class=\"col label\" scope=\"row\">Titre\u015fim<\/th>\n<td class=\"col data\" data-th=\"Titre\u015fim\">Yok<\/td>\n<\/tr>\n<tr>\n<th class=\"col label\" scope=\"row\">Kablo Uzunlu\u011fu<\/th>\n<td class=\"col data\" data-th=\"Kablo Uzunlu\u011fu\">2.2m<\/td>\n<\/tr>\n<tr>\n<th class=\"col label\" scope=\"row\">Ba\u011flant\u0131<\/th>\n<td class=\"col data\" data-th=\"Ba\u011flant\u0131\">USB<\/td>\n<\/tr>\n<tr>\n<th class=\"col label\" scope=\"row\"><\/th>\n<td class=\"col data\" data-th=\"EAN Kod\"><\/td>\n<\/tr>\n<tr>\n<th class=\"col label\" scope=\"row\">Garanti S\u00fcresi<\/th>\n<td class=\"col data\" data-th=\"Garanti S\u00fcresi\">24 Ay<\/td>\n<\/tr>\n<\/tbody>\n<\/table>\n<p>&nbsp;<\/p>\n<p><a href=\"http:\/\/www.rsateknoloji.com.tr\/wp-content\/uploads\/2025\/06\/GAMEFORCE_EAGLE_7.1_Audio.zip\">Kulakl\u0131k yaz\u0131l\u0131m\u0131n\u0131 buradan indirebilirsiniz.<\/a><\/p>\n","protected":false},"excerpt":{"rendered":"<p>GAMEFORCE EAGLE7.1 Sanal Surround GAMING Oyuncu Kulakl\u0131k (RGB) Geli\u015ftirilmi\u015f 50mm y\u00fcksek kaliteli s\u00fcr\u00fcc\u00fc Solunum efekti ile farkl\u0131 renklerde RGB Led Cilt dostu deri malzeme ile \u00fcretilen ve uzun s\u00fcre kullan\u0131ma uygun s\u00fcper yumu\u015fak kulak yast\u0131klar\u0131 Y\u00fcksek kaliteli ve dayan\u0131kl\u0131 kablo Dahili y\u00fcksek kaliteli mikrofon net ses ve elinizi kullanmadan konu\u015fma sa\u011flar Derin ve geli\u015fmi\u015f bas [&hellip;]<\/p>\n","protected":false},"featured_media":515,"comment_status":"open","ping_status":"closed","template":"","meta":[],"product_cat":[46],"product_tag":[],"class_list":{"0":"post-514","1":"product","2":"type-product","3":"status-publish","4":"has-post-thumbnail","6":"product_cat-oyuncu-kulaklik","8":"first","9":"instock","10":"downloadable","11":"shipping-taxable","12":"purchasable","13":"product-type-simple"},"_links":{"self":[{"href":"http:\/\/www.rsateknoloji.com.tr\/index.php?rest_route=\/wp\/v2\/product\/514","targetHints":{"allow":["GET"]}}],"collection":[{"href":"http:\/\/www.rsateknoloji.com.tr\/index.php?rest_route=\/wp\/v2\/product"}],"about":[{"href":"http:\/\/www.rsateknoloji.com.tr\/index.php?rest_route=\/wp\/v2\/types\/product"}],"replies":[{"embeddable":true,"href":"http:\/\/www.rsateknoloji.com.tr\/index.php?rest_route=%2Fwp%2Fv2%2Fcomments&post=514"}],"wp:featuredmedia":[{"embeddable":true,"href":"http:\/\/www.rsateknoloji.com.tr\/index.php?rest_route=\/wp\/v2\/media\/515"}],"wp:attachment":[{"href":"http:\/\/www.rsateknoloji.com.tr\/index.php?rest_route=%2Fwp%2Fv2%2Fmedia&parent=514"}],"wp:term":[{"taxonomy":"product_cat","embeddable":true,"href":"http:\/\/www.rsateknoloji.com.tr\/index.php?rest_route=%2Fwp%2Fv2%2Fproduct_cat&post=514"},{"taxonomy":"product_tag","embeddable":true,"href":"http:\/\/www.rsateknoloji.com.tr\/index.php?rest_route=%2Fwp%2Fv2%2Fproduct_tag&post=514"}],"curies":[{"name":"wp","href":"https:\/\/api.w.org\/{rel}","templated":true}]}}