{"id":533,"date":"2025-06-29T07:27:41","date_gmt":"2025-06-29T07:27:41","guid":{"rendered":"http:\/\/www.rsateknoloji.com.tr\/?post_type=product&#038;p=533"},"modified":"2026-03-10T17:03:24","modified_gmt":"2026-03-10T17:03:24","slug":"gameforce-middle-4x120mm-kumandasiz-rgb-isikli-sessiz-kasa-fani","status":"publish","type":"product","link":"http:\/\/www.rsateknoloji.com.tr\/?product=gameforce-middle-4x120mm-kumandasiz-rgb-isikli-sessiz-kasa-fani","title":{"rendered":"Gameforce Middle 4x120mm Kumandas\u0131z RGB I\u015f\u0131kl\u0131 Sessiz Kasa Fan\u0131"},"content":{"rendered":"<p><strong>Gameforce Middle 4x120mm Kumandas\u0131z RGB I\u015f\u0131kl\u0131 Sessiz Kasa Fan\u0131<\/strong><\/p>\n<p>Gameforce Middle 4!l\u00fc fan setimiz gayet sessiz \u00e7al\u0131\u015fan ve \u015f\u0131k g\u00f6r\u00fcnt\u00fcs\u00fcyle sat\u0131\u015fa sunulmu\u015f bir \u00fcr\u00fcn\u00fcm\u00fczd\u00fcr.<\/p>\n<p>Bir ana fan ve \u00fc\u00e7 uydu fandan olu\u015fmaktad\u0131r.<\/p>\n<p>Bu \u00fcr\u00fcn\u00fcm\u00fczde Kontrolc\u00fc ve kumanda yoktur.<\/p>\n<p>&nbsp;<\/p>\n<p><strong>Montaj ve Ba\u011flant\u0131lar:<\/strong><\/p>\n<p>\u00d6nce fanlar\u0131 kasam\u0131za montaj yap\u0131yoruz.<\/p>\n<p>Kendine \u00f6zel ba\u011flant\u0131 \u015fekliyle fanlar\u0131 birbirine ba\u011flay\u0131p,<\/p>\n<p>Ana fandaki sata ba\u011flant\u0131y\u0131 powera ba\u011fl\u0131yoruz.<\/p>\n<p>Ana fandaki renk de\u011fi\u015ftirmek i\u00e7in kullanaca\u011f\u0131m\u0131z ba\u011flant\u0131 kablosunu<\/p>\n<p>varsa kasan\u0131zdaki led kablosuna yoksa reset kablosuna tak\u0131yoruz.<\/p>\n<p>&nbsp;<\/p>\n<p><strong>Kutu \u0130\u00e7eri\u011fi:<\/strong><\/p>\n<p>4 Adet RGB fan<\/p>\n<p>16 adet montaj vidas\u0131.<\/p>\n<p>&nbsp;<\/p>\n<p>&nbsp;<\/p>\n<p>&nbsp;<\/p>\n","protected":false},"excerpt":{"rendered":"<p>Gameforce Middle 4x120mm Kumandas\u0131z RGB I\u015f\u0131kl\u0131 Sessiz Kasa Fan\u0131 Gameforce Middle 4!l\u00fc fan setimiz gayet sessiz \u00e7al\u0131\u015fan ve \u015f\u0131k g\u00f6r\u00fcnt\u00fcs\u00fcyle sat\u0131\u015fa sunulmu\u015f bir \u00fcr\u00fcn\u00fcm\u00fczd\u00fcr. Bir ana fan ve \u00fc\u00e7 uydu fandan olu\u015fmaktad\u0131r. Bu \u00fcr\u00fcn\u00fcm\u00fczde Kontrolc\u00fc ve kumanda yoktur. &nbsp; Montaj ve Ba\u011flant\u0131lar: \u00d6nce fanlar\u0131 kasam\u0131za montaj yap\u0131yoruz. Kendine \u00f6zel ba\u011flant\u0131 \u015fekliyle fanlar\u0131 birbirine ba\u011flay\u0131p, Ana [&hellip;]<\/p>\n","protected":false},"featured_media":534,"comment_status":"open","ping_status":"closed","template":"","meta":[],"product_cat":[21],"product_tag":[],"class_list":{"0":"post-533","1":"product","2":"type-product","3":"status-publish","4":"has-post-thumbnail","6":"product_cat-kasa-fanlari","8":"first","9":"instock","10":"shipping-taxable","11":"purchasable","12":"product-type-simple"},"_links":{"self":[{"href":"http:\/\/www.rsateknoloji.com.tr\/index.php?rest_route=\/wp\/v2\/product\/533","targetHints":{"allow":["GET"]}}],"collection":[{"href":"http:\/\/www.rsateknoloji.com.tr\/index.php?rest_route=\/wp\/v2\/product"}],"about":[{"href":"http:\/\/www.rsateknoloji.com.tr\/index.php?rest_route=\/wp\/v2\/types\/product"}],"replies":[{"embeddable":true,"href":"http:\/\/www.rsateknoloji.com.tr\/index.php?rest_route=%2Fwp%2Fv2%2Fcomments&post=533"}],"wp:featuredmedia":[{"embeddable":true,"href":"http:\/\/www.rsateknoloji.com.tr\/index.php?rest_route=\/wp\/v2\/media\/534"}],"wp:attachment":[{"href":"http:\/\/www.rsateknoloji.com.tr\/index.php?rest_route=%2Fwp%2Fv2%2Fmedia&parent=533"}],"wp:term":[{"taxonomy":"product_cat","embeddable":true,"href":"http:\/\/www.rsateknoloji.com.tr\/index.php?rest_route=%2Fwp%2Fv2%2Fproduct_cat&post=533"},{"taxonomy":"product_tag","embeddable":true,"href":"http:\/\/www.rsateknoloji.com.tr\/index.php?rest_route=%2Fwp%2Fv2%2Fproduct_tag&post=533"}],"curies":[{"name":"wp","href":"https:\/\/api.w.org\/{rel}","templated":true}]}}