{"id":542,"date":"2025-06-29T07:38:50","date_gmt":"2025-06-29T07:38:50","guid":{"rendered":"http:\/\/www.rsateknoloji.com.tr\/?post_type=product&#038;p=542"},"modified":"2026-03-10T17:03:00","modified_gmt":"2026-03-10T17:03:00","slug":"gameforce-slim-4x120mm-kumandasiz-rgb-isikli-sessiz-kasa-fani","status":"publish","type":"product","link":"http:\/\/www.rsateknoloji.com.tr\/?product=gameforce-slim-4x120mm-kumandasiz-rgb-isikli-sessiz-kasa-fani","title":{"rendered":"Gameforce Slim 4x120mm Kumandas\u0131z RGB I\u015f\u0131kl\u0131 Sessiz Kasa Fan\u0131"},"content":{"rendered":"<p><strong>Gameforce Slim 4x120mm Kumandas\u0131z RGB I\u015f\u0131kl\u0131 Sessiz Kasa Fan\u0131<\/strong><\/p>\n<p>Gameforce Slim 4&#8217;l\u00fc fan setimiz gayet sessiz \u00e7al\u0131\u015fan ve \u015f\u0131k g\u00f6r\u00fcnt\u00fcs\u00fcyle sat\u0131\u015fa sunulmu\u015f bir \u00fcr\u00fcn\u00fcm\u00fczd\u00fcr.<\/p>\n<p>Bir ana fan ve \u00fc\u00e7 uydu fandan olu\u015fmaktad\u0131r.<\/p>\n<p>Bu \u00fcr\u00fcn\u00fcm\u00fczde Kontrolc\u00fc ve kumanda yoktur.<\/p>\n<p>&nbsp;<\/p>\n<p><strong>Montaj ve Ba\u011flant\u0131lar:<\/strong><\/p>\n<p>\u00d6nce fanlar\u0131 kasam\u0131za montaj yap\u0131yoruz.<\/p>\n<p>\u00dczerinde fan kontrol kablosu olan fan ANA FAN &#8216;d\u0131r.<\/p>\n<p>Bu fan\u0131n ucunda powera ba\u011flanan molex ba\u011flant\u0131s\u0131nda molex bir aparat vard\u0131r.<\/p>\n<p>Bu aparat\u0131 \u00e7\u0131karmay\u0131n ve aparat olmadan ana fan\u0131 powera takmay\u0131n\u0131z.<\/p>\n<p>\u00d6nce Ana Fan\u0131\u00a0 power\u0131n\u0131zdaki molex \u00e7\u0131k\u0131\u015fa aparat tak\u0131l\u0131 \u015fekilde ba\u011flay\u0131n,<\/p>\n<p>di\u011fer fanlar\u0131 ana fan\u0131n pe\u015fine tak\u0131n.<\/p>\n<p>Ana fandaki renk de\u011fi\u015ftirmek i\u00e7in kullanaca\u011f\u0131m\u0131z ba\u011flant\u0131 kablosunu<\/p>\n<p>varsa kasan\u0131zdaki led kablosuna yoksa reset kablosuna tak\u0131yoruz.<\/p>\n<p>&nbsp;<\/p>\n<p><strong>Kutu \u0130\u00e7eri\u011fi:<\/strong><\/p>\n<p>4 Adet RGB fan<\/p>\n<p>16 adet montaj vidas\u0131.<\/p>\n","protected":false},"excerpt":{"rendered":"<p>Gameforce Slim 4x120mm Kumandas\u0131z RGB I\u015f\u0131kl\u0131 Sessiz Kasa Fan\u0131 Gameforce Slim 4&#8217;l\u00fc fan setimiz gayet sessiz \u00e7al\u0131\u015fan ve \u015f\u0131k g\u00f6r\u00fcnt\u00fcs\u00fcyle sat\u0131\u015fa sunulmu\u015f bir \u00fcr\u00fcn\u00fcm\u00fczd\u00fcr. Bir ana fan ve \u00fc\u00e7 uydu fandan olu\u015fmaktad\u0131r. Bu \u00fcr\u00fcn\u00fcm\u00fczde Kontrolc\u00fc ve kumanda yoktur. &nbsp; Montaj ve Ba\u011flant\u0131lar: \u00d6nce fanlar\u0131 kasam\u0131za montaj yap\u0131yoruz. \u00dczerinde fan kontrol kablosu olan fan ANA FAN [&hellip;]<\/p>\n","protected":false},"featured_media":543,"comment_status":"open","ping_status":"closed","template":"","meta":[],"product_cat":[21],"product_tag":[],"class_list":{"0":"post-542","1":"product","2":"type-product","3":"status-publish","4":"has-post-thumbnail","6":"product_cat-kasa-fanlari","8":"first","9":"instock","10":"shipping-taxable","11":"purchasable","12":"product-type-simple"},"_links":{"self":[{"href":"http:\/\/www.rsateknoloji.com.tr\/index.php?rest_route=\/wp\/v2\/product\/542","targetHints":{"allow":["GET"]}}],"collection":[{"href":"http:\/\/www.rsateknoloji.com.tr\/index.php?rest_route=\/wp\/v2\/product"}],"about":[{"href":"http:\/\/www.rsateknoloji.com.tr\/index.php?rest_route=\/wp\/v2\/types\/product"}],"replies":[{"embeddable":true,"href":"http:\/\/www.rsateknoloji.com.tr\/index.php?rest_route=%2Fwp%2Fv2%2Fcomments&post=542"}],"wp:featuredmedia":[{"embeddable":true,"href":"http:\/\/www.rsateknoloji.com.tr\/index.php?rest_route=\/wp\/v2\/media\/543"}],"wp:attachment":[{"href":"http:\/\/www.rsateknoloji.com.tr\/index.php?rest_route=%2Fwp%2Fv2%2Fmedia&parent=542"}],"wp:term":[{"taxonomy":"product_cat","embeddable":true,"href":"http:\/\/www.rsateknoloji.com.tr\/index.php?rest_route=%2Fwp%2Fv2%2Fproduct_cat&post=542"},{"taxonomy":"product_tag","embeddable":true,"href":"http:\/\/www.rsateknoloji.com.tr\/index.php?rest_route=%2Fwp%2Fv2%2Fproduct_tag&post=542"}],"curies":[{"name":"wp","href":"https:\/\/api.w.org\/{rel}","templated":true}]}}