{"id":546,"date":"2025-06-29T08:04:58","date_gmt":"2025-06-29T08:04:58","guid":{"rendered":"http:\/\/www.rsateknoloji.com.tr\/?post_type=product&#038;p=546"},"modified":"2026-03-10T17:02:23","modified_gmt":"2026-03-10T17:02:23","slug":"gameforce-panda-4x120mm-rainbow-fanli-atx-oyuncu-bilgisayar-kasasi","status":"publish","type":"product","link":"http:\/\/www.rsateknoloji.com.tr\/?product=gameforce-panda-4x120mm-rainbow-fanli-atx-oyuncu-bilgisayar-kasasi","title":{"rendered":"Gameforce Panda 4\u00d7120mm Rainbow Fanl\u0131 ATX Oyuncu Bilgisayar Kasas\u0131"},"content":{"rendered":"<p><strong>Gameforce Panda 4\u00d7120mm Rainbow Fanl\u0131 ATX Oyuncu Bilgisayar Kasas\u0131<\/strong><\/p>\n<p><strong>Dikey Ekran Kart\u0131 Destekli<\/strong><br \/>\nArka k\u0131s\u0131mda bulunan \u00fc\u00e7 ilave PCI yuvas\u0131 ile grafik kart\u0131n\u0131 dikey konumda monte edebilirsiniz.<br \/>\n* Dikey ekran kart\u0131 kullanmak i\u00e7in ilave dikey ekran kart\u0131 kiti alman\u0131z gerekmektedir.<\/p>\n<p>Yan Panel : 4mm Temperli Cam \/ \u00d6n Panel : Metal Izgara<br \/>\n\u00dcst Panelde ve Alt Panelde Manyetik \u00c7\u0131kar\u0131labilir Toz Filtre<\/p>\n<p><strong>\u00dcst Panel Portlar<\/strong><br \/>\n1 x USB 3.0, 2 x USB 2.0 , 1 x Mikrofon Giri\u015fi , 1 x HD Audio, Power \/ Reset \/ RGB I\u015f\u0131k Kontrol<\/p>\n<p><strong>Anakart Deste\u011fi<\/strong><br \/>\nATX, Micro-ATX, Mini ITX<\/p>\n<p>&nbsp;<\/p>\n<p><strong>S\u00fcr\u00fcc\u00fc Yerleri<\/strong><br \/>\n3 x 2.5\u201d HDD\/SSD S\u00fcr\u00fcc\u00fc Yeri (Dahili)<br \/>\n2 x 3.5\u201d HDD S\u00fcr\u00fcc\u00fc Yeri (Dahili)<\/p>\n<p><strong>Fanlar<\/strong><br \/>\nArka Panel : 1 x 120mm Double Rainbow Fan<br \/>\n\u00d6n Panel : 3 x 120mm Double Rainbow Fan<\/p>\n<p>&nbsp;<\/p>\n<p><strong>Boyutlar<\/strong><br \/>\nKasa Boyut (\u00d6n Panel Dahil) : 400 x 455 x 225 (mm)<br \/>\nKasa Kutu Boyut : 527 x 460 x 275 (mm)<\/p>\n<p>&nbsp;<\/p>\n<p>Maksimum Ekran Kart\u0131 Uzunlu\u011fu : 330 (mm)<br \/>\nMaksimum CPU So\u011futucu Y\u00fcksekli\u011fi : 160 (mm)<\/p>\n<table id=\"product-attribute-specs-table\" class=\"data table additional-attributes\" style=\"height: 1124px;\" width=\"639\">\n<tbody>\n<tr>\n<th class=\"col label\" scope=\"row\">Marka<\/th>\n<td class=\"col data\" data-th=\"Marka\">GAMEFORCE<\/td>\n<\/tr>\n<tr>\n<th class=\"col label\" scope=\"row\">\u00dcr\u00fcn Kodu<\/th>\n<td class=\"col data\" data-th=\"\u00dcr\u00fcn Kodu\">PANDA<\/td>\n<\/tr>\n<tr>\n<th class=\"col label\" scope=\"row\">Renk<\/th>\n<td class=\"col data\" data-th=\"Renk\">Siyah<\/td>\n<\/tr>\n<tr>\n<th class=\"col label\" scope=\"row\">Kasa Tipi<\/th>\n<td class=\"col data\" data-th=\"Kasa Tipi\">Mid Tower<\/td>\n<\/tr>\n<tr>\n<th class=\"col label\" scope=\"row\">Anakart Deste\u011fi<\/th>\n<td class=\"col data\" data-th=\"Anakart Deste\u011fi\">ATX, Micro ATX, Mini ITX<\/td>\n<\/tr>\n<tr>\n<th class=\"col label\" scope=\"row\">G\u00fc\u00e7 Kayna\u011f\u0131<\/th>\n<td class=\"col data\" data-th=\"G\u00fc\u00e7 Kayna\u011f\u0131\">Yok<\/td>\n<\/tr>\n<tr>\n<th class=\"col label\" scope=\"row\">G\u00fc\u00e7 Kayna\u011f\u0131 Konumu<\/th>\n<td class=\"col data\" data-th=\"G\u00fc\u00e7 Kayna\u011f\u0131 Konumu\">Altta<\/td>\n<\/tr>\n<tr>\n<th class=\"col label\" scope=\"row\">Yan Panel<\/th>\n<td class=\"col data\" data-th=\"Yan Panel\">\u00a0Yan Panel : 4mm Temperli Cam \/ \u00d6n Panel : Metal Izgara<\/td>\n<\/tr>\n<tr>\n<th class=\"col label\" scope=\"row\">\u00d6n Panel Portlar<\/th>\n<td class=\"col data\" data-th=\"\u00d6n Panel Portlar\">1 x USB 3.0, 2 x USB 2.0 , 1 x Mikrofon Giri\u015fi , 1 x HD Audio, Power \/ Reset \/ RGB I\u015f\u0131k Kontrol<\/td>\n<\/tr>\n<tr>\n<th class=\"col label\" scope=\"row\">Harici 5.25\u2033 S\u00fcr\u00fcc\u00fc Yuvas\u0131<\/th>\n<td class=\"col data\" data-th=\"Harici 5.25&quot; S\u00fcr\u00fcc\u00fc Yuvas\u0131\">Yok<\/td>\n<\/tr>\n<tr>\n<th class=\"col label\" scope=\"row\">Harici 3.5\u2033 S\u00fcr\u00fcc\u00fc Yuvas\u0131<\/th>\n<td class=\"col data\" data-th=\"Harici 3.5&quot; S\u00fcr\u00fcc\u00fc Yuvas\u0131\">Yok<\/td>\n<\/tr>\n<tr>\n<th class=\"col label\" scope=\"row\">Dahili 3.5\u2033 S\u00fcr\u00fcc\u00fc Yuvas\u0131<\/th>\n<td class=\"col data\" data-th=\"Dahili 3.5&quot; S\u00fcr\u00fcc\u00fc Yuvas\u0131\">2<\/td>\n<\/tr>\n<tr>\n<th class=\"col label\" scope=\"row\">Dahili 2.5\u201d HDD\/SSD S\u00fcr\u00fcc\u00fc Yeri<\/th>\n<td class=\"col data\" data-th=\"Dahili 2.5\u201d HDD\/SSD S\u00fcr\u00fcc\u00fc Yeri\">3<\/td>\n<\/tr>\n<tr>\n<th class=\"col label\" scope=\"row\">Geni\u015fleme Yuvalar\u0131<\/th>\n<td class=\"col data\" data-th=\"Geni\u015fleme Yuvalar\u0131\">7 + 3 Dikey Yuva<\/td>\n<\/tr>\n<tr>\n<th class=\"col label\" scope=\"row\">Fanlar<\/th>\n<td class=\"col data\" data-th=\"Fanlar\">Arka Panel : 1 x 120mm Double Rainbow Fan<br \/>\n\u00d6n Panel : 3 x 120mm Double Rainbow Fan\u00dcst Panel 2 x 120mm Double Rainbow Fan (Opsiyonel)<\/p>\n<p>Power \u00dcst\u00fc 2 x 120mm Double Rainbow Fan (Opsiyonel)<\/td>\n<\/tr>\n<tr>\n<th class=\"col label\" scope=\"row\">Maks. Grafik Kart\u0131 Uzunluk<\/th>\n<td class=\"col data\" data-th=\"Maks. Grafik Kart\u0131 Uzunluk\">330 (mm)<\/td>\n<\/tr>\n<tr>\n<th class=\"col label\" scope=\"row\">Maks. CPU So\u011futucu Y\u00fckseklik<\/th>\n<td class=\"col data\" data-th=\"Maks. CPU So\u011futucu Y\u00fckseklik\">160 (mm)<\/td>\n<\/tr>\n<tr>\n<th class=\"col label\" scope=\"row\">Maks. PSU Uzunluk<\/th>\n<td class=\"col data\" data-th=\"Maks. PSU Uzunluk\">200 (mm)<\/td>\n<\/tr>\n<tr>\n<th class=\"col label\" scope=\"row\">Yerle\u015fik Ayd\u0131nlatma Sistemi<\/th>\n<td class=\"col data\" data-th=\"Yerle\u015fik Ayd\u0131nlatma Sistemi\">120mm Rainbow Fan<\/td>\n<\/tr>\n<tr>\n<th class=\"col label\" scope=\"row\">Boyutlar<\/th>\n<td class=\"col data\" data-th=\"Boyutlar\">Kasa Boyut : 400 x 455 x 225 (mm)<br \/>\nKasa Kutu Boyut : 527 x 460 x 275 (mm)<\/td>\n<\/tr>\n<tr>\n<th class=\"col label\" scope=\"row\">Garanti S\u00fcresi<\/th>\n<td class=\"col data\" data-th=\"Garanti S\u00fcresi\">24 Ay<\/td>\n<\/tr>\n<\/tbody>\n<\/table>\n<p>&nbsp;<\/p>\n","protected":false},"excerpt":{"rendered":"<p>Gameforce Panda 4\u00d7120mm Rainbow Fanl\u0131 ATX Oyuncu Bilgisayar Kasas\u0131 Dikey Ekran Kart\u0131 Destekli Arka k\u0131s\u0131mda bulunan \u00fc\u00e7 ilave PCI yuvas\u0131 ile grafik kart\u0131n\u0131 dikey konumda monte edebilirsiniz. * Dikey ekran kart\u0131 kullanmak i\u00e7in ilave dikey ekran kart\u0131 kiti alman\u0131z gerekmektedir. Yan Panel : 4mm Temperli Cam \/ \u00d6n Panel : Metal Izgara \u00dcst Panelde ve [&hellip;]<\/p>\n","protected":false},"featured_media":551,"comment_status":"open","ping_status":"closed","template":"","meta":[],"product_cat":[17],"product_tag":[],"class_list":{"0":"post-546","1":"product","2":"type-product","3":"status-publish","4":"has-post-thumbnail","6":"product_cat-kasalar","8":"first","9":"outofstock","10":"shipping-taxable","11":"product-type-simple"},"_links":{"self":[{"href":"http:\/\/www.rsateknoloji.com.tr\/index.php?rest_route=\/wp\/v2\/product\/546","targetHints":{"allow":["GET"]}}],"collection":[{"href":"http:\/\/www.rsateknoloji.com.tr\/index.php?rest_route=\/wp\/v2\/product"}],"about":[{"href":"http:\/\/www.rsateknoloji.com.tr\/index.php?rest_route=\/wp\/v2\/types\/product"}],"replies":[{"embeddable":true,"href":"http:\/\/www.rsateknoloji.com.tr\/index.php?rest_route=%2Fwp%2Fv2%2Fcomments&post=546"}],"wp:featuredmedia":[{"embeddable":true,"href":"http:\/\/www.rsateknoloji.com.tr\/index.php?rest_route=\/wp\/v2\/media\/551"}],"wp:attachment":[{"href":"http:\/\/www.rsateknoloji.com.tr\/index.php?rest_route=%2Fwp%2Fv2%2Fmedia&parent=546"}],"wp:term":[{"taxonomy":"product_cat","embeddable":true,"href":"http:\/\/www.rsateknoloji.com.tr\/index.php?rest_route=%2Fwp%2Fv2%2Fproduct_cat&post=546"},{"taxonomy":"product_tag","embeddable":true,"href":"http:\/\/www.rsateknoloji.com.tr\/index.php?rest_route=%2Fwp%2Fv2%2Fproduct_tag&post=546"}],"curies":[{"name":"wp","href":"https:\/\/api.w.org\/{rel}","templated":true}]}}