{"id":585,"date":"2025-11-23T06:36:18","date_gmt":"2025-11-23T06:36:18","guid":{"rendered":"http:\/\/www.rsateknoloji.com.tr\/?post_type=product&#038;p=585"},"modified":"2026-03-10T17:01:43","modified_gmt":"2026-03-10T17:01:43","slug":"r-data-300w-atx-power-supply-guc-kaynagi","status":"publish","type":"product","link":"http:\/\/www.rsateknoloji.com.tr\/?product=r-data-300w-atx-power-supply-guc-kaynagi","title":{"rendered":"R &#8211; DATA 300w Atx Power Supply G\u00fc\u00e7 Kayna\u011f\u0131"},"content":{"rendered":"<p><strong>R \u2013 DATA 300W ATX Power Supply\u00a0 (G\u00fc\u00e7 Kayna\u011f\u0131) 300W Power Supply<\/strong><\/p>\n<p>Sessiz 12cm fan<\/p>\n<p>Y\u00fcksek verimlilik<\/p>\n<p>A\u015f\u0131r\u0131 voltaj korumal\u0131<\/p>\n<p>A\u015f\u0131r\u0131 ak\u0131m korumal\u0131<\/p>\n<p>K\u0131sa devre korumal\u0131<\/p>\n<p>MTBF : 100,000 saat 25\u00b0C \u2019de<\/p>\n<p>Anakart G\u00fc\u00e7 \u00c7\u0131k\u0131\u015f\u0131 : 20 + 4 Pin \u0130\u015flemci G\u00fc\u00e7 \u00c7\u0131k\u0131\u015f\u0131 : 4 + 4 Pin Sata G\u00fc\u00e7 \u00c7\u0131k\u0131\u015f\u0131 : 3 x SATA Molex G\u00fc\u00e7 \u00c7\u0131k\u0131\u015f\u0131 : 2 x Molex<\/p>\n<p>Kutu \u0130\u00e7eri\u011fi<\/p>\n<p>300W Power Supply<\/p>\n<p>Kullan\u0131m K\u0131lavuzu ve Garanti Belgesi<\/p>\n","protected":false},"excerpt":{"rendered":"<p>R \u2013 DATA 300W ATX Power Supply\u00a0 (G\u00fc\u00e7 Kayna\u011f\u0131) 300W Power Supply Sessiz 12cm fan Y\u00fcksek verimlilik A\u015f\u0131r\u0131 voltaj korumal\u0131 A\u015f\u0131r\u0131 ak\u0131m korumal\u0131 K\u0131sa devre korumal\u0131 MTBF : 100,000 saat 25\u00b0C \u2019de Anakart G\u00fc\u00e7 \u00c7\u0131k\u0131\u015f\u0131 : 20 + 4 Pin \u0130\u015flemci G\u00fc\u00e7 \u00c7\u0131k\u0131\u015f\u0131 : 4 + 4 Pin Sata G\u00fc\u00e7 \u00c7\u0131k\u0131\u015f\u0131 : 3 x SATA [&hellip;]<\/p>\n","protected":false},"featured_media":586,"comment_status":"open","ping_status":"closed","template":"","meta":[],"product_cat":[16,43],"product_tag":[],"class_list":{"0":"post-585","1":"product","2":"type-product","3":"status-publish","4":"has-post-thumbnail","6":"product_cat-bilgisayar-bilesenleri","7":"product_cat-power-supply","9":"first","10":"instock","11":"shipping-taxable","12":"purchasable","13":"product-type-simple"},"_links":{"self":[{"href":"http:\/\/www.rsateknoloji.com.tr\/index.php?rest_route=\/wp\/v2\/product\/585","targetHints":{"allow":["GET"]}}],"collection":[{"href":"http:\/\/www.rsateknoloji.com.tr\/index.php?rest_route=\/wp\/v2\/product"}],"about":[{"href":"http:\/\/www.rsateknoloji.com.tr\/index.php?rest_route=\/wp\/v2\/types\/product"}],"replies":[{"embeddable":true,"href":"http:\/\/www.rsateknoloji.com.tr\/index.php?rest_route=%2Fwp%2Fv2%2Fcomments&post=585"}],"wp:featuredmedia":[{"embeddable":true,"href":"http:\/\/www.rsateknoloji.com.tr\/index.php?rest_route=\/wp\/v2\/media\/586"}],"wp:attachment":[{"href":"http:\/\/www.rsateknoloji.com.tr\/index.php?rest_route=%2Fwp%2Fv2%2Fmedia&parent=585"}],"wp:term":[{"taxonomy":"product_cat","embeddable":true,"href":"http:\/\/www.rsateknoloji.com.tr\/index.php?rest_route=%2Fwp%2Fv2%2Fproduct_cat&post=585"},{"taxonomy":"product_tag","embeddable":true,"href":"http:\/\/www.rsateknoloji.com.tr\/index.php?rest_route=%2Fwp%2Fv2%2Fproduct_tag&post=585"}],"curies":[{"name":"wp","href":"https:\/\/api.w.org\/{rel}","templated":true}]}}