{"id":597,"date":"2025-12-26T18:44:54","date_gmt":"2025-12-26T18:44:54","guid":{"rendered":"http:\/\/www.rsateknoloji.com.tr\/?post_type=product&#038;p=597"},"modified":"2026-03-10T17:00:56","modified_gmt":"2026-03-10T17:00:56","slug":"gameforce-infinity-4x120mm-a-rgb-kasa-fani","status":"publish","type":"product","link":"http:\/\/www.rsateknoloji.com.tr\/?product=gameforce-infinity-4x120mm-a-rgb-kasa-fani","title":{"rendered":"Gameforce Inf\u0131n\u0131ty 4x120mm A-rgb Kasa Fan\u0131"},"content":{"rendered":"<p>Model :INFINITY<\/p>\n<p>Rulman Tipi : Hidrolik Rulman<\/p>\n<p>Devir H\u0131z\u0131 : 1200rpm<\/p>\n<p>G\u00fcr\u00fclt\u00fc Seviyesi : 23,70dB<\/p>\n<p>Fan Boyutu : 120mm<\/p>\n<p>Fan Ba\u011flant\u0131s\u0131 : 6 pin<\/p>\n<p>\u00d6zellikleri : \u015eoklara dayan\u0131kl\u0131<\/p>\n<p>Kanat Say\u0131s\u0131 : 7<\/p>\n<p>Dahili Kablo : Anakart ba\u011flant\u0131 kablosu + Molex veya SATA Power Ba\u011flant\u0131 Kablosu<\/p>\n","protected":false},"excerpt":{"rendered":"<p>Model :INFINITY Rulman Tipi : Hidrolik Rulman Devir H\u0131z\u0131 : 1200rpm G\u00fcr\u00fclt\u00fc Seviyesi : 23,70dB Fan Boyutu : 120mm Fan Ba\u011flant\u0131s\u0131 : 6 pin \u00d6zellikleri : \u015eoklara dayan\u0131kl\u0131 Kanat Say\u0131s\u0131 : 7 Dahili Kablo : Anakart ba\u011flant\u0131 kablosu + Molex veya SATA Power Ba\u011flant\u0131 Kablosu<\/p>\n","protected":false},"featured_media":598,"comment_status":"open","ping_status":"closed","template":"","meta":[],"product_cat":[16,21],"product_tag":[],"class_list":{"0":"post-597","1":"product","2":"type-product","3":"status-publish","4":"has-post-thumbnail","6":"product_cat-bilgisayar-bilesenleri","7":"product_cat-kasa-fanlari","9":"first","10":"instock","11":"shipping-taxable","12":"purchasable","13":"product-type-simple"},"_links":{"self":[{"href":"http:\/\/www.rsateknoloji.com.tr\/index.php?rest_route=\/wp\/v2\/product\/597","targetHints":{"allow":["GET"]}}],"collection":[{"href":"http:\/\/www.rsateknoloji.com.tr\/index.php?rest_route=\/wp\/v2\/product"}],"about":[{"href":"http:\/\/www.rsateknoloji.com.tr\/index.php?rest_route=\/wp\/v2\/types\/product"}],"replies":[{"embeddable":true,"href":"http:\/\/www.rsateknoloji.com.tr\/index.php?rest_route=%2Fwp%2Fv2%2Fcomments&post=597"}],"wp:featuredmedia":[{"embeddable":true,"href":"http:\/\/www.rsateknoloji.com.tr\/index.php?rest_route=\/wp\/v2\/media\/598"}],"wp:attachment":[{"href":"http:\/\/www.rsateknoloji.com.tr\/index.php?rest_route=%2Fwp%2Fv2%2Fmedia&parent=597"}],"wp:term":[{"taxonomy":"product_cat","embeddable":true,"href":"http:\/\/www.rsateknoloji.com.tr\/index.php?rest_route=%2Fwp%2Fv2%2Fproduct_cat&post=597"},{"taxonomy":"product_tag","embeddable":true,"href":"http:\/\/www.rsateknoloji.com.tr\/index.php?rest_route=%2Fwp%2Fv2%2Fproduct_tag&post=597"}],"curies":[{"name":"wp","href":"https:\/\/api.w.org\/{rel}","templated":true}]}}