{"id":629,"date":"2026-03-10T16:20:06","date_gmt":"2026-03-10T16:20:06","guid":{"rendered":"http:\/\/www.rsateknoloji.com.tr\/?post_type=product&#038;p=629"},"modified":"2026-03-11T19:15:05","modified_gmt":"2026-03-11T19:15:05","slug":"gameforce-raider-240mm-argb-beyaz-sivi-sogutucu-275w-tdp","status":"publish","type":"product","link":"http:\/\/www.rsateknoloji.com.tr\/?product=gameforce-raider-240mm-argb-beyaz-sivi-sogutucu-275w-tdp","title":{"rendered":"Gameforce Raider 240mm ARGB Beyaz S\u0131v\u0131 So\u011futucu 275w TDP"},"content":{"rendered":"<p><strong>Teknik \u00d6zellikler<\/strong><\/p>\n<p>TDP : 275W<br \/>\nFan Boyutu : 120 x 120 x 25<br \/>\nVoltaj : DC 12V<br \/>\nFan \u00c7al\u0131\u015fma Voltaj\u0131 : DC 12V<br \/>\nBa\u015flang\u0131\u00e7 Voltaj\u0131 : DC 7.0V &#8211; 13.8V<br \/>\nG\u00fc\u00e7 T\u00fcketimi : 4.4 W<br \/>\nKonnekt\u00f6r : 4Pin \/ 5V 3Pin<br \/>\n\u00c7al\u0131\u015fma S\u00fcresi : 40.000 Saat<br \/>\nMalzeme : Aluminum<br \/>\nSo\u011fuk Plaka Malzemesi : Bak\u0131r<br \/>\nSo\u011futma Hortum : Dayan\u0131kl\u0131 Kau\u00e7uk<br \/>\nPompa Boyutu : 65 x 65 x 60 (mm)<br \/>\nPompa Voltaj : DC 12V<br \/>\nPompa \u00c7al\u0131\u015fma Voltaj: DC 7.0V &#8211; 13.8V<br \/>\nPompa G\u00fc\u00e7 : 4.2W<br \/>\nPompa Konnekt\u00f6r\u00fc : 3Pin \/ 5V 3Pin<br \/>\nFan Konnekt\u00f6r\u00fc : 4Pin \/ 5V 3Pin&lt;<br \/>\nFan H\u0131z\u0131 : 600-1800\u00b110%RPM<br \/>\nFan G\u00fcr\u00fclt\u00fcs\u00fc : 36.9\u00b1%dBA<br \/>\nPompa H\u0131z\u0131 : 2550\u00b1%RPM<br \/>\nAnma Gerilimi : 12 VDC (Fan) \/ 5 VDC (LED)<br \/>\nRulman Tipi : Hidrolik Rulman<br \/>\nI\u015f\u0131klar :ARGB<\/p>\n<p><strong>Cpu Soket \u00d6zellikleri<\/strong><br \/>\nIntel LGA1851 \/ LGA1700 \/ LGA1200 \/ LGA115X \/ LGA1366 AM5 \/ AM4 \/ AM3 \/ AM2 \/ FM2 \/ FM1<\/p>\n<table id=\"product-attribute-specs-table\" class=\"data table additional-attributes\">\n<tbody>\n<tr>\n<th class=\"col label\" scope=\"row\">Marka<\/th>\n<td class=\"col data\" data-th=\"Marka\">Gameforce<\/td>\n<\/tr>\n<tr>\n<th class=\"col label\" scope=\"row\">\u00dcr\u00fcn Kodu<\/th>\n<td class=\"col data\" data-th=\"\u00dcr\u00fcn Kodu\">Raider<\/td>\n<\/tr>\n<tr>\n<th class=\"col label\" scope=\"row\">A\u00e7\u0131klama<\/th>\n<td class=\"col data\" data-th=\"A\u00e7\u0131klama \">S\u0131v\u0131 So\u011futma<\/td>\n<\/tr>\n<tr>\n<th class=\"col label\" scope=\"row\">Renk<\/th>\n<td class=\"col data\" data-th=\"Renk\">Beyaz<\/td>\n<\/tr>\n<tr>\n<th class=\"col label\" scope=\"row\">Led<\/th>\n<td class=\"col data\" data-th=\"Led \">ARGB<\/td>\n<\/tr>\n<tr>\n<th class=\"col label\" scope=\"row\">Malzeme<\/th>\n<td class=\"col data\" data-th=\"Malzeme\">Aluminum<\/td>\n<\/tr>\n<tr>\n<th class=\"col label\" scope=\"row\">Fan Boyutu<\/th>\n<td class=\"col data\" data-th=\"Fan Boyutu \">120 x 120 x 25 (mm)<\/td>\n<\/tr>\n<tr>\n<th class=\"col label\" scope=\"row\">Fan H\u0131z\u0131<\/th>\n<td class=\"col data\" data-th=\"Fan H\u0131z\u0131 \">2550 RPM<\/td>\n<\/tr>\n<tr>\n<th class=\"col label\" scope=\"row\">Giri\u015f Voltaj\u0131<\/th>\n<td class=\"col data\" data-th=\"Giri\u015f Voltaj\u0131 \">12V DC<\/td>\n<\/tr>\n<tr>\n<th class=\"col label\" scope=\"row\">G\u00fcr\u00fclt\u00fc Seviyesi<\/th>\n<td class=\"col data\" data-th=\"G\u00fcr\u00fclt\u00fc Seviyesi\">36.9 dBA<\/td>\n<\/tr>\n<tr>\n<th class=\"col label\" scope=\"row\">Rulman Tipi<\/th>\n<td class=\"col data\" data-th=\"Rulman Tipi \">Hidrolik<\/td>\n<\/tr>\n<tr>\n<th class=\"col label\" scope=\"row\">Uyumlu Modeller<\/th>\n<td class=\"col data\" data-th=\"Uyumlu Modeller \">Intel LGA1851 \/ LGA1700 \/ LGA1200 \/ LGA115X \/ LGA1366 \/ AM5 \/ AM4 \/ AM3 \/ AM2 \/ FM2 \/ FM1<\/td>\n<\/tr>\n<tr>\n<th class=\"col label\" scope=\"row\">Garanti S\u00fcresi<\/th>\n<td class=\"col data\" data-th=\"Garanti S\u00fcresi\">24 Ay<\/td>\n<\/tr>\n<\/tbody>\n<\/table>\n","protected":false},"excerpt":{"rendered":"<p>Teknik \u00d6zellikler TDP : 275W Fan Boyutu : 120 x 120 x 25 Voltaj : DC 12V Fan \u00c7al\u0131\u015fma Voltaj\u0131 : DC 12V Ba\u015flang\u0131\u00e7 Voltaj\u0131 : DC 7.0V &#8211; 13.8V G\u00fc\u00e7 T\u00fcketimi : 4.4 W Konnekt\u00f6r : 4Pin \/ 5V 3Pin \u00c7al\u0131\u015fma S\u00fcresi : 40.000 Saat Malzeme : Aluminum So\u011fuk Plaka Malzemesi : Bak\u0131r So\u011futma [&hellip;]<\/p>\n","protected":false},"featured_media":630,"comment_status":"open","ping_status":"closed","template":"","meta":[],"product_cat":[16,20],"product_tag":[],"class_list":{"0":"post-629","1":"product","2":"type-product","3":"status-publish","4":"has-post-thumbnail","6":"product_cat-bilgisayar-bilesenleri","7":"product_cat-islemci-fani","9":"first","10":"instock","11":"shipping-taxable","12":"purchasable","13":"product-type-simple"},"_links":{"self":[{"href":"http:\/\/www.rsateknoloji.com.tr\/index.php?rest_route=\/wp\/v2\/product\/629","targetHints":{"allow":["GET"]}}],"collection":[{"href":"http:\/\/www.rsateknoloji.com.tr\/index.php?rest_route=\/wp\/v2\/product"}],"about":[{"href":"http:\/\/www.rsateknoloji.com.tr\/index.php?rest_route=\/wp\/v2\/types\/product"}],"replies":[{"embeddable":true,"href":"http:\/\/www.rsateknoloji.com.tr\/index.php?rest_route=%2Fwp%2Fv2%2Fcomments&post=629"}],"wp:featuredmedia":[{"embeddable":true,"href":"http:\/\/www.rsateknoloji.com.tr\/index.php?rest_route=\/wp\/v2\/media\/630"}],"wp:attachment":[{"href":"http:\/\/www.rsateknoloji.com.tr\/index.php?rest_route=%2Fwp%2Fv2%2Fmedia&parent=629"}],"wp:term":[{"taxonomy":"product_cat","embeddable":true,"href":"http:\/\/www.rsateknoloji.com.tr\/index.php?rest_route=%2Fwp%2Fv2%2Fproduct_cat&post=629"},{"taxonomy":"product_tag","embeddable":true,"href":"http:\/\/www.rsateknoloji.com.tr\/index.php?rest_route=%2Fwp%2Fv2%2Fproduct_tag&post=629"}],"curies":[{"name":"wp","href":"https:\/\/api.w.org\/{rel}","templated":true}]}}