{"id":665,"date":"2026-04-21T17:36:23","date_gmt":"2026-04-21T17:36:23","guid":{"rendered":"http:\/\/www.rsateknoloji.com.tr\/?post_type=product&#038;p=665"},"modified":"2026-04-21T17:44:18","modified_gmt":"2026-04-21T17:44:18","slug":"gameforce-raider-blue-switch-rainbow-mekanik-klavye","status":"publish","type":"product","link":"http:\/\/www.rsateknoloji.com.tr\/?product=gameforce-raider-blue-switch-rainbow-mekanik-klavye","title":{"rendered":"Gameforce Raider Blue Switch Rainbow Mekanik  Oyuncu Klavye"},"content":{"rendered":"<p>Gameforce Raider Blue Switch Rainbow Mekanik Klavye<\/p>\n<p><strong>Mekanik Switch<\/strong><br \/>\nMekanik switch, oyun esnas\u0131nda tepki veren ve ay\u0131rt edici dokunmatik geri bildirim sunar. Dayan\u0131kl\u0131 tu\u015f switchleri milyonlarca tu\u015f vuru\u015fu sa\u011flar<\/p>\n<p><strong>Al\u00fcminyum G\u00f6vde<\/strong><br \/>\nAl\u00fcminyum yap\u0131 \u00fczerine monte edilmi\u015f mekanik switch mod\u00fclleri, darbelere dayan\u0131kl\u0131 g\u00fc\u00e7l\u00fc yap\u0131s\u0131yla kullan\u0131c\u0131ya benzersiz oyun deneyimi ve daha verimli yazma sa\u011flar<\/p>\n<p><strong>Medya Tu\u015flar\u0131<\/strong><br \/>\nM\u00fczikleriniz ve videolar\u0131n\u0131z \u00fczerinde h\u0131zl\u0131 kontrol imkan\u0131 sa\u011flar<\/p>\n<p><strong>Tam Arka Ayd\u0131nlatma<\/strong><br \/>\n9 farkl\u0131 ayd\u0131nlatma efekti, 3 kademeli h\u0131z ve parlakl\u0131k ayar\u0131<\/p>\n<p>Tu\u015f Say\u0131s\u0131 : 104 Tu\u015f<br \/>\nRollover Key: N-Key Rollover (Ayn\u0131 anda t\u00fcm tu\u015flar\u0131 alg\u0131lama \u00f6zelli\u011fi)<br \/>\nMultimedya Fonksiyon Tu\u015flar\u0131 : FN + F1~ F12<br \/>\nG\u00fc\u00e7 T\u00fcketimi : 5V DC 100mA<br \/>\nBa\u011flant\u0131 Arabirim : USB<br \/>\nKablo Uzunlu\u011fu: 1.8m<br \/>\nBoyutlar : 445 x 14 x 39 (mm)<\/p>\n<p>I\u015f\u0131kland\u0131rma Kullan\u0131m\u0131<\/p>\n<p>FN-INS\u00a0 Tu\u015funa basarak 9 farkl\u0131 \u0131\u015f\u0131k efektini kullanabilirsiniz.<\/p>\n<p>FN + Yukar\u0131 Ok Tu\u015fu\u00a0 =\u00a0 Parlakl\u0131k Y\u00fckselt<\/p>\n<p>FN + A\u015fa\u011f\u0131 Ok Tu\u015fu\u00a0 =\u00a0 Parlakl\u0131k D\u00fc\u015f\u00fcr<\/p>\n<p>FN + Sa\u011fa Ok Tu\u015fu\u00a0 =\u00a0 Efekt h\u0131z\u0131 Y\u00fckselt<\/p>\n<p>FN + Sola Ok Tu\u015fu\u00a0 =\u00a0 Efekt h\u0131z\u0131 D\u00fc\u015f\u00fcr<\/p>\n<p>&nbsp;<\/p>\n<p>&nbsp;<\/p>\n<table id=\"product-attribute-specs-table\" class=\"data table additional-attributes\">\n<tbody>\n<tr>\n<th class=\"col label\" scope=\"row\">Marka<\/th>\n<td class=\"col data\" data-th=\"Marka\">GAMEFORCE<\/td>\n<\/tr>\n<tr>\n<th class=\"col label\" scope=\"row\">\u00dcr\u00fcn Kodu<\/th>\n<td class=\"col data\" data-th=\"\u00dcr\u00fcn Kodu\">RAIDER<\/td>\n<\/tr>\n<tr>\n<th class=\"col label\" scope=\"row\">Renk<\/th>\n<td class=\"col data\" data-th=\"Renk\">Siyah<\/td>\n<\/tr>\n<tr>\n<th class=\"col label\" scope=\"row\">\u00dcr\u00fcn Grubu<\/th>\n<td class=\"col data\" data-th=\"\u00dcr\u00fcn Grubu\">Prof. Oyuncu Klavyesi, Office Kullan\u0131c\u0131s\u0131, Ev Kullan\u0131c\u0131s\u0131<\/td>\n<\/tr>\n<tr>\n<th class=\"col label\" scope=\"row\">Klavye Tipi<\/th>\n<td class=\"col data\" data-th=\"Klavye Tipi\">Multimedya<\/td>\n<\/tr>\n<tr>\n<th class=\"col label\" scope=\"row\">Klavye Ba\u011flant\u0131s\u0131<\/th>\n<td class=\"col data\" data-th=\"Klavye Ba\u011flant\u0131s\u0131\">Kablolu<\/td>\n<\/tr>\n<tr>\n<th class=\"col label\" scope=\"row\">Klavye D\u00fczeni (Dili)<\/th>\n<td class=\"col data\" data-th=\"Klavye D\u00fczeni (Dili)\">Q T\u00fcrk\u00e7e<\/td>\n<\/tr>\n<tr>\n<th class=\"col label\" scope=\"row\">Ba\u011flant\u0131 Arabirimi<\/th>\n<td class=\"col data\" data-th=\"Ba\u011flant\u0131 Arabirimi\">USB<\/td>\n<\/tr>\n<tr>\n<th class=\"col label\" scope=\"row\">Kablo Uzunlu\u011fu<\/th>\n<td class=\"col data\" data-th=\"Kablo Uzunlu\u011fu\">1.80 cm<\/td>\n<\/tr>\n<tr>\n<th class=\"col label\" scope=\"row\">Yaz\u0131l\u0131m<\/th>\n<td class=\"col data\" data-th=\"Sistem Uyumu\">Yok<\/td>\n<\/tr>\n<tr>\n<th class=\"col label\" scope=\"row\"><strong>Boyutlar<\/strong><\/th>\n<td class=\"col data\" data-th=\"Yaz\u0131l\u0131m\">\u00a0445 x 140 x 39 (mm)<\/td>\n<\/tr>\n<tr>\n<th class=\"col label\" scope=\"row\">Garanti S\u00fcresi2424<\/th>\n<td class=\"col data\" data-th=\"Boyutlar\">\u00a024 Ay<\/td>\n<\/tr>\n<tr>\n<th class=\"col label\" scope=\"row\"><\/th>\n<td class=\"col data\" data-th=\"Garanti S\u00fcresi\"><\/td>\n<\/tr>\n<\/tbody>\n<\/table>\n","protected":false},"excerpt":{"rendered":"<p>Gameforce Raider Blue Switch Rainbow Mekanik Klavye Mekanik Switch Mekanik switch, oyun esnas\u0131nda tepki veren ve ay\u0131rt edici dokunmatik geri bildirim sunar. Dayan\u0131kl\u0131 tu\u015f switchleri milyonlarca tu\u015f vuru\u015fu sa\u011flar Al\u00fcminyum G\u00f6vde Al\u00fcminyum yap\u0131 \u00fczerine monte edilmi\u015f mekanik switch mod\u00fclleri, darbelere dayan\u0131kl\u0131 g\u00fc\u00e7l\u00fc yap\u0131s\u0131yla kullan\u0131c\u0131ya benzersiz oyun deneyimi ve daha verimli yazma sa\u011flar Medya Tu\u015flar\u0131 M\u00fczikleriniz [&hellip;]<\/p>\n","protected":false},"featured_media":666,"comment_status":"open","ping_status":"closed","template":"","meta":[],"product_cat":[18,48],"product_tag":[],"class_list":{"0":"post-665","1":"product","2":"type-product","3":"status-publish","4":"has-post-thumbnail","6":"product_cat-cevre-urunleri","7":"product_cat-mekanik-oyuncu-klavye","9":"first","10":"instock","11":"shipping-taxable","12":"purchasable","13":"product-type-simple"},"_links":{"self":[{"href":"http:\/\/www.rsateknoloji.com.tr\/index.php?rest_route=\/wp\/v2\/product\/665","targetHints":{"allow":["GET"]}}],"collection":[{"href":"http:\/\/www.rsateknoloji.com.tr\/index.php?rest_route=\/wp\/v2\/product"}],"about":[{"href":"http:\/\/www.rsateknoloji.com.tr\/index.php?rest_route=\/wp\/v2\/types\/product"}],"replies":[{"embeddable":true,"href":"http:\/\/www.rsateknoloji.com.tr\/index.php?rest_route=%2Fwp%2Fv2%2Fcomments&post=665"}],"wp:featuredmedia":[{"embeddable":true,"href":"http:\/\/www.rsateknoloji.com.tr\/index.php?rest_route=\/wp\/v2\/media\/666"}],"wp:attachment":[{"href":"http:\/\/www.rsateknoloji.com.tr\/index.php?rest_route=%2Fwp%2Fv2%2Fmedia&parent=665"}],"wp:term":[{"taxonomy":"product_cat","embeddable":true,"href":"http:\/\/www.rsateknoloji.com.tr\/index.php?rest_route=%2Fwp%2Fv2%2Fproduct_cat&post=665"},{"taxonomy":"product_tag","embeddable":true,"href":"http:\/\/www.rsateknoloji.com.tr\/index.php?rest_route=%2Fwp%2Fv2%2Fproduct_tag&post=665"}],"curies":[{"name":"wp","href":"https:\/\/api.w.org\/{rel}","templated":true}]}}