{"id":672,"date":"2026-04-30T13:51:02","date_gmt":"2026-04-30T13:51:02","guid":{"rendered":"http:\/\/www.rsateknoloji.com.tr\/?post_type=product&#038;p=672"},"modified":"2026-04-30T13:51:03","modified_gmt":"2026-04-30T13:51:03","slug":"gameforce-eagle-4-fanli-notebook-sogutucu","status":"publish","type":"product","link":"http:\/\/www.rsateknoloji.com.tr\/?product=gameforce-eagle-4-fanli-notebook-sogutucu","title":{"rendered":"GAMEFORCE EAGLE 4 Fanl\u0131 Notebook So\u011futucu"},"content":{"rendered":"<p>Gameforce EAGLE 4 Fanl\u0131 Notebook So\u011futucu<\/p>\n<div><\/div>\n<div>LCD kontrol panel<\/div>\n<div>4 x Fan ( 2 x 125mm + 2 x 70mm )<\/div>\n<div>5 kademe y\u00fckseklik ayar\u0131<\/div>\n<div>Metal Izgara<\/div>\n<div><\/div>\n<p>Notebook So\u011futucu \u00fczerinde yer alan Kontrol Panelini kullanarak Fanlar\u0131n \u00e7al\u0131\u015fmas\u0131n\u0131 6 farkl\u0131 h\u0131zda (U1 ~ U6) ayarlayabilir ve 3 farkl\u0131 modda (T\u00fcm\u00fc, Sadece b\u00fcy\u00fck fanlar, sadece k\u00fc\u00e7\u00fck fanlar) \u00e7al\u0131\u015fmas\u0131n\u0131 sa\u011flayabilirsiniz.<\/p>\n<p>Diz\u00fcst\u00fc bilgisayarlar\u0131n uzun s\u00fcreli kullan\u0131m\u0131nda a\u015f\u0131r\u0131 \u0131s\u0131nma ger\u00e7ekle\u015fmekte ve bu \u0131s\u0131 art\u0131\u015f\u0131 CPU&#8217;nun da a\u015f\u0131r\u0131 \u0131s\u0131nmas\u0131na ve dolay\u0131s\u0131yla sistemin yava\u015flamas\u0131na sebep olabilmektedir. Notebook so\u011futucu, bu gibi\u00a0sorunlarla kar\u015f\u0131la\u015fmaman\u0131z i\u00e7in \u00f6zel olarak tasarlanm\u0131\u015ft\u0131r. \u00dcr\u00fcn \u00fczerindeki fan i\u00e7in gerekli enerji bilgisayar\u0131n USB giri\u015finden sa\u011flan\u0131r.<\/p>\n<div><\/div>\n<div>2 x 125mm ve 2 x 70mm mavi LED\u2019li fan sayesinde d\u00fc\u015f\u00fck g\u00fcr\u00fclt\u00fc ve rahat hava ak\u0131\u015f\u0131 sa\u011flar<\/div>\n<div>Diz\u00fcst\u00fc bilgisayar\u0131n\u0131z\u0131n \u0131s\u0131s\u0131n\u0131 hissedilir \u015fekilde d\u00fc\u015f\u00fcr\u00fcr<\/div>\n<div>10&#8243; ~ 17&#8243; boyutunda notebooklar i\u00e7in uygundur<\/div>\n<div>Ekstra 1 Port USB Hub ile kullan\u0131c\u0131lara avantaj sa\u011flar<\/div>\n<div>Ergonomik \u015fekilde tasarlanm\u0131\u015ft\u0131r<\/div>\n<div>USB giri\u015flerinden g\u00fc\u00e7 al\u0131r<\/div>\n<table>\n<tbody>\n<tr>\n<th>Marka<\/th>\n<td>GAMEFORCE<\/td>\n<\/tr>\n<tr>\n<th>\u00dcr\u00fcn Kodu<\/th>\n<td>EAGLE<\/td>\n<\/tr>\n<tr>\n<th>Renk<\/th>\n<td>Siyah<\/td>\n<\/tr>\n<tr>\n<th>Materyal<\/th>\n<td>ABS Pilastik + Metal Izgara<\/td>\n<\/tr>\n<tr>\n<th>Ekran Boyut Aral\u0131\u011f\u0131<\/th>\n<td>10\u201d ~ 17\u201d<\/td>\n<\/tr>\n<tr>\n<th>Fan Say\u0131s\u0131<\/th>\n<td>4<\/td>\n<\/tr>\n<tr>\n<th>Fan Boyutu<\/th>\n<td>B\u00fcy\u00fck Fan : 2 x 125 x 125mm | K\u00fc\u00e7\u00fck Fan : 2 x 70 x 70mm<\/td>\n<\/tr>\n<tr>\n<th>Ortalama Fan H\u0131z\u0131<\/th>\n<td>1500\u00b110%RPM<\/td>\n<\/tr>\n<tr>\n<th>Fan Sesi<\/th>\n<td>15 dBA<\/td>\n<\/tr>\n<tr>\n<th>Ba\u011flant\u0131 Arabirimi<\/th>\n<td>USB DC 5V<\/td>\n<\/tr>\n<tr>\n<th>USB Port Say\u0131s\u0131<\/th>\n<td>2<\/td>\n<\/tr>\n<tr>\n<th>Y\u00fckseklik Ayar\u0131<\/th>\n<td>5 Kademe Y\u00fckseklik Ayar\u0131<\/td>\n<\/tr>\n<tr>\n<th>Boyutlar<\/th>\n<td>390 x 280 x 28 (mm)<\/td>\n<\/tr>\n<tr>\n<th>Garanti S\u00fcresi<\/th>\n<td>24 Ay<\/td>\n<\/tr>\n<\/tbody>\n<\/table>\n","protected":false},"excerpt":{"rendered":"<p>Gameforce EAGLE 4 Fanl\u0131 Notebook So\u011futucu LCD kontrol panel 4 x Fan ( 2 x 125mm + 2 x 70mm ) 5 kademe y\u00fckseklik ayar\u0131 Metal Izgara Notebook So\u011futucu \u00fczerinde yer alan Kontrol Panelini kullanarak Fanlar\u0131n \u00e7al\u0131\u015fmas\u0131n\u0131 6 farkl\u0131 h\u0131zda (U1 ~ U6) ayarlayabilir ve 3 farkl\u0131 modda (T\u00fcm\u00fc, Sadece b\u00fcy\u00fck fanlar, sadece k\u00fc\u00e7\u00fck fanlar) [&hellip;]<\/p>\n","protected":false},"featured_media":673,"comment_status":"open","ping_status":"closed","template":"","meta":[],"product_cat":[49,50],"product_tag":[],"class_list":{"0":"post-672","1":"product","2":"type-product","3":"status-publish","4":"has-post-thumbnail","6":"product_cat-notebook-aksesuar","7":"product_cat-notebook-sogutucu","9":"first","10":"instock","11":"shipping-taxable","12":"purchasable","13":"product-type-simple"},"_links":{"self":[{"href":"http:\/\/www.rsateknoloji.com.tr\/index.php?rest_route=\/wp\/v2\/product\/672","targetHints":{"allow":["GET"]}}],"collection":[{"href":"http:\/\/www.rsateknoloji.com.tr\/index.php?rest_route=\/wp\/v2\/product"}],"about":[{"href":"http:\/\/www.rsateknoloji.com.tr\/index.php?rest_route=\/wp\/v2\/types\/product"}],"replies":[{"embeddable":true,"href":"http:\/\/www.rsateknoloji.com.tr\/index.php?rest_route=%2Fwp%2Fv2%2Fcomments&post=672"}],"wp:featuredmedia":[{"embeddable":true,"href":"http:\/\/www.rsateknoloji.com.tr\/index.php?rest_route=\/wp\/v2\/media\/673"}],"wp:attachment":[{"href":"http:\/\/www.rsateknoloji.com.tr\/index.php?rest_route=%2Fwp%2Fv2%2Fmedia&parent=672"}],"wp:term":[{"taxonomy":"product_cat","embeddable":true,"href":"http:\/\/www.rsateknoloji.com.tr\/index.php?rest_route=%2Fwp%2Fv2%2Fproduct_cat&post=672"},{"taxonomy":"product_tag","embeddable":true,"href":"http:\/\/www.rsateknoloji.com.tr\/index.php?rest_route=%2Fwp%2Fv2%2Fproduct_tag&post=672"}],"curies":[{"name":"wp","href":"https:\/\/api.w.org\/{rel}","templated":true}]}}