{"id":677,"date":"2026-04-30T13:52:26","date_gmt":"2026-04-30T13:52:26","guid":{"rendered":"http:\/\/www.rsateknoloji.com.tr\/?post_type=product&#038;p=677"},"modified":"2026-04-30T13:54:15","modified_gmt":"2026-04-30T13:54:15","slug":"gameforce-raider-2x140mm-fanli-notebook-sogutucu","status":"publish","type":"product","link":"http:\/\/www.rsateknoloji.com.tr\/?product=gameforce-raider-2x140mm-fanli-notebook-sogutucu","title":{"rendered":"GAMEFORCE RAIDER 2x140mm Fanl\u0131 Notebook So\u011futucu"},"content":{"rendered":"<p><b>GAMEFORCE RAIDER 2x140mm Fanl\u0131 Notebook So\u011futucu<\/b><\/p>\n<div>LCD kontrol panel<\/div>\n<div>2 x 140mm Fan<\/div>\n<div>5 kademe y\u00fckseklik ayar\u0131<\/div>\n<div>Metal Izgara<\/div>\n<div>2 x USB Port<\/div>\n<div>2 x 140mm fan sayesinde d\u00fc\u015f\u00fck g\u00fcr\u00fclt\u00fc ve rahat hava ak\u0131\u015f\u0131 sa\u011flar.<\/div>\n<div>\u00fcksek hava giri\u015fli \u00e7er\u00e7evenin klasik tasar\u0131m\u0131, daha iyi so\u011futma etkisi sa\u011flar.<\/div>\n<div>\u0130ster dizlerinizin \u00fcst\u00fcnde ister yatakta veya masa gibi sert zeminlerde kullanabilirsiniz.<\/div>\n<div>Y\u00fcksek h\u0131zla dola\u015fan hava, oyun oynarken \u0131s\u0131nmay\u0131 an\u0131nda minimuma indirir.<\/div>\n<div>\u00d6zel malzemelerden imal edilmi\u015ftir. Hafif, kaymaz, bas\u0131nca ve d\u00fc\u015fmeye dayan\u0131kl\u0131d\u0131r.<\/div>\n<div>\u00c7e\u015fitli \u00e7al\u0131\u015fma ve oyun ortamlar\u0131 i\u00e7in y\u00fcksek ve d\u00fc\u015f\u00fck 5 farkl\u0131 a\u00e7\u0131yla ayarlanabilir.<\/div>\n<div>Haval\u0131 yeni konsepti ile tutkuyla oyun oynayacaks\u0131n\u0131z.<\/div>\n<div>17\u201d ve daha k\u00fc\u00e7\u00fck Notebook\u2019lar i\u00e7in uygundur.<\/div>\n<p>Diz\u00fcst\u00fc bilgisayarlar\u0131n uzun s\u00fcreli kullan\u0131m\u0131nda a\u015f\u0131r\u0131 \u0131s\u0131nma ger\u00e7ekle\u015fmekte ve bu \u0131s\u0131 art\u0131\u015f\u0131 CPU&#8217;nun da a\u015f\u0131r\u0131 \u0131s\u0131nmas\u0131na ve dolay\u0131s\u0131yla sistemin yava\u015flamas\u0131na sebep olabilmektedir. Notebook so\u011futucu, bu gibi sorunlarla kar\u015f\u0131la\u015fmaman\u0131z i\u00e7in \u00f6zel olarak tasarlanm\u0131\u015ft\u0131r. \u00dcr\u00fcn \u00fczerindeki fan i\u00e7in gerekli enerji bilgisayar\u0131n USB giri\u015finden sa\u011flan\u0131r.<\/p>\n<div><b>LCD Panel<\/b><\/div>\n<div>Notebook So\u011futucu \u00fczerinde yer alan Kontrol Panelini kullanarak Fanlar\u0131n \u00e7al\u0131\u015fmas\u0131n\u0131 5 farkl\u0131 h\u0131zda ayarlayabilir ve 7 farkl\u0131 \u0131\u015f\u0131k modunda \u00e7al\u0131\u015fmas\u0131n\u0131 sa\u011flayabilirsiniz.<\/div>\n<table>\n<tbody>\n<tr>\n<th>Marka<\/th>\n<td>GAMEFORCE<\/td>\n<\/tr>\n<tr>\n<th>\u00dcr\u00fcn Kodu<\/th>\n<td>RAIDER<\/td>\n<\/tr>\n<tr>\n<th>Renk<\/th>\n<td>Siyah<\/td>\n<\/tr>\n<tr>\n<th>Materyal<\/th>\n<td>ABS Pilastik + Metal Izgara<\/td>\n<\/tr>\n<tr>\n<th>Ekran Boyut Aral\u0131\u011f\u0131<\/th>\n<td>10\u201d ~ 17\u201d<\/td>\n<\/tr>\n<tr>\n<th>Fan Say\u0131s\u0131<\/th>\n<td>2<\/td>\n<\/tr>\n<tr>\n<th>Fan Boyutu<\/th>\n<td>140 x 140 x 15 (mm)<\/td>\n<\/tr>\n<tr>\n<th>Ortalama Fan H\u0131z\u0131<\/th>\n<td>1400\u00b110%RPM<\/td>\n<\/tr>\n<tr>\n<th>Fan Sesi<\/th>\n<td>10 dBA<\/td>\n<\/tr>\n<tr>\n<th>Ba\u011flant\u0131 Arabirimi<\/th>\n<td>USB DC 5V<\/td>\n<\/tr>\n<tr>\n<th>USB Port Say\u0131s\u0131<\/th>\n<td>2<\/td>\n<\/tr>\n<tr>\n<th>Y\u00fckseklik Ayar\u0131<\/th>\n<td>5 Kademe Y\u00fckseklik Ayar\u0131<\/td>\n<\/tr>\n<tr>\n<th>Boyutlar<\/th>\n<td>480 x 295 x 55 (mm)<\/td>\n<\/tr>\n<tr>\n<th>Garanti S\u00fcresi<\/th>\n<td>24 Ay<\/td>\n<\/tr>\n<\/tbody>\n<\/table>\n","protected":false},"excerpt":{"rendered":"<p>GAMEFORCE RAIDER 2x140mm Fanl\u0131 Notebook So\u011futucu LCD kontrol panel 2 x 140mm Fan 5 kademe y\u00fckseklik ayar\u0131 Metal Izgara 2 x USB Port 2 x 140mm fan sayesinde d\u00fc\u015f\u00fck g\u00fcr\u00fclt\u00fc ve rahat hava ak\u0131\u015f\u0131 sa\u011flar. \u00fcksek hava giri\u015fli \u00e7er\u00e7evenin klasik tasar\u0131m\u0131, daha iyi so\u011futma etkisi sa\u011flar. \u0130ster dizlerinizin \u00fcst\u00fcnde ister yatakta veya masa gibi sert [&hellip;]<\/p>\n","protected":false},"featured_media":678,"comment_status":"open","ping_status":"closed","template":"","meta":[],"product_cat":[50],"product_tag":[],"class_list":{"0":"post-677","1":"product","2":"type-product","3":"status-publish","4":"has-post-thumbnail","6":"product_cat-notebook-sogutucu","8":"first","9":"instock","10":"shipping-taxable","11":"purchasable","12":"product-type-simple"},"_links":{"self":[{"href":"http:\/\/www.rsateknoloji.com.tr\/index.php?rest_route=\/wp\/v2\/product\/677","targetHints":{"allow":["GET"]}}],"collection":[{"href":"http:\/\/www.rsateknoloji.com.tr\/index.php?rest_route=\/wp\/v2\/product"}],"about":[{"href":"http:\/\/www.rsateknoloji.com.tr\/index.php?rest_route=\/wp\/v2\/types\/product"}],"replies":[{"embeddable":true,"href":"http:\/\/www.rsateknoloji.com.tr\/index.php?rest_route=%2Fwp%2Fv2%2Fcomments&post=677"}],"wp:featuredmedia":[{"embeddable":true,"href":"http:\/\/www.rsateknoloji.com.tr\/index.php?rest_route=\/wp\/v2\/media\/678"}],"wp:attachment":[{"href":"http:\/\/www.rsateknoloji.com.tr\/index.php?rest_route=%2Fwp%2Fv2%2Fmedia&parent=677"}],"wp:term":[{"taxonomy":"product_cat","embeddable":true,"href":"http:\/\/www.rsateknoloji.com.tr\/index.php?rest_route=%2Fwp%2Fv2%2Fproduct_cat&post=677"},{"taxonomy":"product_tag","embeddable":true,"href":"http:\/\/www.rsateknoloji.com.tr\/index.php?rest_route=%2Fwp%2Fv2%2Fproduct_tag&post=677"}],"curies":[{"name":"wp","href":"https:\/\/api.w.org\/{rel}","templated":true}]}}