{"id":81,"date":"2023-12-12T20:57:26","date_gmt":"2023-12-12T20:57:26","guid":{"rendered":"http:\/\/www.rsateknoloji.com.tr\/?post_type=product&#038;p=81"},"modified":"2026-03-10T17:24:02","modified_gmt":"2026-03-10T17:24:02","slug":"gameforce-7r-pro-120mm-4luset-rainbow-isikli-sessiz-kasa-fani","status":"publish","type":"product","link":"http:\/\/www.rsateknoloji.com.tr\/?product=gameforce-7r-pro-120mm-4luset-rainbow-isikli-sessiz-kasa-fani","title":{"rendered":"Gameforce 7R Pro 120Mm 4&#8217;L\u00fcset Rainbow I\u015f\u0131kl\u0131 Sessiz Kasa Fan\u0131"},"content":{"rendered":"<h2 class=\"sub-title\">Gameforce 7R Pro 120Mm 4&#8217;L\u00fc Set Rainbow I\u015f\u0131kl\u0131 Sessiz Kasa Fan\u0131<\/h2>\n<div class=\"item\">\n<p>Sessiz \u00e7al\u0131\u015fma \u00f6zelli\u011fine sahip olan bir \u00fcr\u00fcnd\u00fcr. Bu \u00f6zelli\u011fi sayesinde, g\u00fcr\u00fclt\u00fc kirlili\u011fi olu\u015fumunu engeller.<\/p>\n<\/div>\n<p>&nbsp;<\/p>\n<div class=\"item left\">\n<figure><\/figure>\n<h3 class=\"sub-title\">Bilgisayar Performans\u0131na Etkileri<\/h3>\n<p>Bilgisayar kullan\u0131m\u0131 sa\u011flarken y\u00fcksek performans harcanmas\u0131 gereken uygulamalar a\u015f\u0131r\u0131 \u0131s\u0131nmalara sebep olmaktad\u0131r. Is\u0131nmalar da bilgisayar performans\u0131n\u0131 d\u00fc\u015f\u00fcr\u00fcr. So\u011futucu fan kullan\u0131m\u0131 sayesinde bilgisayar\u0131n\u0131z \u0131s\u0131nmaz ve bilgisayar\u0131n\u0131z\u0131n performans\u0131nda d\u00fc\u015fme ya\u015fanmaz.<\/p>\n<h3 class=\"sub-title\">Y\u00fcksek So\u011futma Seviyesi<\/h3>\n<p>So\u011futucu fan, bilgisayar\u0131n\u0131za zarar vermeden, olduk\u00e7a h\u0131zl\u0131 bir \u015fekilde so\u011futma g\u00f6revini yerine getirir. Maksimum d\u00fczeyde verimlilik sa\u011flar.<\/p>\n<ul>\n<li>Masa\u00fcst\u00fc bilgisayar\u0131n\u0131z\u0131n kasas\u0131na \u00e7ok kolay bir \u015fekilde takarak kullan\u0131ma ba\u015flayabilirsiniz.<\/li>\n<li>Uzun s\u00fcre boyunca kullanabilmenize imkan sa\u011flar.<\/li>\n<li>Dayan\u0131kl\u0131 malzemelerden \u00fcretimi sa\u011flanm\u0131\u015ft\u0131r.<\/li>\n<\/ul>\n<\/div>\n","protected":false},"excerpt":{"rendered":"<p>Gameforce 7R Pro 120Mm 4&#8217;L\u00fc Set Rainbow I\u015f\u0131kl\u0131 Sessiz Kasa Fan\u0131 Sessiz \u00e7al\u0131\u015fma \u00f6zelli\u011fine sahip olan bir \u00fcr\u00fcnd\u00fcr. Bu \u00f6zelli\u011fi sayesinde, g\u00fcr\u00fclt\u00fc kirlili\u011fi olu\u015fumunu engeller. &nbsp; Bilgisayar Performans\u0131na Etkileri Bilgisayar kullan\u0131m\u0131 sa\u011flarken y\u00fcksek performans harcanmas\u0131 gereken uygulamalar a\u015f\u0131r\u0131 \u0131s\u0131nmalara sebep olmaktad\u0131r. Is\u0131nmalar da bilgisayar performans\u0131n\u0131 d\u00fc\u015f\u00fcr\u00fcr. So\u011futucu fan kullan\u0131m\u0131 sayesinde bilgisayar\u0131n\u0131z \u0131s\u0131nmaz ve bilgisayar\u0131n\u0131z\u0131n performans\u0131nda [&hellip;]<\/p>\n","protected":false},"featured_media":82,"comment_status":"open","ping_status":"closed","template":"","meta":[],"product_cat":[21],"product_tag":[],"class_list":{"0":"post-81","1":"product","2":"type-product","3":"status-publish","4":"has-post-thumbnail","6":"product_cat-kasa-fanlari","8":"first","9":"outofstock","10":"shipping-taxable","11":"purchasable","12":"product-type-simple"},"_links":{"self":[{"href":"http:\/\/www.rsateknoloji.com.tr\/index.php?rest_route=\/wp\/v2\/product\/81","targetHints":{"allow":["GET"]}}],"collection":[{"href":"http:\/\/www.rsateknoloji.com.tr\/index.php?rest_route=\/wp\/v2\/product"}],"about":[{"href":"http:\/\/www.rsateknoloji.com.tr\/index.php?rest_route=\/wp\/v2\/types\/product"}],"replies":[{"embeddable":true,"href":"http:\/\/www.rsateknoloji.com.tr\/index.php?rest_route=%2Fwp%2Fv2%2Fcomments&post=81"}],"wp:featuredmedia":[{"embeddable":true,"href":"http:\/\/www.rsateknoloji.com.tr\/index.php?rest_route=\/wp\/v2\/media\/82"}],"wp:attachment":[{"href":"http:\/\/www.rsateknoloji.com.tr\/index.php?rest_route=%2Fwp%2Fv2%2Fmedia&parent=81"}],"wp:term":[{"taxonomy":"product_cat","embeddable":true,"href":"http:\/\/www.rsateknoloji.com.tr\/index.php?rest_route=%2Fwp%2Fv2%2Fproduct_cat&post=81"},{"taxonomy":"product_tag","embeddable":true,"href":"http:\/\/www.rsateknoloji.com.tr\/index.php?rest_route=%2Fwp%2Fv2%2Fproduct_tag&post=81"}],"curies":[{"name":"wp","href":"https:\/\/api.w.org\/{rel}","templated":true}]}}